{"id":64074,"date":"2025-11-11T08:59:00","date_gmt":"2025-11-11T08:59:00","guid":{"rendered":"https:\/\/comfycat.com\/product\/collapsible-pet-tunnel-funnylback-up-1\/"},"modified":"2026-04-14T04:14:12","modified_gmt":"2026-04-14T04:14:12","slug":"collapsible-pet-tunnel-funnylback-up-1","status":"publish","type":"product","link":"https:\/\/comfycat.com\/sv\/produkt\/collapsible-pet-tunnel-funnylback-up-1\/","title":{"rendered":"Collapsible Pet Tunnel Trixie Green Grey \u00d8 15 \u00d7 35 CM"},"content":{"rendered":"<p>If you are looking for new market trending items, we present the <b>Collapsible Pet Tunnel Trixie Green Grey \u00d8 15 \u00d7 35 CM<\/b>!<\/p>\n<ul>\n<li>Colour:\n<ul>\n<li>Green<\/li>\n<li>Grey<\/li>\n<\/ul>\n<\/li>\n<li>Approx. dimensions: \u00d8 15 \u00d7 35 CM<\/li>\n<li>Pet: Guinea pig<\/li>\n<li>Material: Polyester<\/li>\n<\/ul>\n","protected":false},"excerpt":{"rendered":"<p>If you are looking for new market trending items, we present the Collapsible Pet Tunnel Trixie Green Grey \u00d8 15 \u00d7 35 CM! Colour: Green Grey Approx. dimensions: \u00d8 15 \u00d7 35 CM Pet: Guinea pig Material: Polyester<\/p>\n","protected":false},"featured_media":81735,"comment_status":"open","ping_status":"closed","template":"","meta":{"_acf_changed":false},"product_brand":[],"product_cat":[369,370,372],"product_tag":[],"class_list":{"0":"post-64074","1":"product","2":"type-product","3":"status-publish","4":"has-post-thumbnail","6":"product_cat-hem-tradgard","7":"product_cat-husdjur","8":"product_cat-leksaker","10":"first","11":"instock","12":"shipping-taxable","13":"purchasable","14":"product-type-simple"},"acf":[],"aioseo_notices":[],"_links":{"self":[{"href":"https:\/\/comfycat.com\/sv\/wp-json\/wp\/v2\/product\/64074","targetHints":{"allow":["GET"]}}],"collection":[{"href":"https:\/\/comfycat.com\/sv\/wp-json\/wp\/v2\/product"}],"about":[{"href":"https:\/\/comfycat.com\/sv\/wp-json\/wp\/v2\/types\/product"}],"replies":[{"embeddable":true,"href":"https:\/\/comfycat.com\/sv\/wp-json\/wp\/v2\/comments?post=64074"}],"wp:featuredmedia":[{"embeddable":true,"href":"https:\/\/comfycat.com\/sv\/wp-json\/wp\/v2\/media\/81735"}],"wp:attachment":[{"href":"https:\/\/comfycat.com\/sv\/wp-json\/wp\/v2\/media?parent=64074"}],"wp:term":[{"taxonomy":"product_brand","embeddable":true,"href":"https:\/\/comfycat.com\/sv\/wp-json\/wp\/v2\/product_brand?post=64074"},{"taxonomy":"product_cat","embeddable":true,"href":"https:\/\/comfycat.com\/sv\/wp-json\/wp\/v2\/product_cat?post=64074"},{"taxonomy":"product_tag","embeddable":true,"href":"https:\/\/comfycat.com\/sv\/wp-json\/wp\/v2\/product_tag?post=64074"}],"curies":[{"name":"wp","href":"https:\/\/api.w.org\/{rel}","templated":true}]}}