{"id":69489,"date":"2025-11-11T08:41:39","date_gmt":"2025-11-11T08:41:39","guid":{"rendered":"https:\/\/comfycat.com\/product\/anti-stress-pet-bed-bepess\/"},"modified":"2026-02-23T17:41:43","modified_gmt":"2026-02-23T17:41:43","slug":"anti-stress-pet-bed-bepess","status":"publish","type":"product","link":"https:\/\/comfycat.com\/it\/prodotto\/anti-stress-pet-bed-bepess\/","title":{"rendered":"Letto antistress per animali domestici Bepess InnovaGoods \u00d8 60 cm"},"content":{"rendered":"<div class=\"col-md-6\">Se siete appassionati del mondo dei gadget, <b>InnovaGoods<\/b> vi offre le migliori e pi\u00f9 originali novit\u00e0 per la casa, l&#8217;auto, i viaggi, i bambini, la tecnologia, l&#8217;intrattenimento, ecc! Scoprite un&#8217;ampia gamma di prodotti di alta qualit\u00e0 che si distinguono per funzionalit\u00e0, efficienza e design innovativo, come il <b>letto antistress per animali domestici Bepess InnovaGoods \u00d8 60 cm<\/b>!<\/p>\n<p>Il <b>letto antistress per animali domestici Bepess<br \/>\nInnovaGoods<\/b> aiuta a ridurre e alleviare lo<br \/>\nstress e l&#8217;ansia degli animali, offrendo una piacevole sensazione di calma e<br \/>\nbenessere. Questo comodo e morbido <b>letto per animali domestici <\/b>\u00e8 ideale per<br \/>\nrilassare gli animali e farli dormire e riposare meglio, appoggiando la testa sul suo<br \/>\nbordo rialzato in totale comodit\u00e0. <\/p>\n<\/p>\n<ul>\n<li>Realizzato in poliestere<br \/>\n(95%) e tessuto Oxford (5%)<\/li>\n<li>Design moderno, robusto ed elegante<br \/>\n, colore grigio<\/li>\n<li><b>Letto per cani, gatti<br \/>\ne altri animali domestici  <\/b><\/li>\n<li><b>Forma rotonda con bordo rialzato<br \/>\n<\/b>(circa: \u00d8 60 x 18 cm)<\/li>\n<li><b>Extra-morbido, spugnoso,<br \/>\nsoffice, caldo, ultra-leggero<\/b><\/li>\n<li><b>Estremamente<br \/>\nconfortevole, accogliente <\/b>e piacevole al tatto<\/li>\n<li><b>Base antiscivolo e impermeabile<br \/>\n<\/b><\/li>\n<li><b>Rilassante e<br \/>\ncalmante, favorisce il sonno e il riposo<\/b><\/li>\n<li><b>Uso consigliato per animali domestici di media taglia<\/b><\/li>\n<li>Facile da pulire a mano<br \/>\nlavaggio<\/li>\n<li><b>Confezionato sotto vuoto, <\/b>facile da trasportare e conservare<\/li>\n<\/ul>\n<p>Questo <b>letto circolare<br \/>\ncon bordo rialzato <\/b>crea nell&#8217;animale una sensazione di sicurezza e protezione,<br \/>\nfornendo sostegno alla testa e al collo come un cuscino. Inoltre,<br \/>\nla sua generosa imbottitura interna e la sua superficie ultra-morbida con cuciture nascoste rendono questo<br \/>\nletto il sogno di ogni animale domestico. <\/p>\n<p>Questo <b>letto antistress per animali domestici<br \/>\n<\/b>\u00e8 confezionato sottovuoto all&#8217;interno della scatola. Quando si apre la scatola e si estrae<br \/>\ndall&#8217;imballaggio, \u00e8 necessario stenderlo, scuoterlo e attendere circa 4<br \/>\nore affinch\u00e9 assuma la sua forma ottimale e normale. Si consiglia di posizionare un<br \/>\ngiocattolo sul letto per evitare che gli animali domestici ne mordano i bordi e per prevenire danni e<br \/>\ndeterioramento.  <\/p>\n<\/p>\n<ul>\n<li>Materiale:\n<ul>\n<li>Poliestere<\/li>\n<li>Tessuto Oxford<\/li>\n<\/ul>\n<\/li>\n<li>Colore: Grigio<\/li>\n<li>Tipo: Letto per animali domestici<\/li>\n<li>Forma: Circolare<\/li>\n<li>Design moderno ed elegante: Innovativo e funzionale<\/li>\n<li>Comodo e confortevole: Tocco morbido e piacevole<\/li>\n<li>Base antiscivolo: Superficie impermeabile<\/li>\n<li>Ultra leggero: Facile da trasportare e riporre<\/li>\n<li>Facile da pulire: Lavare a mano<\/li>\n<li>Adatto per cani e altri animali domestici: Animali domestici di piccola e media taglia<\/li>\n<li>Caratteristiche: Favorisce il sonno e il riposo<\/li>\n<li>Effetti benefici: Propriet\u00e0 rilassanti e calmanti<\/li>\n<li>Circa. diametro: \u00d8 60 cm <\/li>\n<li>Circa. altezza: 18 cm <\/li>\n<li>Imballaggio: Sottovuoto<\/li>\n<li>Confezione in 24 lingue: Inglese, francese, spagnolo, tedesco, italiano, portoghese, olandese, polacco, ungherese, rumeno, danese, svedese, finlandese, lituano, norvegese, sloveno, greco, ceco, bulgaro, croato, slovacco, estone, russo e lettone.<\/li>\n<\/ul>\n<p>Confezione in 24 lingue: Inglese, francese, spagnolo, tedesco, italiano, portoghese, olandese, polacco, ungherese, rumeno, danese, svedese, finlandese, lituano, norvegese, sloveno, greco, ceco, bulgaro, croato, slovacco, estone, russo e lettone.<\/p><\/div>\n<div class=\"col-md-6\">\n<div class=\"embed-responsive embed-responsive-16by9\"><iframe class=\"embed-responsive-item\" src=\"https:\/\/www.youtube.com\/embed\/cxD11zegWxQ\" frameborder=\"0\" allowfullscreen=\"\"><\/iframe><\/div>\n<\/div>\n","protected":false},"excerpt":{"rendered":"<p>Se siete appassionati del mondo dei gadget, InnovaGoods vi offre le migliori e pi\u00f9 originali novit\u00e0 per la casa, l&#8217;auto, i viaggi, i bambini, la tecnologia, l&#8217;intrattenimento, ecc! Scoprite un&#8217;ampia gamma di prodotti di alta qualit\u00e0 che si distinguono per funzionalit\u00e0, efficienza e design innovativo, come il letto antistress per animali domestici Bepess InnovaGoods \u00d8 [&hellip;]<\/p>\n","protected":false},"featured_media":70052,"comment_status":"open","ping_status":"closed","template":"","meta":{"_acf_changed":false},"product_brand":[],"product_cat":[253,252,304],"product_tag":[261,457],"class_list":{"0":"post-69489","1":"product","2":"type-product","3":"status-publish","4":"has-post-thumbnail","6":"product_cat-animali-domestici","7":"product_cat-casa-giardino","8":"product_cat-letti-e-materassi","9":"product_tag-offerte-speciali","10":"product_tag-tag_587-it","12":"first","13":"instock","14":"shipping-taxable","15":"purchasable","16":"product-type-simple"},"acf":[],"aioseo_notices":[],"_links":{"self":[{"href":"https:\/\/comfycat.com\/it\/wp-json\/wp\/v2\/product\/69489","targetHints":{"allow":["GET"]}}],"collection":[{"href":"https:\/\/comfycat.com\/it\/wp-json\/wp\/v2\/product"}],"about":[{"href":"https:\/\/comfycat.com\/it\/wp-json\/wp\/v2\/types\/product"}],"replies":[{"embeddable":true,"href":"https:\/\/comfycat.com\/it\/wp-json\/wp\/v2\/comments?post=69489"}],"wp:featuredmedia":[{"embeddable":true,"href":"https:\/\/comfycat.com\/it\/wp-json\/wp\/v2\/media\/70052"}],"wp:attachment":[{"href":"https:\/\/comfycat.com\/it\/wp-json\/wp\/v2\/media?parent=69489"}],"wp:term":[{"taxonomy":"product_brand","embeddable":true,"href":"https:\/\/comfycat.com\/it\/wp-json\/wp\/v2\/product_brand?post=69489"},{"taxonomy":"product_cat","embeddable":true,"href":"https:\/\/comfycat.com\/it\/wp-json\/wp\/v2\/product_cat?post=69489"},{"taxonomy":"product_tag","embeddable":true,"href":"https:\/\/comfycat.com\/it\/wp-json\/wp\/v2\/product_tag?post=69489"}],"curies":[{"name":"wp","href":"https:\/\/api.w.org\/{rel}","templated":true}]}}