{"id":64072,"date":"2025-11-11T08:59:00","date_gmt":"2025-11-11T08:59:00","guid":{"rendered":"https:\/\/comfycat.com\/product\/collapsible-pet-tunnel-funnylback-up-1\/"},"modified":"2026-04-09T08:41:19","modified_gmt":"2026-04-09T08:41:19","slug":"collapsible-pet-tunnel-funnylback-up-1","status":"publish","type":"product","link":"https:\/\/comfycat.com\/it\/prodotto\/collapsible-pet-tunnel-funnylback-up-1\/","title":{"rendered":"Tunnel pieghevole per animali Trixie Verde Grigio \u00d8 15 \u00d7 35 CM"},"content":{"rendered":"<p>Se siete alla ricerca di nuovi articoli di tendenza sul mercato, vi presentiamo il <b>Tunnel pieghevole per animali domestici Trixie Verde Grigio \u00d8 15 \u00d7 35 CM<\/b>!<\/p>\n<ul>\n<li>Colore:\n<ul>\n<li>Verde<\/li>\n<li>Grigio<\/li>\n<\/ul>\n<\/li>\n<li>Dimensioni approssimative: \u00d8 15 \u00d7 35 CM <\/li>\n<li>Animale domestico: porcellino d&#8217;India<\/li>\n<li>Materiale: Poliestere<\/li>\n<\/ul>\n","protected":false},"excerpt":{"rendered":"<p>Se siete alla ricerca di nuovi articoli di tendenza sul mercato, vi presentiamo il Tunnel pieghevole per animali domestici Trixie Verde Grigio \u00d8 15 \u00d7 35 CM! Colore: Verde Grigio Dimensioni approssimative: \u00d8 15 \u00d7 35 CM Animale domestico: porcellino d&#8217;India Materiale: Poliestere<\/p>\n","protected":false},"featured_media":77007,"comment_status":"open","ping_status":"closed","template":"","meta":{"_acf_changed":false},"product_brand":[],"product_cat":[253,252,291],"product_tag":[],"class_list":{"0":"post-64072","1":"product","2":"type-product","3":"status-publish","4":"has-post-thumbnail","6":"product_cat-animali-domestici","7":"product_cat-casa-giardino","8":"product_cat-giocattoli","10":"first","11":"instock","12":"shipping-taxable","13":"purchasable","14":"product-type-simple"},"acf":[],"aioseo_notices":[],"_links":{"self":[{"href":"https:\/\/comfycat.com\/it\/wp-json\/wp\/v2\/product\/64072","targetHints":{"allow":["GET"]}}],"collection":[{"href":"https:\/\/comfycat.com\/it\/wp-json\/wp\/v2\/product"}],"about":[{"href":"https:\/\/comfycat.com\/it\/wp-json\/wp\/v2\/types\/product"}],"replies":[{"embeddable":true,"href":"https:\/\/comfycat.com\/it\/wp-json\/wp\/v2\/comments?post=64072"}],"wp:featuredmedia":[{"embeddable":true,"href":"https:\/\/comfycat.com\/it\/wp-json\/wp\/v2\/media\/77007"}],"wp:attachment":[{"href":"https:\/\/comfycat.com\/it\/wp-json\/wp\/v2\/media?parent=64072"}],"wp:term":[{"taxonomy":"product_brand","embeddable":true,"href":"https:\/\/comfycat.com\/it\/wp-json\/wp\/v2\/product_brand?post=64072"},{"taxonomy":"product_cat","embeddable":true,"href":"https:\/\/comfycat.com\/it\/wp-json\/wp\/v2\/product_cat?post=64072"},{"taxonomy":"product_tag","embeddable":true,"href":"https:\/\/comfycat.com\/it\/wp-json\/wp\/v2\/product_tag?post=64072"}],"curies":[{"name":"wp","href":"https:\/\/api.w.org\/{rel}","templated":true}]}}