{"id":64066,"date":"2025-11-05T09:52:26","date_gmt":"2025-11-05T09:52:26","guid":{"rendered":"https:\/\/comfycat.com\/product\/rechargeable-cat-water-fountain-with-sensor-refopet-innovagoods\/"},"modified":"2026-03-16T14:01:28","modified_gmt":"2026-03-16T14:01:28","slug":"rechargeable-cat-water-fountain-with-sensor-refopet-innovagoods","status":"publish","type":"product","link":"https:\/\/comfycat.com\/it\/prodotto\/rechargeable-cat-water-fountain-with-sensor-refopet-innovagoods\/","title":{"rendered":"Fontana d&#8217;acqua per gatti ricaricabile con sensore Refopet InnovaGoods"},"content":{"rendered":"<div class=\"col-md-6\">Se siete appassionati del mondo dei gadget, <b>InnovaGoods<\/b> vi offre le migliori e pi\u00f9 originali novit\u00e0 per la casa, l&#8217;auto, i viaggi, i bambini, la tecnologia, l&#8217;intrattenimento, ecc! Scoprite un&#8217;ampia gamma di prodotti di alta qualit\u00e0 che si distinguono per funzionalit\u00e0, efficienza e design innovativo, come la <b>Fontana dell&#8217;acqua per gatti ricaricabile con sensore Refopet InnovaGoods<\/b>!<\/p>\n<p>Questa <b>fontanella ricaricabile per gatti con sensore di movimento<\/b> consente agli animali domestici di bere comodamente acqua fresca e pulita di migliore qualit\u00e0. Silenziosa, portatile, serbatoio da 3 L, facile da pulire. Include 3 filtri e cavo USB-C. Flusso: 12 L\/h.   <\/p>\n<p>Una moderna <b>fontanella per animali domestici,<\/b> ideale per i gatti, che preferiscono bere acqua in movimento (non ferma), ma adatta anche a cani, conigli, uccelli, ecc.<\/p>\n<ul>\n<li><b>Fontana d&#8217;acqua per gatti e altri animali domestici<\/b>: la nostra fontana d&#8217;acqua per animali domestici \u00e8 perfetta per dissetare gli animali con acqua della migliore qualit\u00e0. Sebbene sia ideale per i gatti, che preferiscono bere acqua in movimento (non ferma), \u00e8 adatta anche a cani, conigli, uccelli, ecc. <\/li>\n<li><b>Acqua pi\u00f9 fresca e pulita<\/b>: questa fontanella ricaricabile per animali domestici \u00e8 dotata di una pompa interna (1W) che consente un flusso automatico di acqua (12 L\/h). Poich\u00e9 si muove regolarmente, l&#8217;acqua \u00e8 pi\u00f9 fresca e pulita rispetto a una tradizionale ciotola per bere. <\/li>\n<li><b>3 filtri e sensore di movimento<\/b>: questa fontanella automatica per gatti \u00e8 dotata di un sensore che la attiva quando rileva un movimento (120\u00ba-1,5 m). Include 1 filtro (+ 2 di ricambio) per purificare l&#8217;acqua, eliminando le impurit\u00e0. Il filtro \u00e8 lavabile e riutilizzabile (durata circa 3-4 mesi). Pu\u00f2 essere utilizzato anche senza filtro.   <\/li>\n<li><b>Silenziosa, capacit\u00e0 3 L<\/b>: Questa fontanella per gatti \u00e8 silenziosa, quindi gli animali domestici possono bere in tutta tranquillit\u00e0 senza che i rumori li spaventino. Il serbatoio traslucido consente di vedere il livello dell&#8217;acqua e di riempirlo quando necessario. Si consiglia di lavare la fontanella e di cambiare l&#8217;acqua almeno una volta alla settimana.  <\/li>\n<li><b>Ricaricabile, portatile<\/b>: la nostra fontanella per animali domestici funziona a batteria (Li-Ion 2000 mAh \/ 7,4 W), quindi pu\u00f2 essere utilizzata ovunque (prima carica: circa 6 ore). Include un cavo USB-C. Una carica completa pu\u00f2 durare fino a una settimana. Funziona anche con il cavo USB collegato alla rete elettrica.   <\/li>\n<\/ul>\n<ul>\n<li>Materiale:\n<ul>\n<li>ABS<\/li>\n<li>polipropilene<\/li>\n<\/ul>\n<\/li>\n<li>Colore:\n<ul>\n<li>Bianco<\/li>\n<li>Grigio<\/li>\n<\/ul>\n<\/li>\n<li>Tipo: Distributore d&#8217;acqua\/Fontana d&#8217;acqua<\/li>\n<li>Capacit\u00e0: 3 L<\/li>\n<li>Design moderno: Originale e portatile<\/li>\n<li>Caratteristiche: Silenzioso<\/li>\n<li>Sensore di movimento: 120\u00ba &#8211; 1,5 m<\/li>\n<li>Contenitore dell&#8217;acqua: Visualizzazione facile e veloce del contenuto<\/li>\n<li>Include: Set di filtri<\/li>\n<li>Filtra le impurit\u00e0 dell&#8217;acqua: Migliora la qualit\u00e0 dell&#8217;acqua<\/li>\n<li>Uso principale: Gatti<\/li>\n<li>uso secondario: Adatto per cani e altri animali domestici<\/li>\n<li>Facile da pulire: Lavabile<\/li>\n<li>Potenza: 1 W<\/li>\n<li>Flusso d&#8217;acqua: 12 L\/h<\/li>\n<li>Ricaricabile: Include un cavo USB-C<\/li>\n<li>Tipo di batteria: Ioni di litio<\/li>\n<li>Capacit\u00e0 della batteria: 2000 mAh \/ 7,4 W<\/li>\n<li>Circa. tempo di ricarica: 6 ore <\/li>\n<li>Circa. autonomia: Fino a 7 giorni <\/li>\n<li>Ingresso DC: 5 V \/ 1 A<\/li>\n<li>Circa. Dimensioni: 20,7 x 17,5 x 17,7 cm <\/li>\n<\/ul>\n<p>Confezione e manuale in 24 lingue: Inglese, francese, spagnolo, tedesco, italiano, portoghese, olandese, polacco, ungherese, rumeno, danese, svedese, finlandese, lituano, norvegese, sloveno, greco, ceco, bulgaro, croato, slovacco, estone, russo e lettone.<\/p><\/div>\n<div class=\"col-md-6\">\n<div class=\"embed-responsive embed-responsive-16by9\"><iframe class=\"embed-responsive-item lazyload\" data-src=\"https:\/\/www.youtube.com\/embed\/FENJFdXKRLE\" frameborder=\"0\" allowfullscreen=\"\" src=\"data:image\/svg+xml;base64,PHN2ZyB3aWR0aD0iMSIgaGVpZ2h0PSIxIiB4bWxucz0iaHR0cDovL3d3dy53My5vcmcvMjAwMC9zdmciPjwvc3ZnPg==\" data-load-mode=\"1\"><\/iframe><\/div>\n<\/div>\n","protected":false},"excerpt":{"rendered":"<p><span class=\"unit-info\">13.4133 \u20ac \/ 1 l<\/span><\/p>\n","protected":false},"featured_media":69433,"comment_status":"open","ping_status":"closed","template":"","meta":{"_acf_changed":false},"product_brand":[],"product_cat":[254,253,252],"product_tag":[296,261],"class_list":{"0":"post-64066","1":"product","2":"type-product","3":"status-publish","4":"has-post-thumbnail","6":"product_cat-abbeveratoi-e-mangiatoie","7":"product_cat-animali-domestici","8":"product_cat-casa-giardino","9":"product_tag-hardware-it","10":"product_tag-offerte-speciali","12":"first","13":"outofstock","14":"sale","15":"shipping-taxable","16":"purchasable","17":"product-type-simple"},"acf":[],"aioseo_notices":[],"_links":{"self":[{"href":"https:\/\/comfycat.com\/it\/wp-json\/wp\/v2\/product\/64066","targetHints":{"allow":["GET"]}}],"collection":[{"href":"https:\/\/comfycat.com\/it\/wp-json\/wp\/v2\/product"}],"about":[{"href":"https:\/\/comfycat.com\/it\/wp-json\/wp\/v2\/types\/product"}],"replies":[{"embeddable":true,"href":"https:\/\/comfycat.com\/it\/wp-json\/wp\/v2\/comments?post=64066"}],"wp:featuredmedia":[{"embeddable":true,"href":"https:\/\/comfycat.com\/it\/wp-json\/wp\/v2\/media\/69433"}],"wp:attachment":[{"href":"https:\/\/comfycat.com\/it\/wp-json\/wp\/v2\/media?parent=64066"}],"wp:term":[{"taxonomy":"product_brand","embeddable":true,"href":"https:\/\/comfycat.com\/it\/wp-json\/wp\/v2\/product_brand?post=64066"},{"taxonomy":"product_cat","embeddable":true,"href":"https:\/\/comfycat.com\/it\/wp-json\/wp\/v2\/product_cat?post=64066"},{"taxonomy":"product_tag","embeddable":true,"href":"https:\/\/comfycat.com\/it\/wp-json\/wp\/v2\/product_tag?post=64066"}],"curies":[{"name":"wp","href":"https:\/\/api.w.org\/{rel}","templated":true}]}}