{"id":72253,"date":"2025-11-17T08:08:07","date_gmt":"2025-11-17T08:08:07","guid":{"rendered":"https:\/\/comfycat.com\/product\/dry-shampoo-pet-head-felin-good-cat-foam\/"},"modified":"2026-03-13T06:51:55","modified_gmt":"2026-03-13T06:51:55","slug":"dry-shampoo-pet-head-felin-good-cat-foam","status":"publish","type":"product","link":"https:\/\/comfycat.com\/fr\/produit\/dry-shampoo-pet-head-felin-good-cat-foam\/","title":{"rendered":"Shampooing sec Pet Head Felin&#8217; Good Cat Foam"},"content":{"rendered":"<p>Si vous \u00eates \u00e0 la recherche de nouveaux articles tendance, nous vous pr\u00e9sentons le <b>shampooing sec Pet Head Felin&#8217; Good Foam Cat (200 ml)<\/b>!<\/p>\n<ul>\n<li>Type :\n<ul>\n<li>Animaux de compagnie<\/li>\n<li>Shampooing sec<\/li>\n<\/ul>\n<\/li>\n<li>Animal de compagnie : chat<\/li>\n<li>Texture : Mousse<\/li>\n<li>Capacit\u00e9 : 200 ml<\/li>\n<li>Ingr\u00e9dients :\n<ul>\n<li>Citral<\/li>\n<li>Acide citrique<\/li>\n<li>Fenoxietanol<\/li>\n<li>Etilhexilglicerina<\/li>\n<li>Sorbate de potassium<\/li>\n<li>Chlorure de sodium<\/li>\n<li>Polysorbate 20<\/li>\n<\/ul>\n<\/li>\n<\/ul>\n","protected":false},"excerpt":{"rendered":"<p><span class=\"unit-info\">5.9850 \u20ac \/ 100 ml<\/span><\/p>\n","protected":false},"featured_media":69893,"comment_status":"open","ping_status":"closed","template":"","meta":{"_acf_changed":false},"product_brand":[],"product_cat":[210,211,209],"product_tag":[283],"class_list":{"0":"post-72253","1":"product","2":"type-product","3":"status-publish","4":"has-post-thumbnail","6":"product_cat-animaux-de-compagnie","7":"product_cat-bien-etre-et-hygiene","8":"product_cat-maison-jardin","9":"product_tag-bonnes-affaires","11":"first","12":"outofstock","13":"shipping-taxable","14":"purchasable","15":"product-type-simple"},"acf":[],"aioseo_notices":[],"_links":{"self":[{"href":"https:\/\/comfycat.com\/fr\/wp-json\/wp\/v2\/product\/72253","targetHints":{"allow":["GET"]}}],"collection":[{"href":"https:\/\/comfycat.com\/fr\/wp-json\/wp\/v2\/product"}],"about":[{"href":"https:\/\/comfycat.com\/fr\/wp-json\/wp\/v2\/types\/product"}],"replies":[{"embeddable":true,"href":"https:\/\/comfycat.com\/fr\/wp-json\/wp\/v2\/comments?post=72253"}],"wp:featuredmedia":[{"embeddable":true,"href":"https:\/\/comfycat.com\/fr\/wp-json\/wp\/v2\/media\/69893"}],"wp:attachment":[{"href":"https:\/\/comfycat.com\/fr\/wp-json\/wp\/v2\/media?parent=72253"}],"wp:term":[{"taxonomy":"product_brand","embeddable":true,"href":"https:\/\/comfycat.com\/fr\/wp-json\/wp\/v2\/product_brand?post=72253"},{"taxonomy":"product_cat","embeddable":true,"href":"https:\/\/comfycat.com\/fr\/wp-json\/wp\/v2\/product_cat?post=72253"},{"taxonomy":"product_tag","embeddable":true,"href":"https:\/\/comfycat.com\/fr\/wp-json\/wp\/v2\/product_tag?post=72253"}],"curies":[{"name":"wp","href":"https:\/\/api.w.org\/{rel}","templated":true}]}}