{"id":72231,"date":"2025-11-17T08:08:14","date_gmt":"2025-11-17T08:08:14","guid":{"rendered":"https:\/\/comfycat.com\/product\/pet-hair-remover-roller-silicone\/"},"modified":"2026-02-27T02:51:18","modified_gmt":"2026-02-27T02:51:18","slug":"pet-hair-remover-roller-silicone","status":"publish","type":"product","link":"https:\/\/comfycat.com\/fr\/produit\/pet-hair-remover-roller-silicone\/","title":{"rendered":"Rouleau \u00e9pilateur pour animaux de compagnie en silicone"},"content":{"rendered":"<p>Si vous \u00eates \u00e0 la recherche de nouveaux articles tendance, nous vous pr\u00e9sentons le <b>rouleau \u00e9pilateur en silicone pour animaux de compagnie<\/b>!<\/p>\n<ul>\n<li>Mat\u00e9riau : Silicone<\/li>\n<li>Caract\u00e9ristiques :\n<ul>\n<li>Manuel<\/li>\n<li>Automatique<\/li>\n<\/ul>\n<\/li>\n<li>Couleur : neutre<\/li>\n<\/ul>\n","protected":false},"excerpt":{"rendered":"<p>Si vous \u00eates \u00e0 la recherche de nouveaux articles tendance, nous vous pr\u00e9sentons le rouleau \u00e9pilateur en silicone pour animaux de compagnie! Mat\u00e9riau : Silicone Caract\u00e9ristiques : Manuel Automatique Couleur : neutre<\/p>\n","protected":false},"featured_media":69935,"comment_status":"open","ping_status":"closed","template":"","meta":{"_acf_changed":false},"product_brand":[],"product_cat":[210,211,209],"product_tag":[],"class_list":{"0":"post-72231","1":"product","2":"type-product","3":"status-publish","4":"has-post-thumbnail","6":"product_cat-animaux-de-compagnie","7":"product_cat-bien-etre-et-hygiene","8":"product_cat-maison-jardin","10":"first","11":"outofstock","12":"shipping-taxable","13":"purchasable","14":"product-type-simple"},"acf":[],"aioseo_notices":[],"_links":{"self":[{"href":"https:\/\/comfycat.com\/fr\/wp-json\/wp\/v2\/product\/72231","targetHints":{"allow":["GET"]}}],"collection":[{"href":"https:\/\/comfycat.com\/fr\/wp-json\/wp\/v2\/product"}],"about":[{"href":"https:\/\/comfycat.com\/fr\/wp-json\/wp\/v2\/types\/product"}],"replies":[{"embeddable":true,"href":"https:\/\/comfycat.com\/fr\/wp-json\/wp\/v2\/comments?post=72231"}],"wp:featuredmedia":[{"embeddable":true,"href":"https:\/\/comfycat.com\/fr\/wp-json\/wp\/v2\/media\/69935"}],"wp:attachment":[{"href":"https:\/\/comfycat.com\/fr\/wp-json\/wp\/v2\/media?parent=72231"}],"wp:term":[{"taxonomy":"product_brand","embeddable":true,"href":"https:\/\/comfycat.com\/fr\/wp-json\/wp\/v2\/product_brand?post=72231"},{"taxonomy":"product_cat","embeddable":true,"href":"https:\/\/comfycat.com\/fr\/wp-json\/wp\/v2\/product_cat?post=72231"},{"taxonomy":"product_tag","embeddable":true,"href":"https:\/\/comfycat.com\/fr\/wp-json\/wp\/v2\/product_tag?post=72231"}],"curies":[{"name":"wp","href":"https:\/\/api.w.org\/{rel}","templated":true}]}}