{"id":72092,"date":"2025-11-05T08:50:18","date_gmt":"2025-11-05T08:50:18","guid":{"rendered":"https:\/\/comfycat.com\/product\/cat-litter-gloria-active-charcoal-neutral-15-kg\/"},"modified":"2026-04-13T10:49:16","modified_gmt":"2026-04-13T10:49:16","slug":"cat-litter-gloria-active-charcoal-neutral-15-kg","status":"publish","type":"product","link":"https:\/\/comfycat.com\/fr\/produit\/cat-litter-gloria-active-charcoal-neutral-15-kg\/","title":{"rendered":"Liti\u00e8re pour chat Gloria Active charbon Neutre 15 kg"},"content":{"rendered":"<p>Si vous \u00eates \u00e0 la recherche de nouveaux articles tendance, nous vous pr\u00e9sentons la <b>liti\u00e8re pour chat Gloria Active charcoal Neutral 15 kg<\/b>!<\/p>\n","protected":false},"excerpt":{"rendered":"<p><span class=\"unit-info\">1,2653 \u20ac \/ 1 kg<\/span><\/p>\n","protected":false},"featured_media":69873,"comment_status":"open","ping_status":"closed","template":"","meta":{"_acf_changed":false},"product_brand":[],"product_cat":[210,211,209],"product_tag":[],"class_list":{"0":"post-72092","1":"product","2":"type-product","3":"status-publish","4":"has-post-thumbnail","6":"product_cat-animaux-de-compagnie","7":"product_cat-bien-etre-et-hygiene","8":"product_cat-maison-jardin","10":"first","11":"outofstock","12":"sale","13":"shipping-taxable","14":"purchasable","15":"product-type-variable-subscription"},"acf":[],"aioseo_notices":[],"_links":{"self":[{"href":"https:\/\/comfycat.com\/fr\/wp-json\/wp\/v2\/product\/72092","targetHints":{"allow":["GET"]}}],"collection":[{"href":"https:\/\/comfycat.com\/fr\/wp-json\/wp\/v2\/product"}],"about":[{"href":"https:\/\/comfycat.com\/fr\/wp-json\/wp\/v2\/types\/product"}],"replies":[{"embeddable":true,"href":"https:\/\/comfycat.com\/fr\/wp-json\/wp\/v2\/comments?post=72092"}],"wp:featuredmedia":[{"embeddable":true,"href":"https:\/\/comfycat.com\/fr\/wp-json\/wp\/v2\/media\/69873"}],"wp:attachment":[{"href":"https:\/\/comfycat.com\/fr\/wp-json\/wp\/v2\/media?parent=72092"}],"wp:term":[{"taxonomy":"product_brand","embeddable":true,"href":"https:\/\/comfycat.com\/fr\/wp-json\/wp\/v2\/product_brand?post=72092"},{"taxonomy":"product_cat","embeddable":true,"href":"https:\/\/comfycat.com\/fr\/wp-json\/wp\/v2\/product_cat?post=72092"},{"taxonomy":"product_tag","embeddable":true,"href":"https:\/\/comfycat.com\/fr\/wp-json\/wp\/v2\/product_tag?post=72092"}],"curies":[{"name":"wp","href":"https:\/\/api.w.org\/{rel}","templated":true}]}}