{"id":69794,"date":"2025-11-17T08:08:11","date_gmt":"2025-11-17T08:08:11","guid":{"rendered":"https:\/\/comfycat.com\/product\/dematting-comb-hunter-51-x-37-x-33-cm\/"},"modified":"2026-02-18T13:46:18","modified_gmt":"2026-02-18T13:46:18","slug":"dematting-comb-hunter-51-x-37-x-33-cm","status":"publish","type":"product","link":"https:\/\/comfycat.com\/fr\/produit\/dematting-comb-hunter-51-x-37-x-33-cm\/","title":{"rendered":"Peigne de d\u00e9mattage Hunter 51 x 37 x 33 cm"},"content":{"rendered":"<p>Si vous \u00eates \u00e0 la recherche de nouveaux articles tendance, nous vous pr\u00e9sentons le <b>peigne de d\u00e9mattage Hunter 51 x 37 x 33 cm<\/b>!<\/p>\n<ul>\n<li>Taille : 11<\/li>\n<li>Type : Animaux de compagnie<\/li>\n<li>Utilisation recommand\u00e9e :\n<ul>\n<li>Chien<\/li>\n<li>Cheveux longs<\/li>\n<li>\u00e0 poil court<\/li>\n<\/ul>\n<\/li>\n<li>Dimensions approximatives : 51 x 37 x 33 cm <\/li>\n<\/ul>\n","protected":false},"excerpt":{"rendered":"<p>Si vous \u00eates \u00e0 la recherche de nouveaux articles tendance, nous vous pr\u00e9sentons le peigne de d\u00e9mattage Hunter 51 x 37 x 33 cm! Taille : 11 Type : Animaux de compagnie Utilisation recommand\u00e9e : Chien Cheveux longs \u00e0 poil court Dimensions approximatives : 51 x 37 x 33 cm<\/p>\n","protected":false},"featured_media":69953,"comment_status":"open","ping_status":"closed","template":"","meta":{"_acf_changed":false},"product_brand":[],"product_cat":[210,211,209],"product_tag":[283],"class_list":{"0":"post-69794","1":"product","2":"type-product","3":"status-publish","4":"has-post-thumbnail","6":"product_cat-animaux-de-compagnie","7":"product_cat-bien-etre-et-hygiene","8":"product_cat-maison-jardin","9":"product_tag-bonnes-affaires","11":"first","12":"outofstock","13":"shipping-taxable","14":"purchasable","15":"product-type-simple"},"acf":[],"aioseo_notices":[],"_links":{"self":[{"href":"https:\/\/comfycat.com\/fr\/wp-json\/wp\/v2\/product\/69794","targetHints":{"allow":["GET"]}}],"collection":[{"href":"https:\/\/comfycat.com\/fr\/wp-json\/wp\/v2\/product"}],"about":[{"href":"https:\/\/comfycat.com\/fr\/wp-json\/wp\/v2\/types\/product"}],"replies":[{"embeddable":true,"href":"https:\/\/comfycat.com\/fr\/wp-json\/wp\/v2\/comments?post=69794"}],"wp:featuredmedia":[{"embeddable":true,"href":"https:\/\/comfycat.com\/fr\/wp-json\/wp\/v2\/media\/69953"}],"wp:attachment":[{"href":"https:\/\/comfycat.com\/fr\/wp-json\/wp\/v2\/media?parent=69794"}],"wp:term":[{"taxonomy":"product_brand","embeddable":true,"href":"https:\/\/comfycat.com\/fr\/wp-json\/wp\/v2\/product_brand?post=69794"},{"taxonomy":"product_cat","embeddable":true,"href":"https:\/\/comfycat.com\/fr\/wp-json\/wp\/v2\/product_cat?post=69794"},{"taxonomy":"product_tag","embeddable":true,"href":"https:\/\/comfycat.com\/fr\/wp-json\/wp\/v2\/product_tag?post=69794"}],"curies":[{"name":"wp","href":"https:\/\/api.w.org\/{rel}","templated":true}]}}