{"id":69731,"date":"2025-11-11T10:41:25","date_gmt":"2025-11-11T10:41:25","guid":{"rendered":"https:\/\/comfycat.com\/product\/brush-andis-plastic-blades-51-x-37-x-33-cm\/"},"modified":"2026-02-27T02:34:06","modified_gmt":"2026-02-27T02:34:06","slug":"brush-andis-plastic-blades-51-x-37-x-33-cm","status":"publish","type":"product","link":"https:\/\/comfycat.com\/fr\/produit\/brush-andis-plastic-blades-51-x-37-x-33-cm\/","title":{"rendered":"Brosse Andis Lames en plastique 51 x 37 x 33 cm"},"content":{"rendered":"<p>Si vous \u00eates \u00e0 la recherche de nouveaux articles tendance, nous vous pr\u00e9sentons la <b>brosse Andis Plastic Blades 51 x 37 x 33 cm<\/b>!<\/p>\n<ul>\n<li>Utilisation recommand\u00e9e : Lames<\/li>\n<li>Dimensions approximatives : 51 x 37 x 33 cm <\/li>\n<li>Mat\u00e9riau : Plastique<\/li>\n<\/ul>\n","protected":false},"excerpt":{"rendered":"<p>Si vous \u00eates \u00e0 la recherche de nouveaux articles tendance, nous vous pr\u00e9sentons la brosse Andis Plastic Blades 51 x 37 x 33 cm! Utilisation recommand\u00e9e : Lames Dimensions approximatives : 51 x 37 x 33 cm Mat\u00e9riau : Plastique<\/p>\n","protected":false},"featured_media":70002,"comment_status":"open","ping_status":"closed","template":"","meta":{"_acf_changed":false},"product_brand":[],"product_cat":[210,211,209],"product_tag":[283],"class_list":{"0":"post-69731","1":"product","2":"type-product","3":"status-publish","4":"has-post-thumbnail","6":"product_cat-animaux-de-compagnie","7":"product_cat-bien-etre-et-hygiene","8":"product_cat-maison-jardin","9":"product_tag-bonnes-affaires","11":"first","12":"outofstock","13":"shipping-taxable","14":"purchasable","15":"product-type-simple"},"acf":[],"aioseo_notices":[],"_links":{"self":[{"href":"https:\/\/comfycat.com\/fr\/wp-json\/wp\/v2\/product\/69731","targetHints":{"allow":["GET"]}}],"collection":[{"href":"https:\/\/comfycat.com\/fr\/wp-json\/wp\/v2\/product"}],"about":[{"href":"https:\/\/comfycat.com\/fr\/wp-json\/wp\/v2\/types\/product"}],"replies":[{"embeddable":true,"href":"https:\/\/comfycat.com\/fr\/wp-json\/wp\/v2\/comments?post=69731"}],"wp:featuredmedia":[{"embeddable":true,"href":"https:\/\/comfycat.com\/fr\/wp-json\/wp\/v2\/media\/70002"}],"wp:attachment":[{"href":"https:\/\/comfycat.com\/fr\/wp-json\/wp\/v2\/media?parent=69731"}],"wp:term":[{"taxonomy":"product_brand","embeddable":true,"href":"https:\/\/comfycat.com\/fr\/wp-json\/wp\/v2\/product_brand?post=69731"},{"taxonomy":"product_cat","embeddable":true,"href":"https:\/\/comfycat.com\/fr\/wp-json\/wp\/v2\/product_cat?post=69731"},{"taxonomy":"product_tag","embeddable":true,"href":"https:\/\/comfycat.com\/fr\/wp-json\/wp\/v2\/product_tag?post=69731"}],"curies":[{"name":"wp","href":"https:\/\/api.w.org\/{rel}","templated":true}]}}