{"id":69689,"date":"2025-11-11T10:30:35","date_gmt":"2025-11-11T10:30:35","guid":{"rendered":"https:\/\/comfycat.com\/product\/nail-clipper-gloria-cat\/"},"modified":"2026-02-27T02:39:17","modified_gmt":"2026-02-27T02:39:17","slug":"nail-clipper-gloria-cat","status":"publish","type":"product","link":"https:\/\/comfycat.com\/fr\/produit\/nail-clipper-gloria-cat\/","title":{"rendered":"Coupe-ongles Gloria Cat"},"content":{"rendered":"<p>Si vous \u00eates \u00e0 la recherche de nouveaux articles tendance, nous vous pr\u00e9sentons le <b>coupe-ongles Gloria Cat<\/b>!<\/p>\n<ul>\n<li>Type :\n<ul>\n<li>Animaux de compagnie<\/li>\n<li>Ciseaux pour couper les ongles<\/li>\n<\/ul>\n<\/li>\n<li>Animal de compagnie : chat<\/li>\n<li>Mat\u00e9riau : Plastique<\/li>\n<\/ul>\n","protected":false},"excerpt":{"rendered":"<p>Si vous \u00eates \u00e0 la recherche de nouveaux articles tendance, nous vous pr\u00e9sentons le coupe-ongles Gloria Cat! Type : Animaux de compagnie Ciseaux pour couper les ongles Animal de compagnie : chat Mat\u00e9riau : Plastique<\/p>\n","protected":false},"featured_media":69690,"comment_status":"open","ping_status":"closed","template":"","meta":{"_acf_changed":false},"product_brand":[],"product_cat":[210,211,209],"product_tag":[283],"class_list":{"0":"post-69689","1":"product","2":"type-product","3":"status-publish","4":"has-post-thumbnail","6":"product_cat-animaux-de-compagnie","7":"product_cat-bien-etre-et-hygiene","8":"product_cat-maison-jardin","9":"product_tag-bonnes-affaires","11":"first","12":"outofstock","13":"shipping-taxable","14":"purchasable","15":"product-type-simple"},"acf":[],"aioseo_notices":[],"_links":{"self":[{"href":"https:\/\/comfycat.com\/fr\/wp-json\/wp\/v2\/product\/69689","targetHints":{"allow":["GET"]}}],"collection":[{"href":"https:\/\/comfycat.com\/fr\/wp-json\/wp\/v2\/product"}],"about":[{"href":"https:\/\/comfycat.com\/fr\/wp-json\/wp\/v2\/types\/product"}],"replies":[{"embeddable":true,"href":"https:\/\/comfycat.com\/fr\/wp-json\/wp\/v2\/comments?post=69689"}],"wp:featuredmedia":[{"embeddable":true,"href":"https:\/\/comfycat.com\/fr\/wp-json\/wp\/v2\/media\/69690"}],"wp:attachment":[{"href":"https:\/\/comfycat.com\/fr\/wp-json\/wp\/v2\/media?parent=69689"}],"wp:term":[{"taxonomy":"product_brand","embeddable":true,"href":"https:\/\/comfycat.com\/fr\/wp-json\/wp\/v2\/product_brand?post=69689"},{"taxonomy":"product_cat","embeddable":true,"href":"https:\/\/comfycat.com\/fr\/wp-json\/wp\/v2\/product_cat?post=69689"},{"taxonomy":"product_tag","embeddable":true,"href":"https:\/\/comfycat.com\/fr\/wp-json\/wp\/v2\/product_tag?post=69689"}],"curies":[{"name":"wp","href":"https:\/\/api.w.org\/{rel}","templated":true}]}}