{"id":69663,"date":"2025-11-11T07:27:43","date_gmt":"2025-11-11T07:27:43","guid":{"rendered":"https:\/\/comfycat.com\/product\/corn-litter-back-up-4\/"},"modified":"2026-04-13T10:52:05","modified_gmt":"2026-04-13T10:52:05","slug":"corn-litter-back-up-4","status":"publish","type":"product","link":"https:\/\/comfycat.com\/fr\/produit\/corn-litter-back-up-4\/","title":{"rendered":"Liti\u00e8re pour chat Gloria Original 10 kg 2 unit\u00e9s"},"content":{"rendered":"<p>Si vous \u00eates \u00e0 la recherche de nouveaux articles tendance, nous vous pr\u00e9sentons la <b>Liti\u00e8re pour chats Gloria Original 10 kg 2 unit\u00e9s<\/b>!<\/p>\n<ul>\n<li>Unit\u00e9s : 2 unit\u00e9s<\/li>\n<li>Capacit\u00e9 : 10 kg<\/li>\n<li>Animal de compagnie : chat<\/li>\n<\/ul>\n","protected":false},"excerpt":{"rendered":"<p><span class=\"unit-info\">2,2890 \u20ac \/ 1 kg<\/span><\/p>\n","protected":false},"featured_media":68821,"comment_status":"open","ping_status":"closed","template":"","meta":{"_acf_changed":false},"product_brand":[],"product_cat":[210,211,209],"product_tag":[],"class_list":{"0":"post-69663","1":"product","2":"type-product","3":"status-publish","4":"has-post-thumbnail","6":"product_cat-animaux-de-compagnie","7":"product_cat-bien-etre-et-hygiene","8":"product_cat-maison-jardin","10":"first","11":"outofstock","12":"sale","13":"shipping-taxable","14":"purchasable","15":"product-type-variable-subscription"},"acf":[],"aioseo_notices":[],"_links":{"self":[{"href":"https:\/\/comfycat.com\/fr\/wp-json\/wp\/v2\/product\/69663","targetHints":{"allow":["GET"]}}],"collection":[{"href":"https:\/\/comfycat.com\/fr\/wp-json\/wp\/v2\/product"}],"about":[{"href":"https:\/\/comfycat.com\/fr\/wp-json\/wp\/v2\/types\/product"}],"replies":[{"embeddable":true,"href":"https:\/\/comfycat.com\/fr\/wp-json\/wp\/v2\/comments?post=69663"}],"wp:featuredmedia":[{"embeddable":true,"href":"https:\/\/comfycat.com\/fr\/wp-json\/wp\/v2\/media\/68821"}],"wp:attachment":[{"href":"https:\/\/comfycat.com\/fr\/wp-json\/wp\/v2\/media?parent=69663"}],"wp:term":[{"taxonomy":"product_brand","embeddable":true,"href":"https:\/\/comfycat.com\/fr\/wp-json\/wp\/v2\/product_brand?post=69663"},{"taxonomy":"product_cat","embeddable":true,"href":"https:\/\/comfycat.com\/fr\/wp-json\/wp\/v2\/product_cat?post=69663"},{"taxonomy":"product_tag","embeddable":true,"href":"https:\/\/comfycat.com\/fr\/wp-json\/wp\/v2\/product_tag?post=69663"}],"curies":[{"name":"wp","href":"https:\/\/api.w.org\/{rel}","templated":true}]}}