{"id":69637,"date":"2025-11-05T08:49:59","date_gmt":"2025-11-05T08:49:59","guid":{"rendered":"https:\/\/comfycat.com\/product\/cat-litter-gloria-bentonita-premium-15-kg-aloe-vera\/"},"modified":"2026-04-28T05:05:37","modified_gmt":"2026-04-28T05:05:37","slug":"cat-litter-gloria-bentonita-premium-15-kg-aloe-vera","status":"publish","type":"product","link":"https:\/\/comfycat.com\/fr\/produit\/cat-litter-gloria-bentonita-premium-15-kg-aloe-vera\/","title":{"rendered":"Liti\u00e8re pour chat Gloria Bentonita Premium 15 kg Aloe Vera"},"content":{"rendered":"<p style=\"text-align: left;\">Si vous \u00eates \u00e0 la recherche de nouveaux articles tendance, nous vous pr\u00e9sentons la <b>Liti\u00e8re pour chats Gloria Bentonita Premium 15 kg Aloe Vera<\/b>!<\/p>\n<ul>\n<li>Capacit\u00e9 : 15 kg<\/li>\n<li>Parfum : Aloe Vera<\/li>\n<li>Animal de compagnie : chat<\/li>\n<\/ul>\n","protected":false},"excerpt":{"rendered":"<p><span class=\"unit-info\">1,2320 \u20ac \/ 1 kg<\/span><\/p>\n","protected":false},"featured_media":77422,"comment_status":"open","ping_status":"closed","template":"","meta":{"_acf_changed":false},"product_brand":[],"product_cat":[148],"product_tag":[488],"class_list":{"0":"post-69637","1":"product","2":"type-product","3":"status-publish","4":"has-post-thumbnail","6":"product_cat-non-categorise","7":"product_tag-mejores-ofertas","9":"first","10":"outofstock","11":"sale","12":"shipping-taxable","13":"purchasable","14":"product-type-variable-subscription"},"acf":[],"aioseo_notices":[],"_links":{"self":[{"href":"https:\/\/comfycat.com\/fr\/wp-json\/wp\/v2\/product\/69637","targetHints":{"allow":["GET"]}}],"collection":[{"href":"https:\/\/comfycat.com\/fr\/wp-json\/wp\/v2\/product"}],"about":[{"href":"https:\/\/comfycat.com\/fr\/wp-json\/wp\/v2\/types\/product"}],"replies":[{"embeddable":true,"href":"https:\/\/comfycat.com\/fr\/wp-json\/wp\/v2\/comments?post=69637"}],"wp:featuredmedia":[{"embeddable":true,"href":"https:\/\/comfycat.com\/fr\/wp-json\/wp\/v2\/media\/77422"}],"wp:attachment":[{"href":"https:\/\/comfycat.com\/fr\/wp-json\/wp\/v2\/media?parent=69637"}],"wp:term":[{"taxonomy":"product_brand","embeddable":true,"href":"https:\/\/comfycat.com\/fr\/wp-json\/wp\/v2\/product_brand?post=69637"},{"taxonomy":"product_cat","embeddable":true,"href":"https:\/\/comfycat.com\/fr\/wp-json\/wp\/v2\/product_cat?post=69637"},{"taxonomy":"product_tag","embeddable":true,"href":"https:\/\/comfycat.com\/fr\/wp-json\/wp\/v2\/product_tag?post=69637"}],"curies":[{"name":"wp","href":"https:\/\/api.w.org\/{rel}","templated":true}]}}