{"id":69612,"date":"2025-11-11T09:05:13","date_gmt":"2025-11-11T09:05:13","guid":{"rendered":"https:\/\/comfycat.com\/product\/scratching-postsbackup-1\/"},"modified":"2026-02-23T08:10:54","modified_gmt":"2026-02-23T08:10:54","slug":"scratching-postsbackup-1","status":"publish","type":"product","link":"https:\/\/comfycat.com\/fr\/produit\/scratching-postsbackup-1\/","title":{"rendered":"Griffoir pour chats Gloria Sinaloa Gris \u00d8 14 cm"},"content":{"rendered":"<p>Si vous \u00eates \u00e0 la recherche de nouveaux articles tendance, nous vous pr\u00e9sentons le <b>griffoir pour chats Gloria Sinaloa Grey \u00d8 14 cm<\/b>!<\/p>\n<ul>\n<li>Type : Griffoir pour chats<\/li>\n<li>Animal de compagnie : chat<\/li>\n<li>Hauteur : 81,5 cm<\/li>\n<li>Couleur : Gris<\/li>\n<li>Mat\u00e9riau :\n<ul>\n<li>Polyester<\/li>\n<li>Bois<\/li>\n<li>Papier<\/li>\n<li>Plastique<\/li>\n<li>Sisal<\/li>\n<\/ul>\n<\/li>\n<li>Diam\u00e8tre approximatif : \u00d8 14 cm <\/li>\n<\/ul>\n","protected":false},"excerpt":{"rendered":"<p>Si vous \u00eates \u00e0 la recherche de nouveaux articles tendance, nous vous pr\u00e9sentons le griffoir pour chats Gloria Sinaloa Grey \u00d8 14 cm! Type : Griffoir pour chats Animal de compagnie : chat Hauteur : 81,5 cm Couleur : Gris Mat\u00e9riau : Polyester Bois Papier Plastique Sisal Diam\u00e8tre approximatif : \u00d8 14 cm<\/p>\n","protected":false},"featured_media":69613,"comment_status":"open","ping_status":"closed","template":"","meta":{"_acf_changed":false},"product_brand":[],"product_cat":[210,289,209],"product_tag":[],"class_list":{"0":"post-69612","1":"product","2":"type-product","3":"status-publish","4":"has-post-thumbnail","6":"product_cat-animaux-de-compagnie","7":"product_cat-jouets","8":"product_cat-maison-jardin","10":"first","11":"outofstock","12":"shipping-taxable","13":"purchasable","14":"product-type-simple"},"acf":[],"aioseo_notices":[],"_links":{"self":[{"href":"https:\/\/comfycat.com\/fr\/wp-json\/wp\/v2\/product\/69612","targetHints":{"allow":["GET"]}}],"collection":[{"href":"https:\/\/comfycat.com\/fr\/wp-json\/wp\/v2\/product"}],"about":[{"href":"https:\/\/comfycat.com\/fr\/wp-json\/wp\/v2\/types\/product"}],"replies":[{"embeddable":true,"href":"https:\/\/comfycat.com\/fr\/wp-json\/wp\/v2\/comments?post=69612"}],"wp:featuredmedia":[{"embeddable":true,"href":"https:\/\/comfycat.com\/fr\/wp-json\/wp\/v2\/media\/69613"}],"wp:attachment":[{"href":"https:\/\/comfycat.com\/fr\/wp-json\/wp\/v2\/media?parent=69612"}],"wp:term":[{"taxonomy":"product_brand","embeddable":true,"href":"https:\/\/comfycat.com\/fr\/wp-json\/wp\/v2\/product_brand?post=69612"},{"taxonomy":"product_cat","embeddable":true,"href":"https:\/\/comfycat.com\/fr\/wp-json\/wp\/v2\/product_cat?post=69612"},{"taxonomy":"product_tag","embeddable":true,"href":"https:\/\/comfycat.com\/fr\/wp-json\/wp\/v2\/product_tag?post=69612"}],"curies":[{"name":"wp","href":"https:\/\/api.w.org\/{rel}","templated":true}]}}