{"id":69492,"date":"2025-11-11T08:43:40","date_gmt":"2025-11-11T08:43:40","guid":{"rendered":"https:\/\/comfycat.com\/product\/collapsible-pet-tunnel-funnyl\/"},"modified":"2026-04-13T17:52:35","modified_gmt":"2026-04-13T17:52:35","slug":"collapsible-pet-tunnel-funnyl","status":"publish","type":"product","link":"https:\/\/comfycat.com\/fr\/produit\/collapsible-pet-tunnel-funnyl\/","title":{"rendered":"Tunnel pliable pour animaux de compagnie Funnyl InnovaGoods"},"content":{"rendered":"<div class=\"col-md-6\">Si vous \u00eates passionn\u00e9 par le monde des gadgets, <b>InnovaGoods<\/b> vous propose les meilleures et les plus originales nouveaut\u00e9s pour la maison, la voiture, les voyages, les enfants, la technologie, le divertissement, etc. D\u00e9couvrez une large gamme de produits de haute qualit\u00e9 qui se distinguent par leur fonctionnalit\u00e9, leur efficacit\u00e9 et leur design innovant, comme le <b>Tunnel pliable pour animaux Funnyl InnovaGoods<\/b>!<\/p>\n<p>Le <b>tunnel pliable Funnyl InnovaGoods <\/b>est id\u00e9al pour que les chats puissent jouer et s&#8217;amuser, dormir, se cacher, etc. Ce <b>tunnel pour chat&nbsp;<\/b>adopte diff\u00e9rentes formes une fois d\u00e9pli\u00e9, motivant ainsi l&#8217;animal<br \/>\npour qu&#8217;il ne s&#8217;ennuie pas et qu&#8217;il puisse vivre chaque jour de nouvelles aventures dans sa retraite secr\u00e8te<br \/>\n. Il comporte \u00e9galement deux trous pour que le chat puisse se pencher et regarder dehors,<br \/>\nentrer et sortir du tunnel.    <\/p>\n<\/p>\n<ul>\n<li>Conception pliable,<br \/>\nmat\u00e9riaux de qualit\u00e9<\/li>\n<li>Moderne, \u00e9l\u00e9gant,<br \/>\nl\u00e9ger, polyvalent, adaptable<\/li>\n<li>Imperm\u00e9able, pour l&#8217;int\u00e9rieur<br \/>\net l&#8217;ext\u00e9rieur<\/li>\n<li>2 positions :<br \/>\ndroite ou pli\u00e9e en U<\/li>\n<li>Long et large :<br \/>\n114 cm de longueur et 25 cm de diam\u00e8tre<\/li>\n<li>2 fen\u00eatres d&#8217;observation<br \/>\n, entr\u00e9e et sortie pour votre animal de compagnie<\/li>\n<li>Polyvalent :<br \/>\nrepos, cache-cache, jeu, amusement, divertissement&#8230;<\/li>\n<li>Il occupe<br \/>\npeu d&#8217;espace lorsqu&#8217;il est enti\u00e8rement pli\u00e9, et il est facile \u00e0 transporter et \u00e0 ranger.<\/li>\n<\/ul>\n<p>Ce <b>jouet pour chat <\/b>est tr\u00e8s facile \u00e0<br \/>\nutiliser, \u00e0 plier et \u00e0 d\u00e9plier. Ses boutons de fixation permettent de le plier facilement,<br \/>\noptimisant l&#8217;utilisation de l&#8217;espace et facilitant son rangement ou son transport lorsque<br \/>\nvoyage, fait des activit\u00e9s de plein air, etc. <\/p>\n<p>Il peut \u00eatre positionn\u00e9 en ligne droite dans le sens de la longueur ou<br \/>\npli\u00e9 en forme de U. Il se nettoie facilement \u00e0 la main avec un chiffon<br \/>\n, de l&#8217;eau ti\u00e8de et du savon. <\/p>\n<\/p>\n<ul>\n<li>Mati\u00e8re : Polyester<\/li>\n<li>Couleur : Gris<\/li>\n<li>Type : Jouet pour chat<\/li>\n<li>Design moderne et \u00e9l\u00e9gant : Innovant et fonctionnel<\/li>\n<li>Multifonctionnel : A des usages et des espaces vari\u00e9s<\/li>\n<li>Multi-position : Polyvalent et adaptable<\/li>\n<li>Pliable : Facile \u00e0 transporter et \u00e0 ranger<\/li>\n<li>Original et portable : L\u00e9ger et maniable<\/li>\n<li>Facile \u00e0 utiliser : Pratique et facile \u00e0 utiliser<\/li>\n<li>Propri\u00e9t\u00e9s : R\u00e9sistant \u00e0 l&#8217;eau<\/li>\n<li>Caract\u00e9ristiques : Utilisation \u00e0 l&#8217;int\u00e9rieur et \u00e0 l&#8217;ext\u00e9rieur<\/li>\n<li>Approx. dimensions : \u00d825 x 114 cm <\/li>\n<li>Emballage en 24 langues : anglais, fran\u00e7ais, espagnol, allemand, italien, portugais, n\u00e9erlandais, polonais, hongrois, roumain, danois, su\u00e9dois, finlandais, lituanien, norv\u00e9gien, slov\u00e8ne, grec, tch\u00e8que, bulgare, croate, slovaque, estonien, russe et letton.<\/li>\n<\/ul>\n<p>Emballage en 24 langues : anglais, fran\u00e7ais, espagnol, allemand, italien, portugais, n\u00e9erlandais, polonais, hongrois, roumain, danois, su\u00e9dois, finlandais, lituanien, norv\u00e9gien, slov\u00e8ne, grec, tch\u00e8que, bulgare, croate, slovaque, estonien, russe et letton.<\/p><\/div>\n<div class=\"col-md-6\">\n<div class=\"embed-responsive embed-responsive-16by9\"><iframe class=\"embed-responsive-item\" src=\"https:\/\/www.youtube.com\/embed\/fWmPM15fzkM\" frameborder=\"0\" allowfullscreen=\"\"><\/iframe><\/div>\n<\/div>\n","protected":false},"excerpt":{"rendered":"<p>Si vous \u00eates passionn\u00e9 par le monde des gadgets, InnovaGoods vous propose les meilleures et les plus originales nouveaut\u00e9s pour la maison, la voiture, les voyages, les enfants, la technologie, le divertissement, etc. D\u00e9couvrez une large gamme de produits de haute qualit\u00e9 qui se distinguent par leur fonctionnalit\u00e9, leur efficacit\u00e9 et leur design innovant, comme [&hellip;]<\/p>\n","protected":false},"featured_media":70044,"comment_status":"open","ping_status":"closed","template":"","meta":{"_acf_changed":false},"product_brand":[],"product_cat":[210,279,280,282,289,209,278],"product_tag":[283],"class_list":{"0":"post-69492","1":"product","2":"type-product","3":"status-publish","4":"has-post-thumbnail","6":"product_cat-animaux-de-compagnie","7":"product_cat-cadeaux-originaux","8":"product_cat-cadeaux-pour-la-maison","9":"product_cat-idees-de-maison","10":"product_cat-jouets","11":"product_cat-maison-jardin","12":"product_cat-teleshopping-tel-que-vu-a-la-tele","13":"product_tag-bonnes-affaires","15":"first","16":"instock","17":"shipping-taxable","18":"purchasable","19":"product-type-simple"},"acf":[],"aioseo_notices":[],"_links":{"self":[{"href":"https:\/\/comfycat.com\/fr\/wp-json\/wp\/v2\/product\/69492","targetHints":{"allow":["GET"]}}],"collection":[{"href":"https:\/\/comfycat.com\/fr\/wp-json\/wp\/v2\/product"}],"about":[{"href":"https:\/\/comfycat.com\/fr\/wp-json\/wp\/v2\/types\/product"}],"replies":[{"embeddable":true,"href":"https:\/\/comfycat.com\/fr\/wp-json\/wp\/v2\/comments?post=69492"}],"wp:featuredmedia":[{"embeddable":true,"href":"https:\/\/comfycat.com\/fr\/wp-json\/wp\/v2\/media\/70044"}],"wp:attachment":[{"href":"https:\/\/comfycat.com\/fr\/wp-json\/wp\/v2\/media?parent=69492"}],"wp:term":[{"taxonomy":"product_brand","embeddable":true,"href":"https:\/\/comfycat.com\/fr\/wp-json\/wp\/v2\/product_brand?post=69492"},{"taxonomy":"product_cat","embeddable":true,"href":"https:\/\/comfycat.com\/fr\/wp-json\/wp\/v2\/product_cat?post=69492"},{"taxonomy":"product_tag","embeddable":true,"href":"https:\/\/comfycat.com\/fr\/wp-json\/wp\/v2\/product_tag?post=69492"}],"curies":[{"name":"wp","href":"https:\/\/api.w.org\/{rel}","templated":true}]}}