{"id":69487,"date":"2025-11-11T08:41:39","date_gmt":"2025-11-11T08:41:39","guid":{"rendered":"https:\/\/comfycat.com\/product\/anti-stress-pet-bed-bepess\/"},"modified":"2026-02-18T12:40:52","modified_gmt":"2026-02-18T12:40:52","slug":"anti-stress-pet-bed-bepess","status":"publish","type":"product","link":"https:\/\/comfycat.com\/fr\/produit\/anti-stress-pet-bed-bepess\/","title":{"rendered":"Lit anti-stress pour animaux de compagnie Bepess InnovaGoods \u00d8 60 cm"},"content":{"rendered":"<div class=\"col-md-6\">Si vous \u00eates passionn\u00e9 par le monde des gadgets, <b>InnovaGoods<\/b> vous propose les nouveaut\u00e9s les meilleures et les plus originales pour la maison, la voiture, les voyages, les enfants, la technologie, les loisirs, etc. D\u00e9couvrez une vaste gamme de produits de haute qualit\u00e9 qui se distinguent par leur fonctionnalit\u00e9, leur efficacit\u00e9 et leur design innovant, comme le <b>lit anti-stress pour animaux de compagnie Bepess InnovaGoods \u00d8 60 cm<\/b>!<\/p>\n<p>Le <b>lit anti-stress pour animaux de compagnie Bepess<br \/>\nInnovaGoods<\/b> contribue \u00e0 r\u00e9duire et \u00e0 att\u00e9nuer le stress<br \/>\net l&#8217;anxi\u00e9t\u00e9 des animaux, en leur procurant une agr\u00e9able sensation de calme et de<br \/>\nbien-\u00eatre. Ce <b>lit <\/b>confortable et doux est id\u00e9al pour que les animaux soient<br \/>\nplus d\u00e9tendus afin qu&#8217;ils puissent mieux dormir et se reposer, en soutenant leur t\u00eate sur son bord sur\u00e9lev\u00e9<br \/>\ndans un confort total. <\/p>\n<\/p>\n<ul>\n<li>Fabriqu\u00e9 en polyester<br \/>\n(95%) et en tissu Oxford (5%)<\/li>\n<li>Design moderne, robuste et<br \/>\n\u00e9l\u00e9gant, couleur grise<\/li>\n<li><b>Lit pour chiens, chats<br \/>\net autres animaux de compagnie  <\/b><\/li>\n<li><b>Forme ronde avec<br \/>\nbord sur\u00e9lev\u00e9 <\/b>(approx. : \u00d8 60 x 18 cm)<\/li>\n<li><b>Extra-doux, spongieux,<br \/>\nduveteux, chaud, ultra-l\u00e9ger<\/b><\/li>\n<li><b>Extr\u00eamement<br \/>\nconfortable, douillet <\/b>et agr\u00e9able au toucher<\/li>\n<li><b>Base antid\u00e9rapante et<br \/>\nr\u00e9sistante \u00e0 l&#8217;eau<\/b><\/li>\n<li><b>Relaxant et<br \/>\ncalmant, favorise le sommeil et le repos<\/b><\/li>\n<li><b>Utilisation recommand\u00e9e pour les animaux de taille moyenne<\/b><\/li>\n<li>Facile \u00e0 nettoyer \u00e0 la main\n<\/li>\n<li><b>Emball\u00e9 sous vide, <\/b>facile \u00e0 transporter et \u00e0 stocker<\/li>\n<\/ul>\n<p>Ce <b>lit circulaire<br \/>\navec bord sur\u00e9lev\u00e9 <\/b>cr\u00e9e une sensation de s\u00e9curit\u00e9 et de protection chez l&#8217;animal<br \/>\n, en soutenant la t\u00eate et la nuque comme un oreiller. En outre,<br \/>\nson g\u00e9n\u00e9reux rembourrage int\u00e9rieur et sa surface ultra-douce aux coutures cach\u00e9es font de ce<br \/>\nle lit dont r\u00eavent tous les animaux de compagnie. <\/p>\n<p>Ce <b>lit anti-stress pour animaux<br \/>\n<\/b>est emball\u00e9 sous vide \u00e0 l&#8217;int\u00e9rieur de la bo\u00eete. Lorsque vous ouvrez la bo\u00eete et que vous retirez<br \/>\nde l&#8217;emballage, vous devez l&#8217;\u00e9taler, le secouer et attendre environ 4<br \/>\nheures pour qu&#8217;il prenne sa forme optimale et normale. Nous recommandons de placer un jouet<br \/>\nsur le lit afin que les animaux de compagnie ne m\u00e2chent pas les bords et pour \u00e9viter les dommages et la d\u00e9t\u00e9rioration de<br \/>\n.  <\/p>\n<\/p>\n<ul>\n<li>Mat\u00e9riau :\n<ul>\n<li>Polyester<\/li>\n<li>Tissu Oxford<\/li>\n<\/ul>\n<\/li>\n<li>Couleur : Gris<\/li>\n<li>Type : Lit pour animaux<\/li>\n<li>Forme : Circulaire<\/li>\n<li>Design moderne et \u00e9l\u00e9gant : Innovant et fonctionnel<\/li>\n<li>Pratique et confortable : Toucher doux et agr\u00e9able<\/li>\n<li>Base antid\u00e9rapante : Surface imperm\u00e9able<\/li>\n<li>Ultra-l\u00e9g\u00e8re : Facile \u00e0 transporter et \u00e0 stocker<\/li>\n<li>Facile \u00e0 nettoyer : Laver \u00e0 la main<\/li>\n<li>Convient aux chiens et autres animaux de compagnie : Petits et moyens animaux<\/li>\n<li>Caract\u00e9ristiques : Favorise le sommeil et le repos<\/li>\n<li>Effets b\u00e9n\u00e9fiques : Propri\u00e9t\u00e9s relaxantes et calmantes<\/li>\n<li>Approx. diam\u00e8tre : \u00d8 60 cm <\/li>\n<li>Approx. hauteur : 18 cm <\/li>\n<li>Emballage : Emballage sous vide<\/li>\n<li>Emballage en 24 langues : anglais, fran\u00e7ais, espagnol, allemand, italien, portugais, n\u00e9erlandais, polonais, hongrois, roumain, danois, su\u00e9dois, finlandais, lituanien, norv\u00e9gien, slov\u00e8ne, grec, tch\u00e8que, bulgare, croate, slovaque, estonien, russe et letton.<\/li>\n<\/ul>\n<p>Emballage en 24 langues : anglais, fran\u00e7ais, espagnol, allemand, italien, portugais, n\u00e9erlandais, polonais, hongrois, roumain, danois, su\u00e9dois, finlandais, lituanien, norv\u00e9gien, slov\u00e8ne, grec, tch\u00e8que, bulgare, croate, slovaque, estonien, russe et letton.<\/p><\/div>\n<div class=\"col-md-6\">\n<div class=\"embed-responsive embed-responsive-16by9\"><iframe class=\"embed-responsive-item\" src=\"https:\/\/www.youtube.com\/embed\/cxD11zegWxQ\" frameborder=\"0\" allowfullscreen=\"\"><\/iframe><\/div>\n<\/div>\n","protected":false},"excerpt":{"rendered":"<p>Si vous \u00eates passionn\u00e9 par le monde des gadgets, InnovaGoods vous propose les nouveaut\u00e9s les meilleures et les plus originales pour la maison, la voiture, les voyages, les enfants, la technologie, les loisirs, etc. D\u00e9couvrez une vaste gamme de produits de haute qualit\u00e9 qui se distinguent par leur fonctionnalit\u00e9, leur efficacit\u00e9 et leur design innovant, [&hellip;]<\/p>\n","protected":false},"featured_media":70050,"comment_status":"open","ping_status":"closed","template":"","meta":{"_acf_changed":false},"product_brand":[],"product_cat":[210,301,209],"product_tag":[283,455],"class_list":{"0":"post-69487","1":"product","2":"type-product","3":"status-publish","4":"has-post-thumbnail","6":"product_cat-animaux-de-compagnie","7":"product_cat-lits-et-matelas","8":"product_cat-maison-jardin","9":"product_tag-bonnes-affaires","10":"product_tag-tag_587-fr","12":"first","13":"instock","14":"shipping-taxable","15":"purchasable","16":"product-type-simple"},"acf":[],"aioseo_notices":[],"_links":{"self":[{"href":"https:\/\/comfycat.com\/fr\/wp-json\/wp\/v2\/product\/69487","targetHints":{"allow":["GET"]}}],"collection":[{"href":"https:\/\/comfycat.com\/fr\/wp-json\/wp\/v2\/product"}],"about":[{"href":"https:\/\/comfycat.com\/fr\/wp-json\/wp\/v2\/types\/product"}],"replies":[{"embeddable":true,"href":"https:\/\/comfycat.com\/fr\/wp-json\/wp\/v2\/comments?post=69487"}],"wp:featuredmedia":[{"embeddable":true,"href":"https:\/\/comfycat.com\/fr\/wp-json\/wp\/v2\/media\/70050"}],"wp:attachment":[{"href":"https:\/\/comfycat.com\/fr\/wp-json\/wp\/v2\/media?parent=69487"}],"wp:term":[{"taxonomy":"product_brand","embeddable":true,"href":"https:\/\/comfycat.com\/fr\/wp-json\/wp\/v2\/product_brand?post=69487"},{"taxonomy":"product_cat","embeddable":true,"href":"https:\/\/comfycat.com\/fr\/wp-json\/wp\/v2\/product_cat?post=69487"},{"taxonomy":"product_tag","embeddable":true,"href":"https:\/\/comfycat.com\/fr\/wp-json\/wp\/v2\/product_tag?post=69487"}],"curies":[{"name":"wp","href":"https:\/\/api.w.org\/{rel}","templated":true}]}}