{"id":69392,"date":"2025-07-01T15:08:00","date_gmt":"2025-07-01T15:08:00","guid":{"rendered":"https:\/\/comfycat.com\/product\/automatic-cat-water-fountain\/"},"modified":"2026-04-28T02:18:03","modified_gmt":"2026-04-28T02:18:03","slug":"automatic-cat-water-fountain","status":"publish","type":"product","link":"https:\/\/comfycat.com\/fr\/produit\/automatic-cat-water-fountain\/","title":{"rendered":"Fontaine \u00e0 eau pour animaux de compagnie Drinkatt InnovaGoods"},"content":{"rendered":"<div class=\"col-md-6\">Si vous \u00eates passionn\u00e9 par le monde des gadgets, <b>InnovaGoods<\/b> vous propose les meilleures et les plus originales nouveaut\u00e9s pour la maison, la voiture, les voyages, les enfants, la technologie, le divertissement, etc. D\u00e9couvrez une large gamme de produits de haute qualit\u00e9 qui se distinguent par leur fonctionnalit\u00e9, leur efficacit\u00e9 et leur design innovant, comme la <b>fontaine \u00e0 eau pour animaux Drinkatt InnovaGoods<\/b>!<\/p>\n<p>La <b>fontaine \u00e0 eau Drinkatt<br \/>\nInnovaGoods<\/b> fournit une eau de meilleure qualit\u00e9, plus fra\u00eeche et plus propre<br \/>\npour que les animaux puissent boire et \u00e9tancher leur soif dans un plus grand confort et en toute s\u00e9curit\u00e9. Sa pompe interne<br \/>\npermet un \u00e9coulement continu de l&#8217;eau, de sorte que l&#8217;eau est en<br \/>\nmouvement constant. Elle comprend \u00e9galement plusieurs filtres optionnels pour une purification plus pouss\u00e9e de l&#8217;eau<br \/>\nsi vous le souhaitez.  <\/p>\n<p>Cette <b>fontaine<br \/>\npour chats et autres animaux domestiques<\/b> dispose de 3 modes d&#8217;\u00e9coulement de l&#8217;eau et est tr\u00e8s silencieuse, de sorte que<br \/>\nanimaux peuvent boire en paix sans \u00eatre d\u00e9rang\u00e9s par des bruits qui pourraient les effrayer<br \/>\n. Bien qu&#8217;elle soit id\u00e9ale pour les chats, qui pr\u00e9f\u00e8rent boire de l&#8217;eau courante<br \/>\n(plut\u00f4t que de l&#8217;eau stagnante), elle convient \u00e9galement aux chiens, aux lapins, aux oiseaux<br \/>\net \u00e0 d&#8217;autres animaux domestiques. <\/p>\n<\/p>\n<ul>\n<li><b>Fontaine pour animaux de compagnie<\/b><\/li>\n<li>Viseur de niveau de l&#8217;eau \u00e0 l&#8217;avant\n<\/li>\n<li><b>Pompe avec c\u00e2ble de connexion USB<\/b><\/li>\n<li>Faible consommation<br \/>\n(1 W), \u00e9conomie d&#8217;\u00e9nergie<\/li>\n<li><b>Syst\u00e8me d&#8217;\u00e9coulement continu de l&#8217;eau<\/b><\/li>\n<li><b>Une eau de circulation plus fra\u00eeche et plus propre<\/b><\/li>\n<li>Grande zone d&#8217;abreuvement<br \/>\n, acc\u00e8s \u00e0 360<\/li>\n<li><b>2 filtres pour la pompe (1 + 1 de rechange)<\/b><\/li>\n<li><b>3 filtres de sortie d&#8217;eau (1 + 2 pi\u00e8ces de rechange)<\/b><\/li>\n<li>Purification maximale<br \/>\n: filtrage des impuret\u00e9s<\/li>\n<li><b>Contribue \u00e0 am\u00e9liorer la qualit\u00e9 de l&#8217;eau<\/b><\/li>\n<li><b>3 types d&#8217;\u00e9coulement : cascade, source, fontaine<br \/>\n<\/b><\/li>\n<li><b>Silencieux, sans bruit, pour que votre animal puisse boire en toute tranquillit\u00e9<\/b><\/li>\n<li>Grande capacit\u00e9 :<br \/>\n3 L, d\u00e9bit d&#8217;eau : jusqu&#8217;\u00e0 100 L\/hr<\/li>\n<li>Design moderne,<br \/>\noriginal, portable, facile \u00e0 utiliser<\/li>\n<li>Confort total<br \/>\net s\u00e9curit\u00e9 : arr\u00eat automatique<\/li>\n<li><b>Id\u00e9al pour les chats, les chiens et les autres animaux de compagnie<\/b><\/li>\n<li>Instructions de montage pour<br \/>\n, installation et nettoyage faciles<\/li>\n<\/ul>\n<p><b>Fontaine \u00e0 eau automatique<br \/>\npour animaux de compagnie<\/b>, compos\u00e9e de plusieurs \u00e9l\u00e9ments qui sont<br \/>\nfacilement assembl\u00e9s en suivant les instructions fournies. Il comprend du ruban adh\u00e9sif<br \/>\npour maintenir le couvercle et le r\u00e9cipient ensemble pendant le transport. Les 2 filtres en \u00e9ponge<br \/>\nde la pompe sont lavables et r\u00e9utilisables. Les 3 filtres de la sortie d&#8217;eau<br \/>\nont une dur\u00e9e de vie approximative de 3 \u00e0 4 mois chacun. Il peut \u00e9galement \u00eatre utilis\u00e9 sans les filtres<br \/>\n.    <\/p>\n<p>Cette <b>fontaine<br \/>\npour animaux<\/b> fonctionne via une connexion USB. La fa\u00e7on dont l&#8217;eau<br \/>\ns&#8217;\u00e9coule peut \u00eatre modifi\u00e9e en retirant le bouchon du bec ou en retirant compl\u00e8tement le bec<br \/>\n. Le viseur frontal permet de visualiser la quantit\u00e9 d&#8217;eau<br \/>\nrestante \u00e0 tout moment, afin de pouvoir remplir la fontaine en cas de besoin.<br \/>\nSi l&#8217;eau atteint un niveau minimum, la fontaine s&#8217;arr\u00eate automatiquement jusqu&#8217;\u00e0 ce qu&#8217;elle<br \/>\nsoit \u00e0 nouveau remplie. Pour une hygi\u00e8ne optimale, il est conseill\u00e9 de nettoyer la fontaine<br \/>\net de changer l&#8217;eau au moins une fois par semaine.   <\/p>\n<\/p>\n<ul>\n<li>Mat\u00e9riau : polypropyl\u00e8ne<\/li>\n<li>Couleur :\n<ul>\n<li>Blanc<\/li>\n<li>Gris<\/li>\n<\/ul>\n<\/li>\n<li>Design original et portable : Innovant et fonctionnel<\/li>\n<li>Type : Distributeur d&#8217;eau\/fontaine \u00e0 eau<\/li>\n<li>Capacit\u00e9 : 3 L<\/li>\n<li>3 r\u00e9glages : 3 types de d\u00e9bit d&#8217;eau<\/li>\n<li>D\u00e9bit d&#8217;eau : 100 L\/h<\/li>\n<li>Caract\u00e9ristiques : Silencieux<\/li>\n<li>Arr\u00eat automatique : Oui<\/li>\n<li>Propri\u00e9t\u00e9s : Am\u00e9liore la qualit\u00e9 de l&#8217;eau<\/li>\n<li>Comprend : Jeu de filtres<\/li>\n<li>Eau purifi\u00e9e : Filtre les impuret\u00e9s de l&#8217;eau<\/li>\n<li>Indicateur de niveau d&#8217;eau : Visualisation facile et rapide du contenu<\/li>\n<li>Utilisation principale : Chats<\/li>\n<li>utilisation secondaire : Convient aux chiens et autres animaux de compagnie<\/li>\n<li>Facile \u00e0 utiliser : Pratique et facile \u00e0 utiliser<\/li>\n<li>L\u00e9ger et maniable : Facile \u00e0 transporter et \u00e0 stocker<\/li>\n<li>D\u00e9tachable : Facile \u00e0 nettoyer<\/li>\n<li>Facile \u00e0 installer : Instructions de montage<\/li>\n<li>Type de prise : USB<\/li>\n<li>Longueur du c\u00e2ble : 150 cm<\/li>\n<li>Faible consommation : \u00c9conomie d&#8217;\u00e9nergie<\/li>\n<li>Puissance : 1 W<\/li>\n<li>Entr\u00e9e DC : 5 V \/ 1 A<\/li>\n<li>Approx. dimensions : 19 x 15 x 19 cm <\/li>\n<li>Emballage et manuel en 24 langues : anglais, fran\u00e7ais, espagnol, allemand, italien, portugais, n\u00e9erlandais, polonais, hongrois, roumain, danois, su\u00e9dois, finlandais, lituanien, norv\u00e9gien, slov\u00e8ne, grec, tch\u00e8que, bulgare, croate, slovaque, estonien, russe et letton.<\/li>\n<\/ul>\n<p>Emballage et manuel en 24 langues : anglais, fran\u00e7ais, espagnol, allemand, italien, portugais, n\u00e9erlandais, polonais, hongrois, roumain, danois, su\u00e9dois, finlandais, lituanien, norv\u00e9gien, slov\u00e8ne, grec, tch\u00e8que, bulgare, croate, slovaque, estonien, russe et letton.<\/p><\/div>\n<div class=\"col-md-6\">\n<div class=\"embed-responsive embed-responsive-16by9\"><iframe class=\"embed-responsive-item\" src=\"https:\/\/www.youtube.com\/embed\/_hsZHA1bx2o\" frameborder=\"0\" allowfullscreen=\"\"><\/iframe><\/div>\n<\/div>\n","protected":false},"excerpt":{"rendered":"<p><span class=\"unit-info\">8.3700 \u20ac \/ 1 l<\/span><\/p>\n","protected":false},"featured_media":58787,"comment_status":"open","ping_status":"closed","template":"","meta":{"_acf_changed":false},"product_brand":[],"product_cat":[210,249,209],"product_tag":[283,284],"class_list":{"0":"post-69392","1":"product","2":"type-product","3":"status-publish","4":"has-post-thumbnail","6":"product_cat-animaux-de-compagnie","7":"product_cat-buveurs-et-mangeurs","8":"product_cat-maison-jardin","9":"product_tag-bonnes-affaires","10":"product_tag-materiel","12":"first","13":"outofstock","14":"sale","15":"shipping-taxable","16":"purchasable","17":"product-type-simple"},"acf":[],"aioseo_notices":[],"_links":{"self":[{"href":"https:\/\/comfycat.com\/fr\/wp-json\/wp\/v2\/product\/69392","targetHints":{"allow":["GET"]}}],"collection":[{"href":"https:\/\/comfycat.com\/fr\/wp-json\/wp\/v2\/product"}],"about":[{"href":"https:\/\/comfycat.com\/fr\/wp-json\/wp\/v2\/types\/product"}],"replies":[{"embeddable":true,"href":"https:\/\/comfycat.com\/fr\/wp-json\/wp\/v2\/comments?post=69392"}],"wp:featuredmedia":[{"embeddable":true,"href":"https:\/\/comfycat.com\/fr\/wp-json\/wp\/v2\/media\/58787"}],"wp:attachment":[{"href":"https:\/\/comfycat.com\/fr\/wp-json\/wp\/v2\/media?parent=69392"}],"wp:term":[{"taxonomy":"product_brand","embeddable":true,"href":"https:\/\/comfycat.com\/fr\/wp-json\/wp\/v2\/product_brand?post=69392"},{"taxonomy":"product_cat","embeddable":true,"href":"https:\/\/comfycat.com\/fr\/wp-json\/wp\/v2\/product_cat?post=69392"},{"taxonomy":"product_tag","embeddable":true,"href":"https:\/\/comfycat.com\/fr\/wp-json\/wp\/v2\/product_tag?post=69392"}],"curies":[{"name":"wp","href":"https:\/\/api.w.org\/{rel}","templated":true}]}}