{"id":69303,"date":"2025-11-11T06:52:24","date_gmt":"2025-11-11T06:52:24","guid":{"rendered":"https:\/\/comfycat.com\/product\/smart-automatic-pet-feederback-up-1\/"},"modified":"2026-04-14T07:14:20","modified_gmt":"2026-04-14T07:14:20","slug":"smart-automatic-pet-feederback-up-1","status":"publish","type":"product","link":"https:\/\/comfycat.com\/fr\/produit\/smart-automatic-pet-feederback-up-1\/","title":{"rendered":"Alimentateur automatique MPETS"},"content":{"rendered":"<p>Si vous \u00eates \u00e0 la recherche de nouveaux produits, nous vous pr\u00e9sentons le <b>distributeur automatique MPETS<\/b>!<\/p>\n<ul>\n<li>Type : Alimentateur automatique<\/li>\n<li>Capacit\u00e9 : 3 L<\/li>\n<li>Couleur : noir<\/li>\n<\/ul>\n","protected":false},"excerpt":{"rendered":"<p><strong>Station d&#8217;alimentation et d&#8217;abreuvement pratique d&#8217;une capacit\u00e9 de 3 litres &#8211; parfaite pour approvisionner votre chat (ou petit chien) lorsque vous \u00eates occup\u00e9 ou absent pour la journ\u00e9e.<\/strong><br \/>\nLe distributeur automatique MPETS utilise un simple syst\u00e8me de gravit\u00e9 pour maintenir la nourriture et l&#8217;eau \u00e0 niveau, afin que votre animal puisse manger et boire \u00e0 son rythme sans avoir \u00e0 se resservir en permanence.<\/p>\n","protected":false},"featured_media":69304,"comment_status":"open","ping_status":"closed","template":"","meta":{"_acf_changed":false},"product_brand":[],"product_cat":[210,249,209,148],"product_tag":[250],"class_list":{"0":"post-69303","1":"product","2":"type-product","3":"status-publish","4":"has-post-thumbnail","6":"product_cat-animaux-de-compagnie","7":"product_cat-buveurs-et-mangeurs","8":"product_cat-maison-jardin","9":"product_cat-non-categorise","10":"product_tag-livraison-gratuite","12":"first","13":"outofstock","14":"sale","15":"shipping-taxable","16":"purchasable","17":"product-type-simple"},"acf":[],"aioseo_notices":[],"_links":{"self":[{"href":"https:\/\/comfycat.com\/fr\/wp-json\/wp\/v2\/product\/69303","targetHints":{"allow":["GET"]}}],"collection":[{"href":"https:\/\/comfycat.com\/fr\/wp-json\/wp\/v2\/product"}],"about":[{"href":"https:\/\/comfycat.com\/fr\/wp-json\/wp\/v2\/types\/product"}],"replies":[{"embeddable":true,"href":"https:\/\/comfycat.com\/fr\/wp-json\/wp\/v2\/comments?post=69303"}],"wp:featuredmedia":[{"embeddable":true,"href":"https:\/\/comfycat.com\/fr\/wp-json\/wp\/v2\/media\/69304"}],"wp:attachment":[{"href":"https:\/\/comfycat.com\/fr\/wp-json\/wp\/v2\/media?parent=69303"}],"wp:term":[{"taxonomy":"product_brand","embeddable":true,"href":"https:\/\/comfycat.com\/fr\/wp-json\/wp\/v2\/product_brand?post=69303"},{"taxonomy":"product_cat","embeddable":true,"href":"https:\/\/comfycat.com\/fr\/wp-json\/wp\/v2\/product_cat?post=69303"},{"taxonomy":"product_tag","embeddable":true,"href":"https:\/\/comfycat.com\/fr\/wp-json\/wp\/v2\/product_tag?post=69303"}],"curies":[{"name":"wp","href":"https:\/\/api.w.org\/{rel}","templated":true}]}}