{"id":65072,"date":"2025-11-17T08:08:16","date_gmt":"2025-11-17T08:08:16","guid":{"rendered":"https:\/\/comfycat.com\/product\/cat-litter-tray-mat-trixie-anthracite-pvc-37-x-45-cm\/"},"modified":"2026-04-13T17:52:37","modified_gmt":"2026-04-13T17:52:37","slug":"cat-litter-tray-mat-trixie-anthracite-pvc-37-x-45-cm","status":"publish","type":"product","link":"https:\/\/comfycat.com\/fr\/produit\/cat-litter-tray-mat-trixie-anthracite-pvc-37-x-45-cm\/","title":{"rendered":"Tapis \u00e0 liti\u00e8re pour chat Trixie Anthracite PVC 37 \u00d7 45 cm"},"content":{"rendered":"<p>Si vous \u00eates \u00e0 la recherche de nouveaux articles tendance, nous vous pr\u00e9sentons le <b>bac \u00e0 liti\u00e8re pour chat Trixie Anthracite PVC 37 \u00d7 45 cm<\/b>!<\/p>\n<p>Le <b>tapis de liti\u00e8re pour chat<\/b> de la marque <b>Trixie<\/b> est un accessoire pratique et fonctionnel sp\u00e9cialement con\u00e7u pour am\u00e9liorer l&#8217;hygi\u00e8ne et le confort de l&#8217;environnement du chat. Fabriqu\u00e9 en <b>PVC durable et facile \u00e0 nettoyer<\/b>, ce tapis antid\u00e9rapant de couleur <b>noir anthracite<\/b> mesure environ <b>37 \u00d7 45 cm<\/b>, des dimensions qui le rendent compatible avec la plupart des bacs \u00e0 liti\u00e8re pour chats du march\u00e9. Sa fonction principale est de <b>pi\u00e9ger et d&#8217;\u00e9liminer les r\u00e9sidus de liti\u00e8re coll\u00e9s aux pattes du chat<\/b> lorsqu&#8217;il quitte le bac \u00e0 liti\u00e8re, emp\u00eachant ainsi le substrat de se r\u00e9pandre en dehors de la zone du bac et contribuant \u00e0 la propret\u00e9 de l&#8217;espace. Il est particuli\u00e8rement recommand\u00e9 pour les chats sensibles, afin de minimiser l&#8217;inconfort et de faciliter leur adaptation au bac \u00e0 liti\u00e8re. En outre, il fonctionne efficacement avec les liti\u00e8res conventionnelles et les liti\u00e8res ultrafines ou &#8220;Ultra&#8221;, ce qui garantit sa polyvalence et son adaptabilit\u00e9 en fonction des pr\u00e9f\u00e9rences du chat et du type de liti\u00e8re utilis\u00e9. Sa surface antid\u00e9rapante permet au tapis de rester fermement en place, \u00e9vitant ainsi les d\u00e9placements qui pourraient g\u00eaner le chat ou r\u00e9duire son efficacit\u00e9. Dans l&#8217;ensemble, ce tapis allie fonctionnalit\u00e9 et confort pour le soin des chats, en tant qu&#8217;accessoire simple mais essentiel qui favorise la propret\u00e9 et l&#8217;hygi\u00e8ne dans la zone o\u00f9 le chat fait ses besoins.      <\/p>\n<ul>\n<li>Type : Tapis antid\u00e9rapant<\/li>\n<li>Animal de compagnie : chat<\/li>\n<li>Caract\u00e9ristiques :\n<ul>\n<li>Hygi\u00e9nique<\/li>\n<li>Base antid\u00e9rapante<\/li>\n<\/ul>\n<\/li>\n<li>Couleur :\n<ul>\n<li>Anthracite<\/li>\n<li>Noir<\/li>\n<\/ul>\n<\/li>\n<li>Mat\u00e9riau : PVC<\/li>\n<li>Dimensions approximatives : 37 \u00d7 45 cm <\/li>\n<li>Forme : Rectangulaire<\/li>\n<li>Langue : Alem\u00e1n, Ingl\u00e9s, Franc\u00e9s<\/li>\n<li>Profondeur : 45 cm<\/li>\n<\/ul>\n","protected":false},"excerpt":{"rendered":"<p>Si vous \u00eates \u00e0 la recherche de nouveaux articles tendance, nous vous pr\u00e9sentons le bac \u00e0 liti\u00e8re pour chat Trixie Anthracite PVC 37 \u00d7 45 cm! Le tapis de liti\u00e8re pour chat de la marque Trixie est un accessoire pratique et fonctionnel sp\u00e9cialement con\u00e7u pour am\u00e9liorer l&#8217;hygi\u00e8ne et le confort de l&#8217;environnement du chat. Fabriqu\u00e9 [&hellip;]<\/p>\n","protected":false},"featured_media":76974,"comment_status":"open","ping_status":"closed","template":"","meta":{"_acf_changed":false},"product_brand":[],"product_cat":[210,211,209],"product_tag":[],"class_list":{"0":"post-65072","1":"product","2":"type-product","3":"status-publish","4":"has-post-thumbnail","6":"product_cat-animaux-de-compagnie","7":"product_cat-bien-etre-et-hygiene","8":"product_cat-maison-jardin","10":"first","11":"outofstock","12":"shipping-taxable","13":"purchasable","14":"product-type-simple"},"acf":[],"aioseo_notices":[],"_links":{"self":[{"href":"https:\/\/comfycat.com\/fr\/wp-json\/wp\/v2\/product\/65072","targetHints":{"allow":["GET"]}}],"collection":[{"href":"https:\/\/comfycat.com\/fr\/wp-json\/wp\/v2\/product"}],"about":[{"href":"https:\/\/comfycat.com\/fr\/wp-json\/wp\/v2\/types\/product"}],"replies":[{"embeddable":true,"href":"https:\/\/comfycat.com\/fr\/wp-json\/wp\/v2\/comments?post=65072"}],"wp:featuredmedia":[{"embeddable":true,"href":"https:\/\/comfycat.com\/fr\/wp-json\/wp\/v2\/media\/76974"}],"wp:attachment":[{"href":"https:\/\/comfycat.com\/fr\/wp-json\/wp\/v2\/media?parent=65072"}],"wp:term":[{"taxonomy":"product_brand","embeddable":true,"href":"https:\/\/comfycat.com\/fr\/wp-json\/wp\/v2\/product_brand?post=65072"},{"taxonomy":"product_cat","embeddable":true,"href":"https:\/\/comfycat.com\/fr\/wp-json\/wp\/v2\/product_cat?post=65072"},{"taxonomy":"product_tag","embeddable":true,"href":"https:\/\/comfycat.com\/fr\/wp-json\/wp\/v2\/product_tag?post=65072"}],"curies":[{"name":"wp","href":"https:\/\/api.w.org\/{rel}","templated":true}]}}