{"id":64847,"date":"2025-11-17T08:08:19","date_gmt":"2025-11-17T08:08:19","guid":{"rendered":"https:\/\/comfycat.com\/product\/cat-litter-tray-mat-trixie-anthracite-pvc-41-x-25-cm\/"},"modified":"2026-04-09T08:43:57","modified_gmt":"2026-04-09T08:43:57","slug":"cat-litter-tray-mat-trixie-anthracite-pvc-41-x-25-cm","status":"publish","type":"product","link":"https:\/\/comfycat.com\/fr\/produit\/cat-litter-tray-mat-trixie-anthracite-pvc-41-x-25-cm\/","title":{"rendered":"Tapis \u00e0 liti\u00e8re pour chat Trixie Anthracite PVC 41 \u00d7 25 cm"},"content":{"rendered":"<p>Si vous \u00eates \u00e0 la recherche de nouveaux articles tendance, nous vous pr\u00e9sentons le <b>bac \u00e0 liti\u00e8re pour chat Trixie Anthracite PVC 41 \u00d7 25 cm<\/b>!<\/p>\n<p>Le <b>tapis de liti\u00e8re pour chat Trixie<\/b> est con\u00e7u pour offrir une surface pratique et fonctionnelle qui s&rsquo;adapte \u00e0 tous les bacs \u00e0 chat. Fabriqu\u00e9 en <b>PVC<\/b>, ce tapis offre une durabilit\u00e9 optimale et est facile \u00e0 nettoyer, ce qui garantit une utilisation durable, m\u00eame en cas d&rsquo;utilisation quotidienne intensive. Son principal avantage est qu&rsquo;il \u00e9limine efficacement la liti\u00e8re coll\u00e9e aux pattes, ce qui permet de garder la zone plus propre et de r\u00e9duire la propagation de la liti\u00e8re \u00e0 l&rsquo;ext\u00e9rieur du bac. Ce produit est particuli\u00e8rement recommand\u00e9 pour les chats sensibles, car sa texture douce et sa surface <b>antid\u00e9rapante<\/b> garantissent confort et s\u00e9curit\u00e9 pendant l&rsquo;utilisation, en \u00e9vitant les mouvements ind\u00e9sirables qui pourraient perturber l&rsquo;animal. Il est \u00e9galement efficace avec les liti\u00e8res \u00e0 forte absorption ou de type Ultra, ce qui \u00e9largit son utilit\u00e9 \u00e0 diff\u00e9rents types de liti\u00e8res. Sa finition <b>gris fonc\u00e9<\/b> s&rsquo;int\u00e8gre facilement dans tout environnement et dissimule les taches et les d\u00e9bris, ce qui lui conf\u00e8re un aspect soign\u00e9 et discret. La fonction <b>antid\u00e9rapante<\/b> est un \u00e9l\u00e9ment cl\u00e9 qui am\u00e9liore la stabilit\u00e9 du tapis et pr\u00e9vient les accidents, tant pour les animaux que pour les utilisateurs, offrant ainsi une tranquillit\u00e9 d&rsquo;esprit au quotidien. Le tapis Trixie est fabriqu\u00e9 en Chine selon des normes qui garantissent un produit fiable, adapt\u00e9 aux soins hygi\u00e9niques des chats domestiques. Dans l&rsquo;ensemble, il s&rsquo;agit d&rsquo;un accessoire de base pour ceux qui cherchent \u00e0 optimiser la propret\u00e9 et le bien-\u00eatre de leur chat, en simplifiant la gestion du bac \u00e0 liti\u00e8re gr\u00e2ce \u00e0 une solution simple et efficace.        <\/p>\n<ul>\n<li>Type : Tapis antid\u00e9rapant<\/li>\n<li>Animal de compagnie : chat<\/li>\n<li>Caract\u00e9ristiques :\n<ul>\n<li>Hygi\u00e9nique<\/li>\n<li>Base antid\u00e9rapante<\/li>\n<\/ul>\n<\/li>\n<li>Couleur :\n<ul>\n<li>Anthracite<\/li>\n<li>Gris<\/li>\n<\/ul>\n<\/li>\n<li>Mat\u00e9riau : PVC<\/li>\n<li>Dimensions approximatives : 41 \u00d7 25 cm <\/li>\n<li>Profondeur : 25 cm<\/li>\n<li>Largeur : 41 cm<\/li>\n<\/ul>\n","protected":false},"excerpt":{"rendered":"<p>Si vous \u00eates \u00e0 la recherche de nouveaux articles tendance, nous vous pr\u00e9sentons le bac \u00e0 liti\u00e8re pour chat Trixie Anthracite PVC 41 \u00d7 25 cm! Le tapis de liti\u00e8re pour chat Trixie est con\u00e7u pour offrir une surface pratique et fonctionnelle qui s&rsquo;adapte \u00e0 tous les bacs \u00e0 chat. Fabriqu\u00e9 en PVC, ce tapis [&hellip;]<\/p>\n","protected":false},"featured_media":80303,"comment_status":"open","ping_status":"closed","template":"","meta":{"_acf_changed":false},"product_brand":[],"product_cat":[210,211,209],"product_tag":[],"class_list":{"0":"post-64847","1":"product","2":"type-product","3":"status-publish","4":"has-post-thumbnail","6":"product_cat-animaux-de-compagnie","7":"product_cat-bien-etre-et-hygiene","8":"product_cat-maison-jardin","10":"first","11":"instock","12":"shipping-taxable","13":"purchasable","14":"product-type-simple"},"acf":[],"aioseo_notices":[],"_links":{"self":[{"href":"https:\/\/comfycat.com\/fr\/wp-json\/wp\/v2\/product\/64847","targetHints":{"allow":["GET"]}}],"collection":[{"href":"https:\/\/comfycat.com\/fr\/wp-json\/wp\/v2\/product"}],"about":[{"href":"https:\/\/comfycat.com\/fr\/wp-json\/wp\/v2\/types\/product"}],"replies":[{"embeddable":true,"href":"https:\/\/comfycat.com\/fr\/wp-json\/wp\/v2\/comments?post=64847"}],"wp:featuredmedia":[{"embeddable":true,"href":"https:\/\/comfycat.com\/fr\/wp-json\/wp\/v2\/media\/80303"}],"wp:attachment":[{"href":"https:\/\/comfycat.com\/fr\/wp-json\/wp\/v2\/media?parent=64847"}],"wp:term":[{"taxonomy":"product_brand","embeddable":true,"href":"https:\/\/comfycat.com\/fr\/wp-json\/wp\/v2\/product_brand?post=64847"},{"taxonomy":"product_cat","embeddable":true,"href":"https:\/\/comfycat.com\/fr\/wp-json\/wp\/v2\/product_cat?post=64847"},{"taxonomy":"product_tag","embeddable":true,"href":"https:\/\/comfycat.com\/fr\/wp-json\/wp\/v2\/product_tag?post=64847"}],"curies":[{"name":"wp","href":"https:\/\/api.w.org\/{rel}","templated":true}]}}