{"id":64459,"date":"2025-11-11T10:44:22","date_gmt":"2025-11-11T10:44:22","guid":{"rendered":"https:\/\/comfycat.com\/product\/brush-andis-plastic-blades-51-x-37-x-33-cm-back-up-1\/"},"modified":"2026-04-09T08:48:26","modified_gmt":"2026-04-09T08:48:26","slug":"brush-andis-plastic-blades-51-x-37-x-33-cm-back-up-1","status":"publish","type":"product","link":"https:\/\/comfycat.com\/fr\/produit\/brush-andis-plastic-blades-51-x-37-x-33-cm-back-up-1\/","title":{"rendered":"Brosse Trixie Cat"},"content":{"rendered":"<p>Si vous \u00eates \u00e0 la recherche de nouveaut\u00e9s, nous vous pr\u00e9sentons le <b>pinceau Trixie Cat<\/b>!<\/p>\n<ul>\n<li>Mod\u00e8le : Chat<\/li>\n<li>Caract\u00e9ristiques : Doux<\/li>\n<li>Dimensions approximatives : 7 \u00d7 16 cm <\/li>\n<\/ul>\n","protected":false},"excerpt":{"rendered":"<p>Si vous \u00eates \u00e0 la recherche de nouveaut\u00e9s, nous vous pr\u00e9sentons le pinceau Trixie Cat! Mod\u00e8le : Chat Caract\u00e9ristiques : Doux Dimensions approximatives : 7 \u00d7 16 cm<\/p>\n","protected":false},"featured_media":76936,"comment_status":"open","ping_status":"closed","template":"","meta":{"_acf_changed":false},"product_brand":[],"product_cat":[210,211,209],"product_tag":[],"class_list":{"0":"post-64459","1":"product","2":"type-product","3":"status-publish","4":"has-post-thumbnail","6":"product_cat-animaux-de-compagnie","7":"product_cat-bien-etre-et-hygiene","8":"product_cat-maison-jardin","10":"first","11":"outofstock","12":"shipping-taxable","13":"purchasable","14":"product-type-simple"},"acf":[],"aioseo_notices":[],"_links":{"self":[{"href":"https:\/\/comfycat.com\/fr\/wp-json\/wp\/v2\/product\/64459","targetHints":{"allow":["GET"]}}],"collection":[{"href":"https:\/\/comfycat.com\/fr\/wp-json\/wp\/v2\/product"}],"about":[{"href":"https:\/\/comfycat.com\/fr\/wp-json\/wp\/v2\/types\/product"}],"replies":[{"embeddable":true,"href":"https:\/\/comfycat.com\/fr\/wp-json\/wp\/v2\/comments?post=64459"}],"wp:featuredmedia":[{"embeddable":true,"href":"https:\/\/comfycat.com\/fr\/wp-json\/wp\/v2\/media\/76936"}],"wp:attachment":[{"href":"https:\/\/comfycat.com\/fr\/wp-json\/wp\/v2\/media?parent=64459"}],"wp:term":[{"taxonomy":"product_brand","embeddable":true,"href":"https:\/\/comfycat.com\/fr\/wp-json\/wp\/v2\/product_brand?post=64459"},{"taxonomy":"product_cat","embeddable":true,"href":"https:\/\/comfycat.com\/fr\/wp-json\/wp\/v2\/product_cat?post=64459"},{"taxonomy":"product_tag","embeddable":true,"href":"https:\/\/comfycat.com\/fr\/wp-json\/wp\/v2\/product_tag?post=64459"}],"curies":[{"name":"wp","href":"https:\/\/api.w.org\/{rel}","templated":true}]}}