{"id":64070,"date":"2025-11-11T08:59:00","date_gmt":"2025-11-11T08:59:00","guid":{"rendered":"https:\/\/comfycat.com\/product\/collapsible-pet-tunnel-funnylback-up-1\/"},"modified":"2026-04-09T08:41:21","modified_gmt":"2026-04-09T08:41:21","slug":"collapsible-pet-tunnel-funnylback-up-1","status":"publish","type":"product","link":"https:\/\/comfycat.com\/fr\/produit\/collapsible-pet-tunnel-funnylback-up-1\/","title":{"rendered":"Tunnel pliable pour animaux Trixie Vert Gris \u00d8 15 \u00d7 35 CM"},"content":{"rendered":"<p>Si vous \u00eates \u00e0 la recherche de nouveaux articles tendance, nous vous pr\u00e9sentons le <b>tunnel pliable pour animaux de compagnie Trixie Green Grey \u00d8 15 \u00d7 35 CM<\/b>!<\/p>\n<ul>\n<li>Couleur :\n<ul>\n<li>Vert<\/li>\n<li>Gris<\/li>\n<\/ul>\n<\/li>\n<li>Dimensions approximatives : \u00d8 15 \u00d7 35 CM <\/li>\n<li>Animal de compagnie : cochon d&rsquo;Inde<\/li>\n<li>Mati\u00e8re : Polyester<\/li>\n<\/ul>\n","protected":false},"excerpt":{"rendered":"<p>Si vous \u00eates \u00e0 la recherche de nouveaux articles tendance, nous vous pr\u00e9sentons le tunnel pliable pour animaux de compagnie Trixie Green Grey \u00d8 15 \u00d7 35 CM! Couleur : Vert Gris Dimensions approximatives : \u00d8 15 \u00d7 35 CM Animal de compagnie : cochon d&rsquo;Inde Mati\u00e8re : Polyester<\/p>\n","protected":false},"featured_media":77005,"comment_status":"open","ping_status":"closed","template":"","meta":{"_acf_changed":false},"product_brand":[],"product_cat":[210,289,209],"product_tag":[],"class_list":{"0":"post-64070","1":"product","2":"type-product","3":"status-publish","4":"has-post-thumbnail","6":"product_cat-animaux-de-compagnie","7":"product_cat-jouets","8":"product_cat-maison-jardin","10":"first","11":"instock","12":"shipping-taxable","13":"purchasable","14":"product-type-simple"},"acf":[],"aioseo_notices":[],"_links":{"self":[{"href":"https:\/\/comfycat.com\/fr\/wp-json\/wp\/v2\/product\/64070","targetHints":{"allow":["GET"]}}],"collection":[{"href":"https:\/\/comfycat.com\/fr\/wp-json\/wp\/v2\/product"}],"about":[{"href":"https:\/\/comfycat.com\/fr\/wp-json\/wp\/v2\/types\/product"}],"replies":[{"embeddable":true,"href":"https:\/\/comfycat.com\/fr\/wp-json\/wp\/v2\/comments?post=64070"}],"wp:featuredmedia":[{"embeddable":true,"href":"https:\/\/comfycat.com\/fr\/wp-json\/wp\/v2\/media\/77005"}],"wp:attachment":[{"href":"https:\/\/comfycat.com\/fr\/wp-json\/wp\/v2\/media?parent=64070"}],"wp:term":[{"taxonomy":"product_brand","embeddable":true,"href":"https:\/\/comfycat.com\/fr\/wp-json\/wp\/v2\/product_brand?post=64070"},{"taxonomy":"product_cat","embeddable":true,"href":"https:\/\/comfycat.com\/fr\/wp-json\/wp\/v2\/product_cat?post=64070"},{"taxonomy":"product_tag","embeddable":true,"href":"https:\/\/comfycat.com\/fr\/wp-json\/wp\/v2\/product_tag?post=64070"}],"curies":[{"name":"wp","href":"https:\/\/api.w.org\/{rel}","templated":true}]}}