{"id":64064,"date":"2025-11-05T09:52:26","date_gmt":"2025-11-05T09:52:26","guid":{"rendered":"https:\/\/comfycat.com\/product\/rechargeable-cat-water-fountain-with-sensor-refopet-innovagoods\/"},"modified":"2026-03-16T14:01:14","modified_gmt":"2026-03-16T14:01:14","slug":"rechargeable-cat-water-fountain-with-sensor-refopet-innovagoods","status":"publish","type":"product","link":"https:\/\/comfycat.com\/fr\/produit\/rechargeable-cat-water-fountain-with-sensor-refopet-innovagoods\/","title":{"rendered":"Fontaine \u00e0 eau rechargeable pour chat avec capteur Refopet InnovaGoods"},"content":{"rendered":"<div class=\"col-md-6\">Si vous \u00eates passionn\u00e9 par le monde des gadgets, <b>InnovaGoods<\/b> vous propose les meilleures et les plus originales nouveaut\u00e9s pour la maison, la voiture, les voyages, les enfants, la technologie, le divertissement, etc. D\u00e9couvrez une large gamme de produits de haute qualit\u00e9 qui se distinguent par leur fonctionnalit\u00e9, leur efficacit\u00e9 et leur design innovant, comme la <b>fontaine \u00e0 eau rechargeable pour chat avec capteur Refopet InnovaGoods<\/b>!<\/p>\n<p>Cette <b>fontaine \u00e0 eau rechargeable pour chats avec capteur de mouvement<\/b> permet aux animaux de compagnie de boire confortablement de l&#8217;eau fra\u00eeche et propre de meilleure qualit\u00e9. Silencieuse, portable, r\u00e9servoir de 3 L, facile \u00e0 nettoyer. Comprend 3 filtres et un c\u00e2ble USB-C. D\u00e9bit : 12 L\/h.   <\/p>\n<p>Une <b>fontaine \u00e0 eau<\/b> moderne <b>pour animaux de compagnie,<\/b> id\u00e9ale pour les chats, qui pr\u00e9f\u00e8rent boire de l&#8217;eau en mouvement (et non immobile), mais \u00e9galement pour les chiens, les lapins, les oiseaux, etc.<\/p>\n<ul>\n<li><b>Fontaine \u00e0 eau pour chats et autres animaux de compagnie<\/b>: notre fontaine \u00e0 eau pour animaux de compagnie est parfaite pour que les animaux puissent \u00e9tancher leur soif avec de l&#8217;eau de la meilleure qualit\u00e9. Bien qu&#8217;elle soit id\u00e9ale pour les chats, car ils pr\u00e9f\u00e8rent boire de l&#8217;eau en mouvement (pas immobile), elle convient \u00e9galement aux chiens, aux lapins, aux oiseaux, etc. <\/li>\n<li><b>Une eau plus fra\u00eeche et plus propre<\/b>: cette fontaine \u00e0 eau rechargeable pour animaux de compagnie est \u00e9quip\u00e9e d&#8217;une pompe interne (1W) qui permet un \u00e9coulement automatique de l&#8217;eau (12 L\/h). Gr\u00e2ce \u00e0 son mouvement r\u00e9gulier, l&#8217;eau est plus fra\u00eeche et plus propre qu&#8217;un abreuvoir traditionnel. <\/li>\n<li><b>3 filtres et capteur de mouvement<\/b>: cet abreuvoir automatique pour chats est dot\u00e9 d&#8217;un capteur qui l&#8217;active lorsqu&#8217;il d\u00e9tecte un mouvement (120\u00ba-1,5 m). Comprend 1 filtre (+ 2 remplacements) pour purifier l&#8217;eau en \u00e9liminant les impuret\u00e9s. Le filtre est lavable et r\u00e9utilisable (dur\u00e9e approximative : 3-4 mois). Il peut \u00e9galement \u00eatre utilis\u00e9 sans filtre.   <\/li>\n<li><b>Silencieuse, capacit\u00e9 de 3 L :<\/b> Cette fontaine \u00e0 eau pour chat est silencieuse, les animaux de compagnie peuvent donc y boire en toute tranquillit\u00e9 sans qu&#8217;aucun bruit ne vienne les effrayer. Son r\u00e9servoir translucide vous permet de voir le niveau d&#8217;eau et de le remplir en cas de besoin. Il est recommand\u00e9 de laver la fontaine et de changer l&#8217;eau au moins une fois par semaine.  <\/li>\n<li><b>Rechargeable, portable<\/b>: notre fontaine distributrice d&#8217;eau pour animaux de compagnie fonctionne sur batterie (Li-Ion 2000 mAh \/ 7,4 W), elle peut donc \u00eatre utilis\u00e9e partout (1\u00e8re charge : environ 6 heures). C\u00e2ble USB-C inclus. Une charge compl\u00e8te peut durer jusqu&#8217;\u00e0 une semaine. Il fonctionne \u00e9galement \u00e0 l&#8217;aide du c\u00e2ble USB branch\u00e9 sur le secteur.   <\/li>\n<\/ul>\n<ul>\n<li>Mat\u00e9riau :\n<ul>\n<li>ABS<\/li>\n<li>polypropyl\u00e8ne<\/li>\n<\/ul>\n<\/li>\n<li>Couleur :\n<ul>\n<li>Blanc<\/li>\n<li>Gris<\/li>\n<\/ul>\n<\/li>\n<li>Type : Distributeur d&#8217;eau\/fontaine \u00e0 eau<\/li>\n<li>Capacit\u00e9 : 3 L<\/li>\n<li>Design moderne : Original et portable<\/li>\n<li>Caract\u00e9ristiques : Silencieux<\/li>\n<li>Capteur de mouvement : 120\u00ba &#8211; 1,5 m<\/li>\n<li>R\u00e9servoir d&#8217;eau : Vue facile et rapide du contenu<\/li>\n<li>Comprend : Jeu de filtres<\/li>\n<li>Filtre les impuret\u00e9s de l&#8217;eau : Am\u00e9liore la qualit\u00e9 de l&#8217;eau<\/li>\n<li>Utilisation principale : Chats<\/li>\n<li>utilisation secondaire : Convient aux chiens et autres animaux de compagnie<\/li>\n<li>Facile \u00e0 nettoyer : Lavable<\/li>\n<li>Puissance : 1 W<\/li>\n<li>D\u00e9bit d&#8217;eau : 12 L\/h<\/li>\n<li>Rechargeable : C\u00e2ble USB-C inclus<\/li>\n<li>Type de batterie : Li-Ion<\/li>\n<li>Capacit\u00e9 de la batterie : 2000 mAh \/ 7,4 W<\/li>\n<li>Approx. Temps de charge : 6 heures <\/li>\n<li>Approx. l&#8217;autonomie : Jusqu&#8217;\u00e0 7 jours <\/li>\n<li>Entr\u00e9e DC : 5 V \/ 1 A<\/li>\n<li>Approx. dimensions : 20,7 x 17,5 x 17,7 cm <\/li>\n<\/ul>\n<p>Emballage et manuel en 24 langues : anglais, fran\u00e7ais, espagnol, allemand, italien, portugais, n\u00e9erlandais, polonais, hongrois, roumain, danois, su\u00e9dois, finlandais, lituanien, norv\u00e9gien, slov\u00e8ne, grec, tch\u00e8que, bulgare, croate, slovaque, estonien, russe et letton.<\/p><\/div>\n<div class=\"col-md-6\">\n<div class=\"embed-responsive embed-responsive-16by9\"><iframe class=\"embed-responsive-item lazyload\" data-src=\"https:\/\/www.youtube.com\/embed\/FENJFdXKRLE\" frameborder=\"0\" allowfullscreen=\"\" src=\"data:image\/svg+xml;base64,PHN2ZyB3aWR0aD0iMSIgaGVpZ2h0PSIxIiB4bWxucz0iaHR0cDovL3d3dy53My5vcmcvMjAwMC9zdmciPjwvc3ZnPg==\" data-load-mode=\"1\"><\/iframe><\/div>\n<\/div>\n","protected":false},"excerpt":{"rendered":"<p><span class=\"unit-info\">13.4133 \u20ac \/ 1 l<\/span><\/p>\n","protected":false},"featured_media":69475,"comment_status":"open","ping_status":"closed","template":"","meta":{"_acf_changed":false},"product_brand":[],"product_cat":[210,249,209],"product_tag":[283,284],"class_list":{"0":"post-64064","1":"product","2":"type-product","3":"status-publish","4":"has-post-thumbnail","6":"product_cat-animaux-de-compagnie","7":"product_cat-buveurs-et-mangeurs","8":"product_cat-maison-jardin","9":"product_tag-bonnes-affaires","10":"product_tag-materiel","12":"first","13":"outofstock","14":"sale","15":"shipping-taxable","16":"purchasable","17":"product-type-simple"},"acf":[],"aioseo_notices":[],"_links":{"self":[{"href":"https:\/\/comfycat.com\/fr\/wp-json\/wp\/v2\/product\/64064","targetHints":{"allow":["GET"]}}],"collection":[{"href":"https:\/\/comfycat.com\/fr\/wp-json\/wp\/v2\/product"}],"about":[{"href":"https:\/\/comfycat.com\/fr\/wp-json\/wp\/v2\/types\/product"}],"replies":[{"embeddable":true,"href":"https:\/\/comfycat.com\/fr\/wp-json\/wp\/v2\/comments?post=64064"}],"wp:featuredmedia":[{"embeddable":true,"href":"https:\/\/comfycat.com\/fr\/wp-json\/wp\/v2\/media\/69475"}],"wp:attachment":[{"href":"https:\/\/comfycat.com\/fr\/wp-json\/wp\/v2\/media?parent=64064"}],"wp:term":[{"taxonomy":"product_brand","embeddable":true,"href":"https:\/\/comfycat.com\/fr\/wp-json\/wp\/v2\/product_brand?post=64064"},{"taxonomy":"product_cat","embeddable":true,"href":"https:\/\/comfycat.com\/fr\/wp-json\/wp\/v2\/product_cat?post=64064"},{"taxonomy":"product_tag","embeddable":true,"href":"https:\/\/comfycat.com\/fr\/wp-json\/wp\/v2\/product_tag?post=64064"}],"curies":[{"name":"wp","href":"https:\/\/api.w.org\/{rel}","templated":true}]}}