{"id":60659,"date":"2025-12-30T14:07:39","date_gmt":"2025-12-30T14:07:39","guid":{"rendered":"https:\/\/comfycat.com\/product\/chat-hygienique-kit-dhygiene-5-en-1\/"},"modified":"2026-04-23T15:15:20","modified_gmt":"2026-04-23T15:15:20","slug":"hygiene-cat-5-in-1-hygiene-kit","status":"publish","type":"product","link":"https:\/\/comfycat.com\/fr\/produit\/hygiene-cat-5-in-1-hygiene-kit\/","title":{"rendered":"Chat hygi\u00e9nique (kit d&#8217;hygi\u00e8ne 5 en 1)"},"content":{"rendered":"<p>Toilettage quotidien + rafra\u00eechissement rapide = c\u00e2lins plus heureux.<\/p>\n<ul class=\"tick-list\">\n<li><strong>Gant de massage &#8211;<\/strong> pour une \u00e9pilation quotidienne en douceur que les chats adorent.<\/li>\n<li><strong>Rouleau \u00e0 peluches &#8211;<\/strong> canap\u00e9s et v\u00eatements propres en quelques secondes.<\/li>\n<li><strong>Coupe-ongles &#8211;<\/strong> des griffes bien rang\u00e9es, moins d&#8217;accrocs.<\/li>\n<li><strong>Brosse Andis &#8211;<\/strong> soul\u00e8ve le sous-poil l\u00e2che<strong>.<\/strong> <\/li>\n<li><strong>Mousse de shampooing sec &#8211; pour<\/strong> un rafra\u00eechissement rapide entre les bains.<\/li>\n<\/ul>\n","protected":false},"excerpt":{"rendered":"<p>Toilettage quotidien + rafra\u00eechissement rapide = c\u00e2lins plus heureux. Gant de massage &#8211; pour une \u00e9pilation quotidienne en douceur que les chats adorent. Rouleau \u00e0 peluches &#8211; canap\u00e9s et v\u00eatements propres en quelques secondes. Coupe-ongles &#8211; des griffes bien rang\u00e9es, moins d&#8217;accrocs. Brosse Andis &#8211; soul\u00e8ve le sous-poil l\u00e2che. Mousse de shampooing sec &#8211; pour [&hellip;]<\/p>\n","protected":false},"featured_media":60652,"comment_status":"open","ping_status":"closed","template":"","meta":{"_acf_changed":false},"product_brand":[],"product_cat":[148],"product_tag":[405],"class_list":{"0":"post-60659","1":"product","2":"type-product","3":"status-publish","4":"has-post-thumbnail","6":"product_cat-non-categorise","7":"product_tag-le-choix-le-plus-populaire","9":"first","10":"outofstock","11":"shipping-taxable","12":"purchasable","13":"product-type-woosb"},"acf":[],"aioseo_notices":[],"_links":{"self":[{"href":"https:\/\/comfycat.com\/fr\/wp-json\/wp\/v2\/product\/60659","targetHints":{"allow":["GET"]}}],"collection":[{"href":"https:\/\/comfycat.com\/fr\/wp-json\/wp\/v2\/product"}],"about":[{"href":"https:\/\/comfycat.com\/fr\/wp-json\/wp\/v2\/types\/product"}],"replies":[{"embeddable":true,"href":"https:\/\/comfycat.com\/fr\/wp-json\/wp\/v2\/comments?post=60659"}],"wp:featuredmedia":[{"embeddable":true,"href":"https:\/\/comfycat.com\/fr\/wp-json\/wp\/v2\/media\/60652"}],"wp:attachment":[{"href":"https:\/\/comfycat.com\/fr\/wp-json\/wp\/v2\/media?parent=60659"}],"wp:term":[{"taxonomy":"product_brand","embeddable":true,"href":"https:\/\/comfycat.com\/fr\/wp-json\/wp\/v2\/product_brand?post=60659"},{"taxonomy":"product_cat","embeddable":true,"href":"https:\/\/comfycat.com\/fr\/wp-json\/wp\/v2\/product_cat?post=60659"},{"taxonomy":"product_tag","embeddable":true,"href":"https:\/\/comfycat.com\/fr\/wp-json\/wp\/v2\/product_tag?post=60659"}],"curies":[{"name":"wp","href":"https:\/\/api.w.org\/{rel}","templated":true}]}}