{"id":57277,"date":"2025-07-01T15:10:03","date_gmt":"2025-07-01T15:10:03","guid":{"rendered":"https:\/\/comfycat.com\/product\/litiere-pour-chats\/"},"modified":"2026-04-28T13:44:16","modified_gmt":"2026-04-28T13:44:16","slug":"corn-litter","status":"publish","type":"product","link":"https:\/\/comfycat.com\/fr\/produit\/corn-litter\/","title":{"rendered":"Liti\u00e8re pour chats"},"content":{"rendered":"<p>Si vous \u00eates \u00e0 la recherche de nouveaux articles tendance, nous vous pr\u00e9sentons la <b>liti\u00e8re pour chat Hilton 5 L<\/b>!<\/p>\n<ul>\n<li>Type : \u00c9liminateur d&#8217;odeurs<\/li>\n<li>Caract\u00e9ristiques :\n<ul>\n<li>Absorption rapide<\/li>\n<li>Inodore<\/li>\n<\/ul>\n<\/li>\n<li>Capacit\u00e9 : 5 L<\/li>\n<\/ul>\n","protected":false},"excerpt":{"rendered":"<p><em>\ud83c\udf3d 100% naturel. 0 % de compromis. <\/em><br \/>\nDites adieu \u00e0 la poussi\u00e8re, aux produits chimiques et aux parfums artificiels. <strong>ComfyCat Pure<\/strong> est enti\u00e8rement fabriqu\u00e9 \u00e0 partir de <strong>fibres de ma\u00efs naturelles<\/strong> &#8211; il est sans danger pour votre chat, votre maison et la plan\u00e8te.<\/p>\n","protected":false},"featured_media":57164,"comment_status":"open","ping_status":"closed","template":"","meta":{"_acf_changed":false},"product_brand":[],"product_cat":[322,210,319,211,209],"product_tag":[],"class_list":{"0":"post-57277","1":"product","2":"type-product","3":"status-publish","4":"has-post-thumbnail","6":"product_cat-abonnement-a-la-litiere","7":"product_cat-animaux-de-compagnie","8":"product_cat-bac-a-litiere","9":"product_cat-bien-etre-et-hygiene","10":"product_cat-maison-jardin","12":"first","13":"outofstock","14":"sale","15":"shipping-taxable","16":"purchasable","17":"product-type-variable-subscription"},"acf":[],"aioseo_notices":[],"_links":{"self":[{"href":"https:\/\/comfycat.com\/fr\/wp-json\/wp\/v2\/product\/57277","targetHints":{"allow":["GET"]}}],"collection":[{"href":"https:\/\/comfycat.com\/fr\/wp-json\/wp\/v2\/product"}],"about":[{"href":"https:\/\/comfycat.com\/fr\/wp-json\/wp\/v2\/types\/product"}],"replies":[{"embeddable":true,"href":"https:\/\/comfycat.com\/fr\/wp-json\/wp\/v2\/comments?post=57277"}],"wp:featuredmedia":[{"embeddable":true,"href":"https:\/\/comfycat.com\/fr\/wp-json\/wp\/v2\/media\/57164"}],"wp:attachment":[{"href":"https:\/\/comfycat.com\/fr\/wp-json\/wp\/v2\/media?parent=57277"}],"wp:term":[{"taxonomy":"product_brand","embeddable":true,"href":"https:\/\/comfycat.com\/fr\/wp-json\/wp\/v2\/product_brand?post=57277"},{"taxonomy":"product_cat","embeddable":true,"href":"https:\/\/comfycat.com\/fr\/wp-json\/wp\/v2\/product_cat?post=57277"},{"taxonomy":"product_tag","embeddable":true,"href":"https:\/\/comfycat.com\/fr\/wp-json\/wp\/v2\/product_tag?post=57277"}],"curies":[{"name":"wp","href":"https:\/\/api.w.org\/{rel}","templated":true}]}}