{"id":57262,"date":"2025-07-01T15:08:54","date_gmt":"2025-07-01T15:08:54","guid":{"rendered":"https:\/\/comfycat.com\/product\/mangeoire-automatique-intelligente-pour-animaux-de-compagnie\/"},"modified":"2026-03-20T07:41:12","modified_gmt":"2026-03-20T07:41:12","slug":"mangeoire-automatique-intelligente-pour-animaux-de-compagnie","status":"publish","type":"product","link":"https:\/\/comfycat.com\/fr\/produit\/mangeoire-automatique-intelligente-pour-animaux-de-compagnie\/","title":{"rendered":"Mangeoire automatique intelligente pour animaux de compagnie"},"content":{"rendered":"","protected":false},"excerpt":{"rendered":"<p><em>\ud83e\udde0 Alimentation intelligente. Tranquillit\u00e9 d&#8217;esprit totale. <\/em><br \/>\nQue vous soyez au travail ou en d\u00e9placement, <strong>le ComfyCat Feed<\/strong> s&#8217;occupe de l&#8217;heure du repas &#8211; portionn\u00e9, programm\u00e9 et sans stress. R\u00e9glez-le une fois et laissez l&#8217;application faire le reste. <\/p>\n","protected":false},"featured_media":3758,"comment_status":"open","ping_status":"closed","template":"","meta":{"_acf_changed":false},"product_brand":[],"product_cat":[319],"product_tag":[],"class_list":{"0":"post-57262","1":"product","2":"type-product","3":"status-publish","4":"has-post-thumbnail","6":"product_cat-bac-a-litiere","8":"first","9":"outofstock","10":"sale","11":"shipping-taxable","12":"purchasable","13":"product-type-simple"},"acf":[],"aioseo_notices":[],"_links":{"self":[{"href":"https:\/\/comfycat.com\/fr\/wp-json\/wp\/v2\/product\/57262","targetHints":{"allow":["GET"]}}],"collection":[{"href":"https:\/\/comfycat.com\/fr\/wp-json\/wp\/v2\/product"}],"about":[{"href":"https:\/\/comfycat.com\/fr\/wp-json\/wp\/v2\/types\/product"}],"replies":[{"embeddable":true,"href":"https:\/\/comfycat.com\/fr\/wp-json\/wp\/v2\/comments?post=57262"}],"wp:featuredmedia":[{"embeddable":true,"href":"https:\/\/comfycat.com\/fr\/wp-json\/wp\/v2\/media\/3758"}],"wp:attachment":[{"href":"https:\/\/comfycat.com\/fr\/wp-json\/wp\/v2\/media?parent=57262"}],"wp:term":[{"taxonomy":"product_brand","embeddable":true,"href":"https:\/\/comfycat.com\/fr\/wp-json\/wp\/v2\/product_brand?post=57262"},{"taxonomy":"product_cat","embeddable":true,"href":"https:\/\/comfycat.com\/fr\/wp-json\/wp\/v2\/product_cat?post=57262"},{"taxonomy":"product_tag","embeddable":true,"href":"https:\/\/comfycat.com\/fr\/wp-json\/wp\/v2\/product_tag?post=57262"}],"curies":[{"name":"wp","href":"https:\/\/api.w.org\/{rel}","templated":true}]}}