{"id":57229,"date":"2025-10-29T07:12:13","date_gmt":"2025-10-29T07:12:13","guid":{"rendered":"https:\/\/comfycat.com\/product\/garantie-prolongee-de-4-ans\/"},"modified":"2026-04-23T14:39:34","modified_gmt":"2026-04-23T14:39:34","slug":"4-year-extended-warranty","status":"publish","type":"product","link":"https:\/\/comfycat.com\/fr\/produit\/4-year-extended-warranty\/","title":{"rendered":"Garantie prolong\u00e9e de 4 ans"},"content":{"rendered":"<div class=\"ofer-pg-mdl-each-box\">\n<h4>Ce qui est couvert<\/h4>\n<ul class=\"ofer-pg-popup-lst\">\n<li>D\u00e9faillances m\u00e9caniques et \u00e9lectriques apr\u00e8s la garantie europ\u00e9enne standard de 2 ans (pi\u00e8ces et main d&#8217;\u0153uvre).<\/li>\n<li>Moteur, capteurs, carte de contr\u00f4le, alimentation et c\u00e2blage interne.<\/li>\n<\/ul>\n<\/div>\n<div class=\"ofer-pg-mdl-each-box\">\n<h4>Ce qui n&#8217;est pas couvert<\/h4>\n<ul class=\"ofer-pg-popup-lst\">\n<li>Dommages accidentels, mauvaise utilisation, liquides, r\u00e9parations\/modifications non autoris\u00e9es.<\/li>\n<li>Consommables (liti\u00e8re, filtres, sacs \u00e0 d\u00e9chets) et usure cosm\u00e9tique.<\/li>\n<\/ul>\n<\/div>\n<div class=\"ofer-pg-mdl-each-box\">\n<h4>Comment cela fonctionne-t-il ?<\/h4>\n<ul class=\"ofer-pg-popup-lst\">\n<li>Dur\u00e9e : jusqu <strong>&#8216;\u00e0 48 mois \u00e0 compter de la livraison<\/strong> (garantie standard + p\u00e9riode prolong\u00e9e).<\/li>\n<li>Disponible avec les plans <strong>Platinum Care<\/strong> actifs de <strong>24 ou 36 mois.<\/strong> <\/li>\n<li>Si une r\u00e9paration n&#8217;est pas possible, nous <strong>rempla\u00e7ons l&#8217;appareil une fois<\/strong> pendant la dur\u00e9e du contrat.<\/li>\n<li><strong>Exp\u00e9dition dans l&#8217;UE dans les deux sens couverte<\/strong>; autres r\u00e9gions : nous couvrons les pi\u00e8ces et la main d&#8217;\u0153uvre mais pas l&#8217;exp\u00e9dition.<\/li>\n<\/ul>\n<\/div>\n<div class=\"ofer-pg-mdl-each-box\">\n<h4>Pour r\u00e9clamer<\/h4>\n<p>Contactez le service d&#8217;assistance en indiquant votre num\u00e9ro de commande et votre num\u00e9ro de s\u00e9rie ; nous effectuerons un diagnostic \u00e0 distance et organiserons la r\u00e9paration ou le remplacement.<\/p>\n<\/div>\n","protected":false},"excerpt":{"rendered":"<p>Ce qui est couvert D\u00e9faillances m\u00e9caniques et \u00e9lectriques apr\u00e8s la garantie europ\u00e9enne standard de 2 ans (pi\u00e8ces et main d&#8217;\u0153uvre). Moteur, capteurs, carte de contr\u00f4le, alimentation et c\u00e2blage interne. Ce qui n&#8217;est pas couvert Dommages accidentels, mauvaise utilisation, liquides, r\u00e9parations\/modifications non autoris\u00e9es. Consommables (liti\u00e8re, filtres, sacs \u00e0 d\u00e9chets) et usure cosm\u00e9tique. Comment cela fonctionne-t-il ? [&hellip;]<\/p>\n","protected":false},"featured_media":37321,"comment_status":"open","ping_status":"closed","template":"","meta":{"_acf_changed":false},"product_brand":[],"product_cat":[319],"product_tag":[],"class_list":{"0":"post-57229","1":"product","2":"type-product","3":"status-publish","4":"has-post-thumbnail","6":"product_cat-bac-a-litiere","8":"first","9":"instock","10":"shipping-taxable","11":"purchasable","12":"product-type-simple"},"acf":[],"aioseo_notices":[],"_links":{"self":[{"href":"https:\/\/comfycat.com\/fr\/wp-json\/wp\/v2\/product\/57229","targetHints":{"allow":["GET"]}}],"collection":[{"href":"https:\/\/comfycat.com\/fr\/wp-json\/wp\/v2\/product"}],"about":[{"href":"https:\/\/comfycat.com\/fr\/wp-json\/wp\/v2\/types\/product"}],"replies":[{"embeddable":true,"href":"https:\/\/comfycat.com\/fr\/wp-json\/wp\/v2\/comments?post=57229"}],"wp:featuredmedia":[{"embeddable":true,"href":"https:\/\/comfycat.com\/fr\/wp-json\/wp\/v2\/media\/37321"}],"wp:attachment":[{"href":"https:\/\/comfycat.com\/fr\/wp-json\/wp\/v2\/media?parent=57229"}],"wp:term":[{"taxonomy":"product_brand","embeddable":true,"href":"https:\/\/comfycat.com\/fr\/wp-json\/wp\/v2\/product_brand?post=57229"},{"taxonomy":"product_cat","embeddable":true,"href":"https:\/\/comfycat.com\/fr\/wp-json\/wp\/v2\/product_cat?post=57229"},{"taxonomy":"product_tag","embeddable":true,"href":"https:\/\/comfycat.com\/fr\/wp-json\/wp\/v2\/product_tag?post=57229"}],"curies":[{"name":"wp","href":"https:\/\/api.w.org\/{rel}","templated":true}]}}