{"id":57215,"date":"2025-10-29T07:20:28","date_gmt":"2025-10-29T07:20:28","guid":{"rendered":"https:\/\/comfycat.com\/product\/bonus-futur-1-an-de-litiere-sacs\/"},"modified":"2026-04-13T15:11:15","modified_gmt":"2026-04-13T15:11:15","slug":"bonus-futur-1-an-de-litiere-sacs","status":"publish","type":"product","link":"https:\/\/comfycat.com\/fr\/produit\/bonus-futur-1-an-de-litiere-sacs\/","title":{"rendered":"Bonus futur &#8211; 1 an de liti\u00e8re + sacs"},"content":{"rendered":"<div class=\"ofer-pg-mdl-each-tabview\">\n<div class=\"ofer-pg-mdl-each-box\">\n<h4>Ce que vous obtenez<\/h4>\n<ul class=\"ofer-pg-popup-lst\">\n<li>Un <strong>stock<\/strong> suppl\u00e9mentaire de <strong>12 mois de<\/strong> liti\u00e8re de ma\u00efs ComfyCat + des sacs \u00e0 d\u00e9chets bloquant les odeurs, adapt\u00e9s \u00e0 votre unit\u00e9.<\/li>\n<li>Les quantit\u00e9s sont calibr\u00e9es pour <strong>un foyer de chats moyen<\/strong> (utilisation typique sur 12 mois).<\/li>\n<\/ul><\/div>\n<div class=\"ofer-pg-mdl-each-box\">\n<h4>Lorsque vous l&#8217;obtenez<\/h4>\n<ul class=\"ofer-pg-popup-lst\">\n<li><strong>Exclusif au plan Platinum Care de 36 mois.<\/strong><\/li>\n<li><strong>Exp\u00e9di\u00e9 \u00e0 l&#8217;expiration du plan Platinum Care de 36 mois et au cours des 12 mois suivants (donc au cours des mois 36 \u00e0 48)<\/strong><\/li>\n<\/ul><\/div>\n<div class=\"ofer-pg-mdl-each-box\">\n<h4>Conditions<\/h4>\n<ul class=\"ofer-pg-popup-lst\">\n<li>Un bonus futur par machine<strong>; sans esp\u00e8ces, jusqu&#8217;\u00e0 \u00e9puisement des stocks.<\/strong> <\/li>\n<li>Livraison gratuite dans l&#8217;UE<\/li>\n<li>Si le plan est annul\u00e9 ou si les paiements sont interrompus avant le 12e mois, la prime est <strong>perdue<\/strong>.<\/li>\n<\/ul><\/div>\n<div class=\"ofer-pg-mdl-each-box\">\n<p>Vous permet de rester approvisionn\u00e9 pendant une ann\u00e9e enti\u00e8re &#8211; sur nous.<\/p>\n<\/p><\/div>\n<\/div>\n","protected":false},"excerpt":{"rendered":"<p>Ce que vous obtenez Un stock suppl\u00e9mentaire de 12 mois de liti\u00e8re de ma\u00efs ComfyCat + des sacs \u00e0 d\u00e9chets bloquant les odeurs, adapt\u00e9s \u00e0 votre unit\u00e9. Les quantit\u00e9s sont calibr\u00e9es pour un foyer de chats moyen (utilisation typique sur 12 mois). Lorsque vous l&#8217;obtenez Exclusif au plan Platinum Care de 36 mois. Exp\u00e9di\u00e9 \u00e0 [&hellip;]<\/p>\n","protected":false},"featured_media":37339,"comment_status":"open","ping_status":"closed","template":"","meta":{"_acf_changed":false},"product_brand":[],"product_cat":[319,148],"product_tag":[],"class_list":{"0":"post-57215","1":"product","2":"type-product","3":"status-publish","4":"has-post-thumbnail","6":"product_cat-bac-a-litiere","7":"product_cat-non-categorise","9":"first","10":"instock","11":"shipping-taxable","12":"purchasable","13":"product-type-simple"},"acf":[],"aioseo_notices":[],"_links":{"self":[{"href":"https:\/\/comfycat.com\/fr\/wp-json\/wp\/v2\/product\/57215","targetHints":{"allow":["GET"]}}],"collection":[{"href":"https:\/\/comfycat.com\/fr\/wp-json\/wp\/v2\/product"}],"about":[{"href":"https:\/\/comfycat.com\/fr\/wp-json\/wp\/v2\/types\/product"}],"replies":[{"embeddable":true,"href":"https:\/\/comfycat.com\/fr\/wp-json\/wp\/v2\/comments?post=57215"}],"wp:featuredmedia":[{"embeddable":true,"href":"https:\/\/comfycat.com\/fr\/wp-json\/wp\/v2\/media\/37339"}],"wp:attachment":[{"href":"https:\/\/comfycat.com\/fr\/wp-json\/wp\/v2\/media?parent=57215"}],"wp:term":[{"taxonomy":"product_brand","embeddable":true,"href":"https:\/\/comfycat.com\/fr\/wp-json\/wp\/v2\/product_brand?post=57215"},{"taxonomy":"product_cat","embeddable":true,"href":"https:\/\/comfycat.com\/fr\/wp-json\/wp\/v2\/product_cat?post=57215"},{"taxonomy":"product_tag","embeddable":true,"href":"https:\/\/comfycat.com\/fr\/wp-json\/wp\/v2\/product_tag?post=57215"}],"curies":[{"name":"wp","href":"https:\/\/api.w.org\/{rel}","templated":true}]}}