{"id":57213,"date":"2025-10-29T07:19:12","date_gmt":"2025-10-29T07:19:12","guid":{"rendered":"https:\/\/comfycat.com\/product\/don-de-charite\/"},"modified":"2026-04-13T15:11:14","modified_gmt":"2026-04-13T15:11:14","slug":"don-de-charite","status":"publish","type":"product","link":"https:\/\/comfycat.com\/fr\/produit\/don-de-charite\/","title":{"rendered":"Don de charit\u00e9"},"content":{"rendered":"<p>Avec votre plan Platinum Care, <strong>ComfyCat fait un don de 10 \u20ac par commande \u00e0<\/strong> un partenaire de protection des animaux.<\/p>\n<div class=\"ofer-pg-mdl-each-box\">\n<ul class=\"ofer-pg-popup-lst\">\n<li>Aucun frais pour vous ; pas de d\u00e9duction fiscale pour les clients.<\/li>\n<li>Nous publions des <strong>mises \u00e0 jour trimestrielles sur l&#8217;impact<\/strong> (fonds, b\u00e9n\u00e9ficiaires, projets). Nous faisons des dons \u00e0 notre r\u00e9seau de partenaires par d\u00e9faut. <\/li>\n<li>Si une organisation devient in\u00e9ligible, nous redirigerons les fonds vers une organisation caritative similaire.<\/li>\n<\/ul><\/div>\n<div class=\"ofer-pg-mdl-each-box\">\n<p>Merci d&#8217;aider les animaux de compagnie dans le besoin  <img decoding=\"async\" src=\"https:\/\/comfycat.com\/wp-content\/themes\/comfycat\/images\/smile-emoji.png\" alt=\"\"><\/p>\n<\/p><\/div>\n","protected":false},"excerpt":{"rendered":"<p>Avec votre plan Platinum Care, ComfyCat fait un don de 10 \u20ac par commande \u00e0 un partenaire de protection des animaux. Aucun frais pour vous ; pas de d\u00e9duction fiscale pour les clients. Nous publions des mises \u00e0 jour trimestrielles sur l&#8217;impact (fonds, b\u00e9n\u00e9ficiaires, projets). Nous faisons des dons \u00e0 notre r\u00e9seau de partenaires par [&hellip;]<\/p>\n","protected":false},"featured_media":37333,"comment_status":"open","ping_status":"closed","template":"","meta":{"_acf_changed":false},"product_brand":[],"product_cat":[319],"product_tag":[],"class_list":{"0":"post-57213","1":"product","2":"type-product","3":"status-publish","4":"has-post-thumbnail","6":"product_cat-bac-a-litiere","8":"first","9":"instock","10":"shipping-taxable","11":"purchasable","12":"product-type-simple"},"acf":[],"aioseo_notices":[],"_links":{"self":[{"href":"https:\/\/comfycat.com\/fr\/wp-json\/wp\/v2\/product\/57213","targetHints":{"allow":["GET"]}}],"collection":[{"href":"https:\/\/comfycat.com\/fr\/wp-json\/wp\/v2\/product"}],"about":[{"href":"https:\/\/comfycat.com\/fr\/wp-json\/wp\/v2\/types\/product"}],"replies":[{"embeddable":true,"href":"https:\/\/comfycat.com\/fr\/wp-json\/wp\/v2\/comments?post=57213"}],"wp:featuredmedia":[{"embeddable":true,"href":"https:\/\/comfycat.com\/fr\/wp-json\/wp\/v2\/media\/37333"}],"wp:attachment":[{"href":"https:\/\/comfycat.com\/fr\/wp-json\/wp\/v2\/media?parent=57213"}],"wp:term":[{"taxonomy":"product_brand","embeddable":true,"href":"https:\/\/comfycat.com\/fr\/wp-json\/wp\/v2\/product_brand?post=57213"},{"taxonomy":"product_cat","embeddable":true,"href":"https:\/\/comfycat.com\/fr\/wp-json\/wp\/v2\/product_cat?post=57213"},{"taxonomy":"product_tag","embeddable":true,"href":"https:\/\/comfycat.com\/fr\/wp-json\/wp\/v2\/product_tag?post=57213"}],"curies":[{"name":"wp","href":"https:\/\/api.w.org\/{rel}","templated":true}]}}