{"id":57193,"date":"2025-07-01T15:07:00","date_gmt":"2025-07-01T15:07:00","guid":{"rendered":"https:\/\/comfycat.com\/product\/comfybox-pro\/"},"modified":"2026-04-28T09:07:40","modified_gmt":"2026-04-28T09:07:40","slug":"comfybox-pro","status":"publish","type":"product","link":"https:\/\/comfycat.com\/fr\/produit\/comfybox-pro\/","title":{"rendered":"ComfyBox Pro"},"content":{"rendered":"","protected":false},"excerpt":{"rendered":"<p>La fa\u00e7on la plus simple et la plus propre de g\u00e9rer la liti\u00e8re de votre chat.<strong>Automatis\u00e9e. Sans odeur. Contr\u00f4l\u00e9e par application. Approuv\u00e9e par des milliers d&#8217;utilisateurs.   <\/strong><\/p>\n","protected":false},"featured_media":3539,"comment_status":"open","ping_status":"closed","template":"","meta":{"_acf_changed":false},"product_brand":[],"product_cat":[319],"product_tag":[],"class_list":{"0":"post-57193","1":"product","2":"type-product","3":"status-publish","4":"has-post-thumbnail","6":"product_cat-bac-a-litiere","8":"first","9":"instock","10":"shipping-taxable","11":"purchasable","12":"product-type-simple"},"acf":[],"aioseo_notices":[],"_links":{"self":[{"href":"https:\/\/comfycat.com\/fr\/wp-json\/wp\/v2\/product\/57193","targetHints":{"allow":["GET"]}}],"collection":[{"href":"https:\/\/comfycat.com\/fr\/wp-json\/wp\/v2\/product"}],"about":[{"href":"https:\/\/comfycat.com\/fr\/wp-json\/wp\/v2\/types\/product"}],"replies":[{"embeddable":true,"href":"https:\/\/comfycat.com\/fr\/wp-json\/wp\/v2\/comments?post=57193"}],"wp:featuredmedia":[{"embeddable":true,"href":"https:\/\/comfycat.com\/fr\/wp-json\/wp\/v2\/media\/3539"}],"wp:attachment":[{"href":"https:\/\/comfycat.com\/fr\/wp-json\/wp\/v2\/media?parent=57193"}],"wp:term":[{"taxonomy":"product_brand","embeddable":true,"href":"https:\/\/comfycat.com\/fr\/wp-json\/wp\/v2\/product_brand?post=57193"},{"taxonomy":"product_cat","embeddable":true,"href":"https:\/\/comfycat.com\/fr\/wp-json\/wp\/v2\/product_cat?post=57193"},{"taxonomy":"product_tag","embeddable":true,"href":"https:\/\/comfycat.com\/fr\/wp-json\/wp\/v2\/product_tag?post=57193"}],"curies":[{"name":"wp","href":"https:\/\/api.w.org\/{rel}","templated":true}]}}