{"id":57186,"date":"2025-07-07T13:31:23","date_gmt":"2025-07-07T13:31:23","guid":{"rendered":"https:\/\/comfycat.com\/product\/sacs-a-dechets-anti-odeurs\/"},"modified":"2026-04-16T09:34:06","modified_gmt":"2026-04-16T09:34:06","slug":"odor-locking-waste-bags","status":"publish","type":"product","link":"https:\/\/comfycat.com\/fr\/produit\/odor-locking-waste-bags\/","title":{"rendered":"Sacs \u00e0 d\u00e9chets anti-odeurs"},"content":{"rendered":"","protected":false},"excerpt":{"rendered":"<p><img decoding=\"async\" data-src=\"https:\/\/comfycat.com\/wp-content\/smush-webp\/2025\/07\/icon53.png.webp\" alt=\"\" width=\"26\" height=\"27\" class=\"alignnone size-full wp-image-376 lazyload\" data-srcset=\"https:\/\/comfycat.com\/wp-content\/smush-webp\/2025\/07\/icon53.png.webp 26w, https:\/\/comfycat.com\/wp-content\/smush-webp\/2025\/07\/icon53-24x24.png.webp 24w\" data-sizes=\"(max-width: 26px) 100vw, 26px\" src=\"data:image\/svg+xml;base64,PHN2ZyB3aWR0aD0iMSIgaGVpZ2h0PSIxIiB4bWxucz0iaHR0cDovL3d3dy53My5vcmcvMjAwMC9zdmciPjwvc3ZnPg==\" style=\"--smush-placeholder-width: 26px; --smush-placeholder-aspect-ratio: 26\/27;\" data-smush-webp-fallback=\"{&quot;data-src&quot;:&quot;https:\\\/\\\/comfycat.com\\\/wp-content\\\/uploads\\\/2025\\\/07\\\/icon53.png&quot;,&quot;data-srcset&quot;:&quot;https:\\\/\\\/comfycat.com\\\/wp-content\\\/uploads\\\/2025\\\/07\\\/icon53.png 26w, https:\\\/\\\/comfycat.com\\\/wp-content\\\/uploads\\\/2025\\\/07\\\/icon53-24x24.png 24w&quot;}\" \/><strong>La fa\u00e7on la plus propre de se d\u00e9barrasser des d\u00e9chets.<\/strong><\/p>\n<p>Con\u00e7us pour s&rsquo;adapter parfaitement \u00e0 votre <strong>bac \u00e0 liti\u00e8re ComfyCat Smart,<\/strong> nos <strong>ComfyCat FreshBags<\/strong> facilitent le nettoyage &#8211; pas d&rsquo;odeur, pas de d\u00e9sordre et pas de fuites.<\/p>\n","protected":false},"featured_media":3803,"comment_status":"open","ping_status":"closed","template":"","meta":{"_acf_changed":false},"product_brand":[],"product_cat":[322,319],"product_tag":[],"class_list":{"0":"post-57186","1":"product","2":"type-product","3":"status-publish","4":"has-post-thumbnail","6":"product_cat-abonnement-a-la-litiere","7":"product_cat-bac-a-litiere","9":"first","10":"instock","11":"shipping-taxable","12":"purchasable","13":"product-type-variable-subscription"},"acf":[],"aioseo_notices":[],"_links":{"self":[{"href":"https:\/\/comfycat.com\/fr\/wp-json\/wp\/v2\/product\/57186","targetHints":{"allow":["GET"]}}],"collection":[{"href":"https:\/\/comfycat.com\/fr\/wp-json\/wp\/v2\/product"}],"about":[{"href":"https:\/\/comfycat.com\/fr\/wp-json\/wp\/v2\/types\/product"}],"replies":[{"embeddable":true,"href":"https:\/\/comfycat.com\/fr\/wp-json\/wp\/v2\/comments?post=57186"}],"wp:featuredmedia":[{"embeddable":true,"href":"https:\/\/comfycat.com\/fr\/wp-json\/wp\/v2\/media\/3803"}],"wp:attachment":[{"href":"https:\/\/comfycat.com\/fr\/wp-json\/wp\/v2\/media?parent=57186"}],"wp:term":[{"taxonomy":"product_brand","embeddable":true,"href":"https:\/\/comfycat.com\/fr\/wp-json\/wp\/v2\/product_brand?post=57186"},{"taxonomy":"product_cat","embeddable":true,"href":"https:\/\/comfycat.com\/fr\/wp-json\/wp\/v2\/product_cat?post=57186"},{"taxonomy":"product_tag","embeddable":true,"href":"https:\/\/comfycat.com\/fr\/wp-json\/wp\/v2\/product_tag?post=57186"}],"curies":[{"name":"wp","href":"https:\/\/api.w.org\/{rel}","templated":true}]}}