{"id":56904,"date":"2025-11-27T13:08:48","date_gmt":"2025-11-27T13:08:48","guid":{"rendered":"https:\/\/comfycat.com\/product\/hamac-suspendu-pour-chat-catlax-innovagoods\/"},"modified":"2026-04-09T09:15:26","modified_gmt":"2026-04-09T09:15:26","slug":"hanging-cat-hammock-catlax-innovagoods","status":"publish","type":"product","link":"https:\/\/comfycat.com\/fr\/produit\/hanging-cat-hammock-catlax-innovagoods\/","title":{"rendered":"Hamac suspendu pour chat Catlax InnovaGoods"},"content":{"rendered":"<div class=\"ofer-pg-mdl-each-tabview\">\n<div class=\"ofer-pg-mdl-each-box\">\n<p>Un hamac suspendu moderne et \u00e9l\u00e9gant pour les chats. Parfait pour les animaux de compagnie afin qu&#8217;ils puissent profiter confortablement de leur propre espace&#8230; un endroit o\u00f9 ils peuvent contempler le paysage, prendre un bain de soleil, jouer \u00e0 sauter de haut en bas, etc. sans se soucier de quoi que ce soit. Les chats aiment les hauteurs, ils seront donc fascin\u00e9s par ce hamac suspendu, qui peut \u00eatre plac\u00e9 \u00e0 n&#8217;importe quelle hauteur, ce qui permet d&#8217;utiliser efficacement votre espace tout en le gardant bien rang\u00e9. Il s&#8217;installe facilement \u00e0 l&#8217;aide de 4 ventouses solides qui assurent un maintien ferme (sans outil) et supportent jusqu&#8217;\u00e0 30 kg de poids. Le hamac est principalement install\u00e9 sur des fen\u00eatres ou des portes vitr\u00e9es (\u00e0 l&#8217;int\u00e9rieur, sur des surfaces propres, lisses et non poreuses). Ce hamac original pour chat est tr\u00e8s polyvalent et adaptable gr\u00e2ce \u00e0 sa conception multipositions. Il est l\u00e9ger et portable, ce qui vous permet de le d\u00e9placer quand vous le souhaitez. Il se compose de plusieurs tubes en plastique et de deux c\u00e2bles m\u00e9talliques suspendus qui peuvent supporter le poids en toute s\u00e9curit\u00e9, emp\u00eachant le chat de les m\u00e2cher et de les casser. La housse de soutien en tissu Oxford est r\u00e9sistante, respirante et lavable \u00e0 la main. Il est facile \u00e0 monter et \u00e0 d\u00e9monter en suivant les instructions fournies, et prend tr\u00e8s peu de place lorsqu&#8217;il est rang\u00e9.        <\/p>\n<\/p><\/div>\n<div class=\"ofer-pg-mdl-each-box\">\n<h4>Mat\u00e9riau :<\/h4>\n<ul class=\"ofer-pg-popup-lst\">\n<li>PP<\/li>\n<li>PVC<\/li>\n<li>Polyester (Oxford)<\/li>\n<\/ul><\/div>\n<\/div>\n","protected":false},"excerpt":{"rendered":"<p>Un hamac suspendu moderne et \u00e9l\u00e9gant pour les chats. Parfait pour les animaux de compagnie afin qu&#8217;ils puissent profiter confortablement de leur propre espace&#8230; un endroit o\u00f9 ils peuvent contempler le paysage, prendre un bain de soleil, jouer \u00e0 sauter de haut en bas, etc. sans se soucier de quoi que ce soit. Les chats [&hellip;]<\/p>\n","protected":false},"featured_media":55071,"comment_status":"open","ping_status":"closed","template":"","meta":{"_acf_changed":false},"product_brand":[],"product_cat":[148],"product_tag":[],"class_list":{"0":"post-56904","1":"product","2":"type-product","3":"status-publish","4":"has-post-thumbnail","6":"product_cat-non-categorise","8":"first","9":"instock","10":"shipping-taxable","11":"purchasable","12":"product-type-simple"},"acf":[],"aioseo_notices":[],"_links":{"self":[{"href":"https:\/\/comfycat.com\/fr\/wp-json\/wp\/v2\/product\/56904","targetHints":{"allow":["GET"]}}],"collection":[{"href":"https:\/\/comfycat.com\/fr\/wp-json\/wp\/v2\/product"}],"about":[{"href":"https:\/\/comfycat.com\/fr\/wp-json\/wp\/v2\/types\/product"}],"replies":[{"embeddable":true,"href":"https:\/\/comfycat.com\/fr\/wp-json\/wp\/v2\/comments?post=56904"}],"wp:featuredmedia":[{"embeddable":true,"href":"https:\/\/comfycat.com\/fr\/wp-json\/wp\/v2\/media\/55071"}],"wp:attachment":[{"href":"https:\/\/comfycat.com\/fr\/wp-json\/wp\/v2\/media?parent=56904"}],"wp:term":[{"taxonomy":"product_brand","embeddable":true,"href":"https:\/\/comfycat.com\/fr\/wp-json\/wp\/v2\/product_brand?post=56904"},{"taxonomy":"product_cat","embeddable":true,"href":"https:\/\/comfycat.com\/fr\/wp-json\/wp\/v2\/product_cat?post=56904"},{"taxonomy":"product_tag","embeddable":true,"href":"https:\/\/comfycat.com\/fr\/wp-json\/wp\/v2\/product_tag?post=56904"}],"curies":[{"name":"wp","href":"https:\/\/api.w.org\/{rel}","templated":true}]}}