{"id":57038,"date":"2025-09-05T06:47:11","date_gmt":"2025-09-05T06:47:11","guid":{"rendered":"https:\/\/comfycat.com\/blog\/"},"modified":"2025-12-22T07:16:25","modified_gmt":"2025-12-22T07:16:25","slug":"blog","status":"publish","type":"page","link":"https:\/\/comfycat.com\/fr\/blog\/","title":{"rendered":"Blog"},"content":{"rendered":"<h1>Blog<\/h1>\n<p>Facilitez l&#8217;alimentation de votre ami f\u00e9lin et rendez-la plus saine gr\u00e2ce \u00e0 nos conseils, avis et guides sur les mangeoires pour chats. Des mangeoires automatiques au contr\u00f4le des portions en passant par les routines de repas, ce blog vous aide \u00e0 choisir les meilleures options pour que votre chat soit heureux, nourri et \u00e0 l&#8217;heure. <\/p>\n","protected":false},"excerpt":{"rendered":"<p>Blog Facilitez l&#8217;alimentation de votre ami f\u00e9lin et rendez-la plus saine gr\u00e2ce \u00e0 nos conseils, avis et guides sur les mangeoires pour chats. Des mangeoires automatiques au contr\u00f4le des portions en passant par les routines de repas, ce blog vous aide \u00e0 choisir les meilleures options pour que votre chat soit heureux, nourri et \u00e0 [&hellip;]<\/p>\n","protected":false},"author":1,"featured_media":0,"parent":0,"menu_order":0,"comment_status":"closed","ping_status":"closed","template":"templates\/template-blog.php","meta":{"_acf_changed":false,"footnotes":""},"class_list":["post-57038","page","type-page","status-publish","hentry"],"acf":[],"aioseo_notices":[],"_links":{"self":[{"href":"https:\/\/comfycat.com\/fr\/wp-json\/wp\/v2\/pages\/57038","targetHints":{"allow":["GET"]}}],"collection":[{"href":"https:\/\/comfycat.com\/fr\/wp-json\/wp\/v2\/pages"}],"about":[{"href":"https:\/\/comfycat.com\/fr\/wp-json\/wp\/v2\/types\/page"}],"author":[{"embeddable":true,"href":"https:\/\/comfycat.com\/fr\/wp-json\/wp\/v2\/users\/1"}],"replies":[{"embeddable":true,"href":"https:\/\/comfycat.com\/fr\/wp-json\/wp\/v2\/comments?post=57038"}],"version-history":[{"count":0,"href":"https:\/\/comfycat.com\/fr\/wp-json\/wp\/v2\/pages\/57038\/revisions"}],"wp:attachment":[{"href":"https:\/\/comfycat.com\/fr\/wp-json\/wp\/v2\/media?parent=57038"}],"curies":[{"name":"wp","href":"https:\/\/api.w.org\/{rel}","templated":true}]}}