{"id":56745,"date":"2025-09-05T06:56:26","date_gmt":"2025-09-05T06:56:26","guid":{"rendered":"https:\/\/comfycat.com\/terms-conditions-comfycat-com\/"},"modified":"2026-02-06T10:02:02","modified_gmt":"2026-02-06T10:02:02","slug":"terms-conditions-comfycat-com","status":"publish","type":"page","link":"https:\/\/comfycat.com\/fr\/terms-conditions-comfycat-com\/","title":{"rendered":"Terms &amp; Conditions \u2013 ComfyCat.com"},"content":{"rendered":"<p>  Bienvenue sur le site de <a href=\"#\"><strong>ComfyCat.com<\/strong><\/a>. Le site est exploit\u00e9 par ComfyCat (&#8220;nous&#8221;, &#8220;notre&#8221;, &#8220;nos&#8221;). En acc\u00e9dant \u00e0 notre site ou en y effectuant des achats, vous acceptez d&#8217;\u00eatre li\u00e9 par les conditions g\u00e9n\u00e9rales suivantes. Veuillez les lire attentivement avant de passer une commande.<\/p>\n<p> <strong> Note : <\/strong> Cette page est destin\u00e9e \u00e0 fournir des informations g\u00e9n\u00e9rales uniquement et ne remplace pas un avis juridique. Vos droits l\u00e9gaux de consommateur ne sont pas affect\u00e9s.   <\/p>\n<p>ComfyCat.com est d\u00e9tenu et exploit\u00e9 par <strong>Petra Srl,<\/strong> une soci\u00e9t\u00e9 \u00e0 responsabilit\u00e9 limit\u00e9e constitu\u00e9e en Italie, dont le si\u00e8ge social est situ\u00e9 \u00e0 <strong>MILANO (MI) VIA ALFONSO LAMARMORA 6 CAP 20122,<\/strong> num\u00e9ro de TVA. <strong>IT12386900968.<\/strong> Pour toute question juridique ou de facturation, <strong>Petra Srl<\/strong> est la partie contractante pour tous les achats effectu\u00e9s sur ce Site.<\/p>\n","protected":false},"excerpt":{"rendered":"<p>Bienvenue sur le site de ComfyCat.com. Le site est exploit\u00e9 par ComfyCat (&#8220;nous&#8221;, &#8220;notre&#8221;, &#8220;nos&#8221;). En acc\u00e9dant \u00e0 notre site ou en y effectuant des achats, vous acceptez d&#8217;\u00eatre li\u00e9 par les conditions g\u00e9n\u00e9rales suivantes. Veuillez les lire attentivement avant de passer une commande. Note : Cette page est destin\u00e9e \u00e0 fournir des informations g\u00e9n\u00e9rales [&hellip;]<\/p>\n","protected":false},"author":1,"featured_media":0,"parent":0,"menu_order":0,"comment_status":"closed","ping_status":"closed","template":"templates\/template-legalpages.php","meta":{"_acf_changed":false,"footnotes":""},"class_list":["post-56745","page","type-page","status-publish","hentry"],"acf":[],"aioseo_notices":[],"_links":{"self":[{"href":"https:\/\/comfycat.com\/fr\/wp-json\/wp\/v2\/pages\/56745","targetHints":{"allow":["GET"]}}],"collection":[{"href":"https:\/\/comfycat.com\/fr\/wp-json\/wp\/v2\/pages"}],"about":[{"href":"https:\/\/comfycat.com\/fr\/wp-json\/wp\/v2\/types\/page"}],"author":[{"embeddable":true,"href":"https:\/\/comfycat.com\/fr\/wp-json\/wp\/v2\/users\/1"}],"replies":[{"embeddable":true,"href":"https:\/\/comfycat.com\/fr\/wp-json\/wp\/v2\/comments?post=56745"}],"version-history":[{"count":0,"href":"https:\/\/comfycat.com\/fr\/wp-json\/wp\/v2\/pages\/56745\/revisions"}],"wp:attachment":[{"href":"https:\/\/comfycat.com\/fr\/wp-json\/wp\/v2\/media?parent=56745"}],"curies":[{"name":"wp","href":"https:\/\/api.w.org\/{rel}","templated":true}]}}