{"id":56451,"date":"2025-09-05T06:55:41","date_gmt":"2025-09-05T06:55:41","guid":{"rendered":"https:\/\/comfycat.com\/returns-refunds-comfycat\/"},"modified":"2025-09-05T06:55:41","modified_gmt":"2025-09-05T06:55:41","slug":"returns-refunds-comfycat","status":"publish","type":"page","link":"https:\/\/comfycat.com\/fr\/returns-refunds-comfycat\/","title":{"rendered":"Returns &amp; Refunds \u2013 ComfyCat"},"content":{"rendered":"<p>Nous voulons que vous et votre chat soyez v\u00e9ritablement satisfaits de votre <strong>bac \u00e0 liti\u00e8re automatique ComfyBox Pro<\/strong> et de ses accessoires. Si quelque chose ne va pas, nous ferons de notre mieux pour vous aider. <\/p>\n","protected":false},"excerpt":{"rendered":"<p>Nous voulons que vous et votre chat soyez v\u00e9ritablement satisfaits de votre bac \u00e0 liti\u00e8re automatique ComfyBox Pro et de ses accessoires. Si quelque chose ne va pas, nous ferons de notre mieux pour vous aider.<\/p>\n","protected":false},"author":1,"featured_media":0,"parent":0,"menu_order":0,"comment_status":"closed","ping_status":"closed","template":"templates\/template-return.php","meta":{"_acf_changed":false,"footnotes":""},"class_list":["post-56451","page","type-page","status-publish","hentry"],"acf":[],"aioseo_notices":[],"_links":{"self":[{"href":"https:\/\/comfycat.com\/fr\/wp-json\/wp\/v2\/pages\/56451","targetHints":{"allow":["GET"]}}],"collection":[{"href":"https:\/\/comfycat.com\/fr\/wp-json\/wp\/v2\/pages"}],"about":[{"href":"https:\/\/comfycat.com\/fr\/wp-json\/wp\/v2\/types\/page"}],"author":[{"embeddable":true,"href":"https:\/\/comfycat.com\/fr\/wp-json\/wp\/v2\/users\/1"}],"replies":[{"embeddable":true,"href":"https:\/\/comfycat.com\/fr\/wp-json\/wp\/v2\/comments?post=56451"}],"version-history":[{"count":0,"href":"https:\/\/comfycat.com\/fr\/wp-json\/wp\/v2\/pages\/56451\/revisions"}],"wp:attachment":[{"href":"https:\/\/comfycat.com\/fr\/wp-json\/wp\/v2\/media?parent=56451"}],"curies":[{"name":"wp","href":"https:\/\/api.w.org\/{rel}","templated":true}]}}