{"id":56044,"date":"2025-06-20T06:41:58","date_gmt":"2025-06-20T06:41:58","guid":{"rendered":"https:\/\/comfycat.com\/contactez-nous\/"},"modified":"2026-03-23T06:45:40","modified_gmt":"2026-03-23T06:45:40","slug":"contactez-nous","status":"publish","type":"page","link":"https:\/\/comfycat.com\/fr\/contactez-nous\/","title":{"rendered":"Contactez-nous"},"content":{"rendered":"<h1>Contactez-nous \u2013 ComfyCat<\/h1>\n<p><span class=\"TextRun SCXW58475702 BCX0\" lang=\"EN-US\" data-contrast=\"auto\"><span class=\"NormalTextRun SCXW58475702 BCX0\">Nous sommes<\/span><span class=\"NormalTextRun SCXW58475702 BCX0\"> l\u00e0 pour vous aider, vous et votre chat, \u00e0 tirer le meilleur parti de votre <\/span><\/span><strong><span class=\"TextRun MacChromeBold SCXW58475702 BCX0\" lang=\"EN-US\" data-contrast=\"auto\"><span class=\"NormalTextRun SCXW58475702 BCX0\">liti\u00e8re automatique ComfyBox Pro<\/span><\/span><\/strong><span class=\"TextRun SCXW58475702 BCX0\" lang=\"EN-US\" data-contrast=\"auto\"><span class=\"NormalTextRun SCXW58475702 BCX0\"> et de ses accessoires.<\/span><\/span><span class=\"EOP SCXW58475702 BCX0\" data-ccp-props=\"{\"134233117\":true,\"134233118\":true,\"201341983\":0,\"335559740\":240}\"> <\/span><\/p>\n","protected":false},"excerpt":{"rendered":"<p>Contactez-nous \u2013 ComfyCat Nous sommes l\u00e0 pour vous aider, vous et votre chat, \u00e0 tirer le meilleur parti de votre liti\u00e8re automatique ComfyBox Pro et de ses accessoires.<\/p>\n","protected":false},"author":1,"featured_media":0,"parent":0,"menu_order":0,"comment_status":"closed","ping_status":"closed","template":"templates\/template-contact.php","meta":{"_acf_changed":false,"footnotes":""},"class_list":["post-56044","page","type-page","status-publish","hentry"],"acf":[],"aioseo_notices":[],"_links":{"self":[{"href":"https:\/\/comfycat.com\/fr\/wp-json\/wp\/v2\/pages\/56044","targetHints":{"allow":["GET"]}}],"collection":[{"href":"https:\/\/comfycat.com\/fr\/wp-json\/wp\/v2\/pages"}],"about":[{"href":"https:\/\/comfycat.com\/fr\/wp-json\/wp\/v2\/types\/page"}],"author":[{"embeddable":true,"href":"https:\/\/comfycat.com\/fr\/wp-json\/wp\/v2\/users\/1"}],"replies":[{"embeddable":true,"href":"https:\/\/comfycat.com\/fr\/wp-json\/wp\/v2\/comments?post=56044"}],"version-history":[{"count":0,"href":"https:\/\/comfycat.com\/fr\/wp-json\/wp\/v2\/pages\/56044\/revisions"}],"wp:attachment":[{"href":"https:\/\/comfycat.com\/fr\/wp-json\/wp\/v2\/media?parent=56044"}],"curies":[{"name":"wp","href":"https:\/\/api.w.org\/{rel}","templated":true}]}}