{"id":73095,"date":"2026-02-25T09:48:32","date_gmt":"2026-02-25T09:48:32","guid":{"rendered":"https:\/\/comfycat.com\/product\/surveillance-camcorder-imilab-cmsxj68a\/"},"modified":"2026-04-13T15:11:09","modified_gmt":"2026-04-13T15:11:09","slug":"surveillance-camcorder-imilab-cmsxj68a","status":"publish","type":"product","link":"https:\/\/comfycat.com\/es\/producto\/surveillance-camcorder-imilab-cmsxj68a\/","title":{"rendered":"Videoc\u00e1mara de vigilancia Imilab CMSXJ68A"},"content":{"rendered":"<p>Si est\u00e1 buscando las \u00faltimas tendencias del mercado, le presentamos la <b>videoc\u00e1mara de vigilancia Imilab CMSXJ68A<\/b>.<\/p>\n<ul>\n<li>Tipo: Videoc\u00e1mara<\/li>\n<\/ul>\n","protected":false},"excerpt":{"rendered":"<p>Si est\u00e1 buscando las \u00faltimas tendencias del mercado, le presentamos la videoc\u00e1mara de vigilancia Imilab CMSXJ68A. Tipo: Videoc\u00e1mara<\/p>\n","protected":false},"featured_media":73064,"comment_status":"open","ping_status":"closed","template":"","meta":{"_acf_changed":false},"product_brand":[],"product_cat":[352,353,213],"product_tag":[354,277],"class_list":{"0":"post-73095","1":"product","2":"type-product","3":"status-publish","4":"has-post-thumbnail","6":"product_cat-automatizacion-y-seguridad","7":"product_cat-camaras-de-video-de-vigilancia","8":"product_cat-hogar-jardin","9":"product_tag-domotica-seguridad","10":"product_tag-hardware-es","12":"first","13":"outofstock","14":"shipping-taxable","15":"purchasable","16":"product-type-simple"},"acf":[],"aioseo_notices":[],"_links":{"self":[{"href":"https:\/\/comfycat.com\/es\/wp-json\/wp\/v2\/product\/73095","targetHints":{"allow":["GET"]}}],"collection":[{"href":"https:\/\/comfycat.com\/es\/wp-json\/wp\/v2\/product"}],"about":[{"href":"https:\/\/comfycat.com\/es\/wp-json\/wp\/v2\/types\/product"}],"replies":[{"embeddable":true,"href":"https:\/\/comfycat.com\/es\/wp-json\/wp\/v2\/comments?post=73095"}],"wp:featuredmedia":[{"embeddable":true,"href":"https:\/\/comfycat.com\/es\/wp-json\/wp\/v2\/media\/73064"}],"wp:attachment":[{"href":"https:\/\/comfycat.com\/es\/wp-json\/wp\/v2\/media?parent=73095"}],"wp:term":[{"taxonomy":"product_brand","embeddable":true,"href":"https:\/\/comfycat.com\/es\/wp-json\/wp\/v2\/product_brand?post=73095"},{"taxonomy":"product_cat","embeddable":true,"href":"https:\/\/comfycat.com\/es\/wp-json\/wp\/v2\/product_cat?post=73095"},{"taxonomy":"product_tag","embeddable":true,"href":"https:\/\/comfycat.com\/es\/wp-json\/wp\/v2\/product_tag?post=73095"}],"curies":[{"name":"wp","href":"https:\/\/api.w.org\/{rel}","templated":true}]}}