{"id":69831,"date":"2025-11-11T08:36:30","date_gmt":"2025-11-11T08:36:30","guid":{"rendered":"https:\/\/comfycat.com\/product\/scratching-posts\/"},"modified":"2026-04-13T17:52:36","modified_gmt":"2026-04-13T17:52:36","slug":"scratching-posts","status":"publish","type":"product","link":"https:\/\/comfycat.com\/es\/producto\/scratching-posts\/","title":{"rendered":"Rascador para Gatos Gloria Sinaloa Marr\u00f3n \u00d8 14 cm"},"content":{"rendered":"<p>Si est\u00e1s buscando nuevos art\u00edculos de tendencia en el mercado, \u00a1te presentamos el <b>Rascador para Gatos Gloria Sinaloa Marr\u00f3n \u00d8 14 cm<\/b>!<\/p>\n<ul>\n<li>Tipo: Rascador para gatos<\/li>\n<li>Mascota: Gato<\/li>\n<li>Altura: 81,5 cm<\/li>\n<li>Color: Marr\u00f3n<\/li>\n<li>Material:\n<ul>\n<li>Poli\u00e9ster<\/li>\n<li>Madera<\/li>\n<li>Papel<\/li>\n<li>Pl\u00e1stico<\/li>\n<li>Sisal<\/li>\n<\/ul>\n<\/li>\n<li>Di\u00e1metro aprox: \u00d8 14 cm <\/li>\n<\/ul>\n","protected":false},"excerpt":{"rendered":"<p>Si est\u00e1s buscando nuevos art\u00edculos de tendencia en el mercado, \u00a1te presentamos el Rascador para Gatos Gloria Sinaloa Marr\u00f3n \u00d8 14 cm! Tipo: Rascador para gatos Mascota: Gato Altura: 81,5 cm Color: Marr\u00f3n Material: Poli\u00e9ster Madera Papel Pl\u00e1stico Sisal Di\u00e1metro aprox: \u00d8 14 cm<\/p>\n","protected":false},"featured_media":70059,"comment_status":"open","ping_status":"closed","template":"","meta":{"_acf_changed":false},"product_brand":[],"product_cat":[213,290,214],"product_tag":[],"class_list":{"0":"post-69831","1":"product","2":"type-product","3":"status-publish","4":"has-post-thumbnail","6":"product_cat-hogar-jardin","7":"product_cat-juguetes","8":"product_cat-mascotas","10":"first","11":"instock","12":"shipping-taxable","13":"purchasable","14":"product-type-simple"},"acf":[],"aioseo_notices":[],"_links":{"self":[{"href":"https:\/\/comfycat.com\/es\/wp-json\/wp\/v2\/product\/69831","targetHints":{"allow":["GET"]}}],"collection":[{"href":"https:\/\/comfycat.com\/es\/wp-json\/wp\/v2\/product"}],"about":[{"href":"https:\/\/comfycat.com\/es\/wp-json\/wp\/v2\/types\/product"}],"replies":[{"embeddable":true,"href":"https:\/\/comfycat.com\/es\/wp-json\/wp\/v2\/comments?post=69831"}],"wp:featuredmedia":[{"embeddable":true,"href":"https:\/\/comfycat.com\/es\/wp-json\/wp\/v2\/media\/70059"}],"wp:attachment":[{"href":"https:\/\/comfycat.com\/es\/wp-json\/wp\/v2\/media?parent=69831"}],"wp:term":[{"taxonomy":"product_brand","embeddable":true,"href":"https:\/\/comfycat.com\/es\/wp-json\/wp\/v2\/product_brand?post=69831"},{"taxonomy":"product_cat","embeddable":true,"href":"https:\/\/comfycat.com\/es\/wp-json\/wp\/v2\/product_cat?post=69831"},{"taxonomy":"product_tag","embeddable":true,"href":"https:\/\/comfycat.com\/es\/wp-json\/wp\/v2\/product_tag?post=69831"}],"curies":[{"name":"wp","href":"https:\/\/api.w.org\/{rel}","templated":true}]}}