{"id":69734,"date":"2025-11-11T10:41:25","date_gmt":"2025-11-11T10:41:25","guid":{"rendered":"https:\/\/comfycat.com\/product\/brush-andis-plastic-blades-51-x-37-x-33-cm\/"},"modified":"2026-04-02T06:36:32","modified_gmt":"2026-04-02T06:36:32","slug":"brush-andis-plastic-blades-51-x-37-x-33-cm","status":"publish","type":"product","link":"https:\/\/comfycat.com\/es\/producto\/brush-andis-plastic-blades-51-x-37-x-33-cm\/","title":{"rendered":"Cepillo Andis Cuchillas de Pl\u00e1stico 51 x 37 x 33 cm"},"content":{"rendered":"<p>Si est\u00e1 buscando nuevos art\u00edculos de tendencia en el mercado, \u00a1le presentamos el <b>Cepillo Andis Cuchillas de Pl\u00e1stico 51 x 37 x 33 cm<\/b>!<\/p>\n<ul>\n<li>Uso recomendado: Cuchillas<\/li>\n<li>Dimensiones aprox: 51 x 37 x 33 cm <\/li>\n<li>Material: Pl\u00e1stico<\/li>\n<\/ul>\n","protected":false},"excerpt":{"rendered":"<p>Si est\u00e1 buscando nuevos art\u00edculos de tendencia en el mercado, \u00a1le presentamos el Cepillo Andis Cuchillas de Pl\u00e1stico 51 x 37 x 33 cm! Uso recomendado: Cuchillas Dimensiones aprox: 51 x 37 x 33 cm Material: Pl\u00e1stico<\/p>\n","protected":false},"featured_media":70005,"comment_status":"open","ping_status":"closed","template":"","meta":{"_acf_changed":false},"product_brand":[],"product_cat":[215,213,214],"product_tag":[288],"class_list":{"0":"post-69734","1":"product","2":"type-product","3":"status-publish","4":"has-post-thumbnail","6":"product_cat-bienestar-e-higiene","7":"product_cat-hogar-jardin","8":"product_cat-mascotas","9":"product_tag-mejores-ofertas","11":"first","12":"outofstock","13":"shipping-taxable","14":"purchasable","15":"product-type-simple"},"acf":[],"aioseo_notices":[],"_links":{"self":[{"href":"https:\/\/comfycat.com\/es\/wp-json\/wp\/v2\/product\/69734","targetHints":{"allow":["GET"]}}],"collection":[{"href":"https:\/\/comfycat.com\/es\/wp-json\/wp\/v2\/product"}],"about":[{"href":"https:\/\/comfycat.com\/es\/wp-json\/wp\/v2\/types\/product"}],"replies":[{"embeddable":true,"href":"https:\/\/comfycat.com\/es\/wp-json\/wp\/v2\/comments?post=69734"}],"wp:featuredmedia":[{"embeddable":true,"href":"https:\/\/comfycat.com\/es\/wp-json\/wp\/v2\/media\/70005"}],"wp:attachment":[{"href":"https:\/\/comfycat.com\/es\/wp-json\/wp\/v2\/media?parent=69734"}],"wp:term":[{"taxonomy":"product_brand","embeddable":true,"href":"https:\/\/comfycat.com\/es\/wp-json\/wp\/v2\/product_brand?post=69734"},{"taxonomy":"product_cat","embeddable":true,"href":"https:\/\/comfycat.com\/es\/wp-json\/wp\/v2\/product_cat?post=69734"},{"taxonomy":"product_tag","embeddable":true,"href":"https:\/\/comfycat.com\/es\/wp-json\/wp\/v2\/product_tag?post=69734"}],"curies":[{"name":"wp","href":"https:\/\/api.w.org\/{rel}","templated":true}]}}