{"id":69715,"date":"2025-11-11T10:30:35","date_gmt":"2025-11-11T10:30:35","guid":{"rendered":"https:\/\/comfycat.com\/product\/nail-clipper-gloria-cat\/"},"modified":"2026-04-02T06:36:32","modified_gmt":"2026-04-02T06:36:32","slug":"nail-clipper-gloria-cat","status":"publish","type":"product","link":"https:\/\/comfycat.com\/es\/producto\/nail-clipper-gloria-cat\/","title":{"rendered":"Cortau\u00f1as Gloria Cat"},"content":{"rendered":"<p>Si buscas nuevos art\u00edculos de tendencia en el mercado, \u00a1te presentamos el <b>Cortau\u00f1as Gloria Cat<\/b>!<\/p>\n<ul>\n<li>Tipo:\n<ul>\n<li>Mascotas<\/li>\n<li>Tijeras para cortar u\u00f1as<\/li>\n<\/ul>\n<\/li>\n<li>Mascota: Gato<\/li>\n<li>Material: Pl\u00e1stico<\/li>\n<\/ul>\n","protected":false},"excerpt":{"rendered":"<p>Si buscas nuevos art\u00edculos de tendencia en el mercado, \u00a1te presentamos el Cortau\u00f1as Gloria Cat! Tipo: Mascotas Tijeras para cortar u\u00f1as Mascota: Gato Material: Pl\u00e1stico<\/p>\n","protected":false},"featured_media":69716,"comment_status":"open","ping_status":"closed","template":"","meta":{"_acf_changed":false},"product_brand":[],"product_cat":[215,213,214],"product_tag":[288],"class_list":{"0":"post-69715","1":"product","2":"type-product","3":"status-publish","4":"has-post-thumbnail","6":"product_cat-bienestar-e-higiene","7":"product_cat-hogar-jardin","8":"product_cat-mascotas","9":"product_tag-mejores-ofertas","11":"first","12":"outofstock","13":"shipping-taxable","14":"purchasable","15":"product-type-simple"},"acf":[],"aioseo_notices":[],"_links":{"self":[{"href":"https:\/\/comfycat.com\/es\/wp-json\/wp\/v2\/product\/69715","targetHints":{"allow":["GET"]}}],"collection":[{"href":"https:\/\/comfycat.com\/es\/wp-json\/wp\/v2\/product"}],"about":[{"href":"https:\/\/comfycat.com\/es\/wp-json\/wp\/v2\/types\/product"}],"replies":[{"embeddable":true,"href":"https:\/\/comfycat.com\/es\/wp-json\/wp\/v2\/comments?post=69715"}],"wp:featuredmedia":[{"embeddable":true,"href":"https:\/\/comfycat.com\/es\/wp-json\/wp\/v2\/media\/69716"}],"wp:attachment":[{"href":"https:\/\/comfycat.com\/es\/wp-json\/wp\/v2\/media?parent=69715"}],"wp:term":[{"taxonomy":"product_brand","embeddable":true,"href":"https:\/\/comfycat.com\/es\/wp-json\/wp\/v2\/product_brand?post=69715"},{"taxonomy":"product_cat","embeddable":true,"href":"https:\/\/comfycat.com\/es\/wp-json\/wp\/v2\/product_cat?post=69715"},{"taxonomy":"product_tag","embeddable":true,"href":"https:\/\/comfycat.com\/es\/wp-json\/wp\/v2\/product_tag?post=69715"}],"curies":[{"name":"wp","href":"https:\/\/api.w.org\/{rel}","templated":true}]}}