{"id":69683,"date":"2025-11-11T09:07:53","date_gmt":"2025-11-11T09:07:53","guid":{"rendered":"https:\/\/comfycat.com\/product\/scratching-postsbackup-2\/"},"modified":"2026-02-18T13:34:51","modified_gmt":"2026-02-18T13:34:51","slug":"scratching-postsbackup-2","status":"publish","type":"product","link":"https:\/\/comfycat.com\/es\/producto\/scratching-postsbackup-2\/","title":{"rendered":"Rascador para gatos Gloria Rin Marr\u00f3n 6,5 cm"},"content":{"rendered":"<p>Si est\u00e1 buscando nuevos art\u00edculos de tendencia en el mercado, \u00a1le presentamos el <b>poste rascador para gatos Gloria Rin Marr\u00f3n 6,5 cm<\/b>!<\/p>\n<ul>\n<li>Mascota: Gato<\/li>\n<li>Tipo: Rascador para gatos<\/li>\n<li>Altura: 80 cm<\/li>\n<li>Color: Marr\u00f3n<\/li>\n<li>Material:\n<ul>\n<li>Poli\u00e9ster<\/li>\n<li>Madera<\/li>\n<li>Papel<\/li>\n<li>Pl\u00e1stico<\/li>\n<li>Sisal<\/li>\n<\/ul>\n<\/li>\n<li>Di\u00e1metro aprox.: 6,5 cm <\/li>\n<\/ul>\n","protected":false},"excerpt":{"rendered":"<p>Si est\u00e1 buscando nuevos art\u00edculos de tendencia en el mercado, \u00a1le presentamos el poste rascador para gatos Gloria Rin Marr\u00f3n 6,5 cm! Mascota: Gato Tipo: Rascador para gatos Altura: 80 cm Color: Marr\u00f3n Material: Poli\u00e9ster Madera Papel Pl\u00e1stico Sisal Di\u00e1metro aprox.: 6,5 cm<\/p>\n","protected":false},"featured_media":70019,"comment_status":"open","ping_status":"closed","template":"","meta":{"_acf_changed":false},"product_brand":[],"product_cat":[213,290,214],"product_tag":[],"class_list":{"0":"post-69683","1":"product","2":"type-product","3":"status-publish","4":"has-post-thumbnail","6":"product_cat-hogar-jardin","7":"product_cat-juguetes","8":"product_cat-mascotas","10":"first","11":"instock","12":"shipping-taxable","13":"purchasable","14":"product-type-simple"},"acf":[],"aioseo_notices":[],"_links":{"self":[{"href":"https:\/\/comfycat.com\/es\/wp-json\/wp\/v2\/product\/69683","targetHints":{"allow":["GET"]}}],"collection":[{"href":"https:\/\/comfycat.com\/es\/wp-json\/wp\/v2\/product"}],"about":[{"href":"https:\/\/comfycat.com\/es\/wp-json\/wp\/v2\/types\/product"}],"replies":[{"embeddable":true,"href":"https:\/\/comfycat.com\/es\/wp-json\/wp\/v2\/comments?post=69683"}],"wp:featuredmedia":[{"embeddable":true,"href":"https:\/\/comfycat.com\/es\/wp-json\/wp\/v2\/media\/70019"}],"wp:attachment":[{"href":"https:\/\/comfycat.com\/es\/wp-json\/wp\/v2\/media?parent=69683"}],"wp:term":[{"taxonomy":"product_brand","embeddable":true,"href":"https:\/\/comfycat.com\/es\/wp-json\/wp\/v2\/product_brand?post=69683"},{"taxonomy":"product_cat","embeddable":true,"href":"https:\/\/comfycat.com\/es\/wp-json\/wp\/v2\/product_cat?post=69683"},{"taxonomy":"product_tag","embeddable":true,"href":"https:\/\/comfycat.com\/es\/wp-json\/wp\/v2\/product_tag?post=69683"}],"curies":[{"name":"wp","href":"https:\/\/api.w.org\/{rel}","templated":true}]}}