{"id":69495,"date":"2025-11-11T08:43:40","date_gmt":"2025-11-11T08:43:40","guid":{"rendered":"https:\/\/comfycat.com\/product\/collapsible-pet-tunnel-funnyl\/"},"modified":"2026-04-13T17:52:35","modified_gmt":"2026-04-13T17:52:35","slug":"collapsible-pet-tunnel-funnyl","status":"publish","type":"product","link":"https:\/\/comfycat.com\/es\/producto\/collapsible-pet-tunnel-funnyl\/","title":{"rendered":"T\u00fanel plegable para mascotas Funnyl InnovaGoods"},"content":{"rendered":"<div class=\"col-md-6\">\u00a1Si te apasiona el mundo de los gadgets, <b>InnovaGoods<\/b> te ofrece las mejores y m\u00e1s originales novedades para el hogar, el coche, los viajes, los ni\u00f1os, la tecnolog\u00eda, el entretenimiento, etc.! \u00a1Descubre una amplia gama de productos de alta calidad que destacan por su funcionalidad, eficacia y dise\u00f1o innovador, como el <b>T\u00fanel Colapsable para Mascotas Funnyl InnovaGoods<\/b>!<\/p>\n<p>El <b>t\u00fanel plegable para mascotas Funnyl InnovaGoods <\/b>es ideal para que los gatos jueguen y se diviertan, duerman, se escondan, etc. Este t\u00fanel <b>para gatos&nbsp;<\/b>adopta varias formas una vez desplegado, motivando as\u00ed al animal<br \/>\npara que no se aburra y pueda vivir nuevas aventuras cada d\u00eda en su refugio secreto<br \/>\n. Tambi\u00e9n cuenta con dos agujeros para que el gato pueda asomarse y<br \/>\nentrar y salir del t\u00fanel.    <\/p>\n<\/p>\n<ul>\n<li>Dise\u00f1o plegable,<br \/>\nmateriales de calidad<\/li>\n<li>Moderno, elegante,<br \/>\nligero, vers\u00e1til, adaptable<\/li>\n<li>Impermeable, para interiores<br \/>\ny exteriores<\/li>\n<li>2 posiciones:<br \/>\nrecta o doblada en U<\/li>\n<li>Largo y ancho:<br \/>\n114 cm de largo y 25 cm de di\u00e1metro<\/li>\n<li>2 ventanas de observaci\u00f3n<br \/>\n, entrada y salida para su mascota<\/li>\n<li>Multiusos:<br \/>\ndescanso, escondite, juego, diversi\u00f3n, entretenimiento&#8230;<\/li>\n<li>Ocupa<br \/>\npoco espacio cuando est\u00e1 completamente plegada, y es f\u00e1cil de transportar y guardar<\/li>\n<\/ul>\n<p>Este <b>juguete para gatos <\/b>es muy f\u00e1cil de<br \/>\nutilizar, plegar y desplegar. Sus botones de sujeci\u00f3n permiten plegarlo f\u00e1cilmente,<br \/>\noptimizando el uso del espacio y facilitando su almacenamiento o transporte cuando<br \/>\nviaja, realiza actividades al aire libre, etc. <\/p>\n<p>Puede colocarse recto longitudinalmente o<br \/>\ndoblado en forma de U. Tambi\u00e9n puede limpiarse f\u00e1cilmente lav\u00e1ndola a mano con un pa\u00f1o<br \/>\n, agua tibia y jab\u00f3n. <\/p>\n<\/p>\n<ul>\n<li>Material: Poli\u00e9ster<\/li>\n<li>Color: Gris<\/li>\n<li>Tipo: Juguete para gatos<\/li>\n<li>Dise\u00f1o moderno y elegante: Innovador y funcional<\/li>\n<li>Multifunci\u00f3n: Tiene varios usos y espacios<\/li>\n<li>Multiposici\u00f3n: Vers\u00e1til y adaptable<\/li>\n<li>Plegable: F\u00e1cil de transportar y guardar<\/li>\n<li>Original y port\u00e1til: Ligero y manejable<\/li>\n<li>F\u00e1cil de usar: C\u00f3modo y f\u00e1cil de usar<\/li>\n<li>Propiedades: Resistente al agua<\/li>\n<li>Caracter\u00edsticas: Uso interior y exterior<\/li>\n<li>Dimensiones aprox: \u00d825 x 114 cm <\/li>\n<li>Embalaje en 24 idiomas: Ingl\u00e9s, franc\u00e9s, espa\u00f1ol, alem\u00e1n, italiano, portugu\u00e9s, neerland\u00e9s, polaco, h\u00fangaro, rumano, dan\u00e9s, sueco, fin\u00e9s, lituano, noruego, esloveno, griego, checo, b\u00falgaro, croata, eslovaco, estonio, ruso y let\u00f3n.<\/li>\n<\/ul>\n<p>Embalaje en 24 idiomas: Ingl\u00e9s, franc\u00e9s, espa\u00f1ol, alem\u00e1n, italiano, portugu\u00e9s, neerland\u00e9s, polaco, h\u00fangaro, rumano, dan\u00e9s, sueco, fin\u00e9s, lituano, noruego, esloveno, griego, checo, b\u00falgaro, croata, eslovaco, estonio, ruso y let\u00f3n.<\/p><\/div>\n<div class=\"col-md-6\">\n<div class=\"embed-responsive embed-responsive-16by9\"><iframe class=\"embed-responsive-item\" src=\"https:\/\/www.youtube.com\/embed\/fWmPM15fzkM\" frameborder=\"0\" allowfullscreen=\"\"><\/iframe><\/div>\n<\/div>\n","protected":false},"excerpt":{"rendered":"<p>\u00a1Si te apasiona el mundo de los gadgets, InnovaGoods te ofrece las mejores y m\u00e1s originales novedades para el hogar, el coche, los viajes, los ni\u00f1os, la tecnolog\u00eda, el entretenimiento, etc.! \u00a1Descubre una amplia gama de productos de alta calidad que destacan por su funcionalidad, eficacia y dise\u00f1o innovador, como el T\u00fanel Colapsable para Mascotas [&hellip;]<\/p>\n","protected":false},"featured_media":70047,"comment_status":"open","ping_status":"closed","template":"","meta":{"_acf_changed":false},"product_brand":[],"product_cat":[213,276,290,214,274,275,273],"product_tag":[288],"class_list":{"0":"post-69495","1":"product","2":"type-product","3":"status-publish","4":"has-post-thumbnail","6":"product_cat-hogar-jardin","7":"product_cat-ideas-para-el-hogar","8":"product_cat-juguetes","9":"product_cat-mascotas","10":"product_cat-regalos-originales","11":"product_cat-regalos-para-el-hogar","12":"product_cat-teleshopping-as-seen-on-tv-es","13":"product_tag-mejores-ofertas","15":"first","16":"instock","17":"shipping-taxable","18":"purchasable","19":"product-type-simple"},"acf":[],"aioseo_notices":[],"_links":{"self":[{"href":"https:\/\/comfycat.com\/es\/wp-json\/wp\/v2\/product\/69495","targetHints":{"allow":["GET"]}}],"collection":[{"href":"https:\/\/comfycat.com\/es\/wp-json\/wp\/v2\/product"}],"about":[{"href":"https:\/\/comfycat.com\/es\/wp-json\/wp\/v2\/types\/product"}],"replies":[{"embeddable":true,"href":"https:\/\/comfycat.com\/es\/wp-json\/wp\/v2\/comments?post=69495"}],"wp:featuredmedia":[{"embeddable":true,"href":"https:\/\/comfycat.com\/es\/wp-json\/wp\/v2\/media\/70047"}],"wp:attachment":[{"href":"https:\/\/comfycat.com\/es\/wp-json\/wp\/v2\/media?parent=69495"}],"wp:term":[{"taxonomy":"product_brand","embeddable":true,"href":"https:\/\/comfycat.com\/es\/wp-json\/wp\/v2\/product_brand?post=69495"},{"taxonomy":"product_cat","embeddable":true,"href":"https:\/\/comfycat.com\/es\/wp-json\/wp\/v2\/product_cat?post=69495"},{"taxonomy":"product_tag","embeddable":true,"href":"https:\/\/comfycat.com\/es\/wp-json\/wp\/v2\/product_tag?post=69495"}],"curies":[{"name":"wp","href":"https:\/\/api.w.org\/{rel}","templated":true}]}}