{"id":69490,"date":"2025-11-11T08:41:39","date_gmt":"2025-11-11T08:41:39","guid":{"rendered":"https:\/\/comfycat.com\/product\/anti-stress-pet-bed-bepess\/"},"modified":"2026-02-18T12:41:37","modified_gmt":"2026-02-18T12:41:37","slug":"anti-stress-pet-bed-bepess","status":"publish","type":"product","link":"https:\/\/comfycat.com\/es\/producto\/anti-stress-pet-bed-bepess\/","title":{"rendered":"Cama antiestr\u00e9s para mascotas Bepess InnovaGoods \u00d8 60 cm"},"content":{"rendered":"<div class=\"col-md-6\">\u00a1Si te apasiona el mundo de los gadgets, <b>InnovaGoods<\/b> te ofrece las mejores y m\u00e1s originales novedades para el hogar, el coche, los viajes, los ni\u00f1os, la tecnolog\u00eda, el entretenimiento, etc.! Descubre una amplia gama de productos de alta calidad que destacan por su funcionalidad, eficacia y dise\u00f1o innovador, \u00a1como la <b>Cama Antiestr\u00e9s para Mascotas Bepess InnovaGoods \u00d8 60 cm<\/b>!<\/p>\n<p>La <b>cama antiestr\u00e9s para mascotas Bepess<br \/>\nInnovaGoods<\/b> ayuda a reducir y aliviar el estr\u00e9s<br \/>\ny la ansiedad que sufren los animales, proporcion\u00e1ndoles una agradable sensaci\u00f3n de calma y<br \/>\nbienestar. Esta c\u00f3moda y suave <b>cama <\/b>para mascotas es ideal para que los animales est\u00e9n<br \/>\nm\u00e1s relajados y puedan dormir y descansar mejor, apoyando su cabeza en su<br \/>\nborde elevado con total comodidad. <\/p>\n<\/p>\n<ul>\n<li>Fabricado con poli\u00e9ster<br \/>\n(95%) y tejido Oxford (5%)<\/li>\n<li>Dise\u00f1o moderno, robusto y elegante<br \/>\n, color gris<\/li>\n<li><b>Cama para perros, gatos<br \/>\ny otras mascotas  <\/b><\/li>\n<li><b>Forma redonda con borde elevado<br \/>\n<\/b>(aprox.: \u00d8 60 x 18 cm)<\/li>\n<li><b>Extra suave, esponjoso,<br \/>\nesponjoso, c\u00e1lido, ultraligero<\/b><\/li>\n<li><b>Extremadamente<br \/>\nc\u00f3modo, acogedor <\/b>y agradable al tacto<\/li>\n<li><b>Base antideslizante y resistente al agua<br \/>\n<\/b><\/li>\n<li><b>Relajante y calmante<br \/>\n, favorece el sue\u00f1o y el descanso<\/b><\/li>\n<li><b>Uso recomendado para mascotas medianas<\/b><\/li>\n<li>F\u00e1cil de limpiar a mano<br \/>\nlavado<\/li>\n<li><b>Envasado al vac\u00edo, <\/b>f\u00e1cil de transportar y almacenar<\/li>\n<\/ul>\n<p>Esta <b>cama circular<br \/>\ncon borde elevado <\/b>crea una sensaci\u00f3n de seguridad y protecci\u00f3n en el animal<br \/>\n, proporcionando apoyo para la cabeza y el cuello como una almohada. Adem\u00e1s,<br \/>\nsu generoso relleno interior y su superficie ultrasuave con costuras ocultas hacen de esta<br \/>\nla cama con la que sue\u00f1a toda mascota. <\/p>\n<p>Esta <b>cama antiestr\u00e9s para mascotas<br \/>\n<\/b>est\u00e1 envasada al vac\u00edo dentro de la caja. Cuando abra la caja y la saque<br \/>\ndel embalaje, deber\u00e1 extenderla, sacudirla y esperar unas 4<br \/>\nhoras para que adquiera su forma \u00f3ptima y normal. Recomendamos colocar un juguete<br \/>\nsobre la cama para que las mascotas no muerdan los bordes y para evitar da\u00f1os y<br \/>\ndeterioro.  <\/p>\n<\/p>\n<ul>\n<li>Material:\n<ul>\n<li>Poli\u00e9ster<\/li>\n<li>Tejido Oxford<\/li>\n<\/ul>\n<\/li>\n<li>Color: Gris<\/li>\n<li>Tipo: Cama para mascotas<\/li>\n<li>Forma: Circular<\/li>\n<li>Dise\u00f1o moderno y elegante: Innovador y funcional<\/li>\n<li>Pr\u00e1ctico y c\u00f3modo: Tacto suave y agradable<\/li>\n<li>Base antideslizante: Superficie impermeable<\/li>\n<li>Ultraligero: F\u00e1cil de transportar y almacenar<\/li>\n<li>F\u00e1cil de limpiar: Lavar a mano<\/li>\n<li>Adecuado para perros y otras mascotas: Mascotas peque\u00f1as y medianas<\/li>\n<li>Caracter\u00edsticas: Favorece el sue\u00f1o y el descanso<\/li>\n<li>Efectos beneficiosos: Propiedades relajantes y calmantes<\/li>\n<li>Di\u00e1metro aprox: \u00d8 60 cm <\/li>\n<li>Altura aproximada: 18 cm <\/li>\n<li>Envasado: Envasado al vac\u00edo<\/li>\n<li>Embalaje en 24 idiomas: Ingl\u00e9s, franc\u00e9s, espa\u00f1ol, alem\u00e1n, italiano, portugu\u00e9s, neerland\u00e9s, polaco, h\u00fangaro, rumano, dan\u00e9s, sueco, fin\u00e9s, lituano, noruego, esloveno, griego, checo, b\u00falgaro, croata, eslovaco, estonio, ruso y let\u00f3n.<\/li>\n<\/ul>\n<p>Embalaje en 24 idiomas: Ingl\u00e9s, franc\u00e9s, espa\u00f1ol, alem\u00e1n, italiano, portugu\u00e9s, neerland\u00e9s, polaco, h\u00fangaro, rumano, dan\u00e9s, sueco, fin\u00e9s, lituano, noruego, esloveno, griego, checo, b\u00falgaro, croata, eslovaco, estonio, ruso y let\u00f3n.<\/p><\/div>\n<div class=\"col-md-6\">\n<div class=\"embed-responsive embed-responsive-16by9\"><iframe class=\"embed-responsive-item\" src=\"https:\/\/www.youtube.com\/embed\/cxD11zegWxQ\" frameborder=\"0\" allowfullscreen=\"\"><\/iframe><\/div>\n<\/div>\n","protected":false},"excerpt":{"rendered":"<p>\u00a1Si te apasiona el mundo de los gadgets, InnovaGoods te ofrece las mejores y m\u00e1s originales novedades para el hogar, el coche, los viajes, los ni\u00f1os, la tecnolog\u00eda, el entretenimiento, etc.! Descubre una amplia gama de productos de alta calidad que destacan por su funcionalidad, eficacia y dise\u00f1o innovador, \u00a1como la Cama Antiestr\u00e9s para Mascotas [&hellip;]<\/p>\n","protected":false},"featured_media":70053,"comment_status":"open","ping_status":"closed","template":"","meta":{"_acf_changed":false},"product_brand":[],"product_cat":[303,213,214],"product_tag":[288,458],"class_list":{"0":"post-69490","1":"product","2":"type-product","3":"status-publish","4":"has-post-thumbnail","6":"product_cat-camas-y-colchones","7":"product_cat-hogar-jardin","8":"product_cat-mascotas","9":"product_tag-mejores-ofertas","10":"product_tag-tag_587-es","12":"first","13":"instock","14":"shipping-taxable","15":"purchasable","16":"product-type-simple"},"acf":[],"aioseo_notices":[],"_links":{"self":[{"href":"https:\/\/comfycat.com\/es\/wp-json\/wp\/v2\/product\/69490","targetHints":{"allow":["GET"]}}],"collection":[{"href":"https:\/\/comfycat.com\/es\/wp-json\/wp\/v2\/product"}],"about":[{"href":"https:\/\/comfycat.com\/es\/wp-json\/wp\/v2\/types\/product"}],"replies":[{"embeddable":true,"href":"https:\/\/comfycat.com\/es\/wp-json\/wp\/v2\/comments?post=69490"}],"wp:featuredmedia":[{"embeddable":true,"href":"https:\/\/comfycat.com\/es\/wp-json\/wp\/v2\/media\/70053"}],"wp:attachment":[{"href":"https:\/\/comfycat.com\/es\/wp-json\/wp\/v2\/media?parent=69490"}],"wp:term":[{"taxonomy":"product_brand","embeddable":true,"href":"https:\/\/comfycat.com\/es\/wp-json\/wp\/v2\/product_brand?post=69490"},{"taxonomy":"product_cat","embeddable":true,"href":"https:\/\/comfycat.com\/es\/wp-json\/wp\/v2\/product_cat?post=69490"},{"taxonomy":"product_tag","embeddable":true,"href":"https:\/\/comfycat.com\/es\/wp-json\/wp\/v2\/product_tag?post=69490"}],"curies":[{"name":"wp","href":"https:\/\/api.w.org\/{rel}","templated":true}]}}