{"id":69335,"date":"2025-07-01T15:08:00","date_gmt":"2025-07-01T15:08:00","guid":{"rendered":"https:\/\/comfycat.com\/product\/automatic-cat-water-fountain\/"},"modified":"2026-04-17T10:05:24","modified_gmt":"2026-04-17T10:05:24","slug":"automatic-cat-water-fountain","status":"publish","type":"product","link":"https:\/\/comfycat.com\/es\/producto\/automatic-cat-water-fountain\/","title":{"rendered":"Fuente de agua para mascotas Drinkatt InnovaGoods"},"content":{"rendered":"<div class=\"col-md-6\">\u00a1Si te apasiona el mundo de los gadgets, <b>InnovaGoods<\/b> te ofrece las mejores y m\u00e1s originales novedades para el hogar, el coche, los viajes, los ni\u00f1os, la tecnolog\u00eda, el entretenimiento, etc.! \u00a1Descubre una amplia gama de productos de alta calidad que destacan por su funcionalidad, eficacia y dise\u00f1o innovador, como la <b>Fuente de Agua para Mascotas Drinkatt InnovaGoods<\/b>!<\/p>\n<p>La <b>fuente de agua para mascotas Drinkatt<br \/>\nInnovaGoods<\/b> proporciona agua de mayor calidad, m\u00e1s fresca y limpia<br \/>\npara que los animales beban y sacien su sed con mayor comodidad y seguridad. Su bomba interna<br \/>\npermite un flujo continuo de agua para que el agua est\u00e9 en<br \/>\nconstante movimiento. Tambi\u00e9n incluye varios filtros opcionales para una mayor<br \/>\npurificaci\u00f3n del agua si se desea.  <\/p>\n<p>Esta <b>fuente<br \/>\npara gatos y otras mascotas<\/b> tiene 3 modos de flujo de agua y es muy silenciosa, por lo que<br \/>\nlos animales pueden beber tranquilamente sin que les molesten ruidos que podr\u00edan asustarles<br \/>\n. Aunque es ideal para gatos, ya que prefieren beber del agua que fluye<br \/>\n(a diferencia del agua estancada), tambi\u00e9n es adecuada para perros, conejos, p\u00e1jaros<br \/>\ny otras mascotas. <\/p>\n<\/p>\n<ul>\n<li><b>Bebedero para mascotas<\/b><\/li>\n<li>Visor frontal de nivel de agua\n<\/li>\n<li><b>Bomba con cable de conexi\u00f3n USB<\/b><\/li>\n<li>Bajo consumo<br \/>\n(1 W), ahorro de energ\u00eda<\/li>\n<li><b>Sistema de flujo de agua continuo<\/b><\/li>\n<li><b>Agua en movimiento m\u00e1s fresca y limpia<\/b><\/li>\n<li>Amplia zona para beber<br \/>\n, acceso 360<\/li>\n<li><b>2 filtros para la bomba (1 + 1 de repuesto)<\/b><\/li>\n<li><b>3 filtros de salida de agua (1 + 2 recambios)<\/b><\/li>\n<li>M\u00e1xima depuraci\u00f3n<br \/>\n: filtrado de impurezas<\/li>\n<li><b>Ayuda a mejorar la calidad del agua<\/b><\/li>\n<li><b>3 tipos de flujo: cascada, manantial, fuente<br \/>\n<\/b><\/li>\n<li><b>Silencioso, sin ruidos para que su mascota pueda beber tranquilamente<\/b><\/li>\n<li>Gran capacidad:<br \/>\n3 L, caudal de agua: hasta 100 L\/h<\/li>\n<li>Dise\u00f1o moderno,<br \/>\noriginal, port\u00e1til, f\u00e1cil de usar<\/li>\n<li>Confort total<br \/>\ny seguridad: desconexi\u00f3n autom\u00e1tica<\/li>\n<li><b>Ideal para gatos, perros y otras mascotas<\/b><\/li>\n<li>Instrucciones de montaje<br \/>\n, f\u00e1cil instalaci\u00f3n y limpieza<\/li>\n<\/ul>\n<p>Un <b>bebedero autom\u00e1tico<br \/>\npara mascotas<\/b> que consta de varios componentes que se montan f\u00e1cilmente<br \/>\nsiguiendo las instrucciones incluidas. Incluye cinta adhesiva<br \/>\npara mantener unidos la tapa y el recipiente durante el transporte. Los 2 filtros de esponja<br \/>\nde la bomba son lavables y reutilizables. Los 3 filtros para la salida de agua<br \/>\ntienen una vida \u00fatil aproximada de 3-4 meses cada uno. Tambi\u00e9n se puede utilizar sin filtros<br \/>\n.    <\/p>\n<p>Esta <b>fuente dispensadora de agua<br \/>\npara animales<\/b> funciona mediante conexi\u00f3n USB. La forma en que fluye el agua<br \/>\nse puede cambiar quitando el tap\u00f3n del surtidor o quitando el surtidor<br \/>\ncompletamente. El visor frontal permite ver la cantidad de agua<br \/>\nrestante en cada momento, para poder rellenar la fuente cuando sea necesario.<br \/>\nSi el agua alcanza un nivel m\u00ednimo, la fuente se detiene autom\u00e1ticamente hasta que se vuelva a rellenar<br \/>\n. Para una higiene \u00f3ptima, se recomienda limpiar la fuente<br \/>\ny cambiar el agua al menos una vez a la semana.   <\/p>\n<\/p>\n<ul>\n<li>Material: polipropileno<\/li>\n<li>Color:\n<ul>\n<li>Blanco<\/li>\n<li>Gris<\/li>\n<\/ul>\n<\/li>\n<li>Dise\u00f1o original y port\u00e1til: Innovador y funcional<\/li>\n<li>Tipo: Dispensador de agua\/Fuente de agua<\/li>\n<li>Capacidad: 3 L<\/li>\n<li>3 ajustes: 3 tipos de caudal de agua<\/li>\n<li>Caudal de agua: 100 L\/h<\/li>\n<li>Caracter\u00edsticas: Silencioso<\/li>\n<li>Apagado autom\u00e1tico: S\u00ed<\/li>\n<li>Propiedades: Mejora la calidad del agua<\/li>\n<li>Incluye: Juego de filtros<\/li>\n<li>Agua purificada: Filtra las impurezas del agua<\/li>\n<li>Indicador del nivel de agua: Visualizaci\u00f3n f\u00e1cil y r\u00e1pida del contenido<\/li>\n<li>uso principal: Gatos<\/li>\n<li>uso secundario: Adecuado para perros y otras mascotas<\/li>\n<li>F\u00e1cil de usar: C\u00f3modo y f\u00e1cil de usar<\/li>\n<li>Ligero y manejable: F\u00e1cil de transportar y almacenar<\/li>\n<li>Desmontable: F\u00e1cil de limpiar<\/li>\n<li>F\u00e1cil de montar: Instrucciones de montaje<\/li>\n<li>Tipo de enchufe: USB<\/li>\n<li>Longitud del cable: 150 cm<\/li>\n<li>Bajo consumo: Ahorro de energ\u00eda<\/li>\n<li>Potencia: 1 W<\/li>\n<li>Entrada CC 5 V \/ 1 A<\/li>\n<li>Dimensiones aprox: 19 x 15 x 19 cm <\/li>\n<li>Embalaje y manual en 24 idiomas: Ingl\u00e9s, franc\u00e9s, espa\u00f1ol, alem\u00e1n, italiano, portugu\u00e9s, neerland\u00e9s, polaco, h\u00fangaro, rumano, dan\u00e9s, sueco, fin\u00e9s, lituano, noruego, esloveno, griego, checo, b\u00falgaro, croata, eslovaco, estonio, ruso y let\u00f3n.<\/li>\n<\/ul>\n<p>Embalaje y manual en 24 idiomas: Ingl\u00e9s, franc\u00e9s, espa\u00f1ol, alem\u00e1n, italiano, portugu\u00e9s, neerland\u00e9s, polaco, h\u00fangaro, rumano, dan\u00e9s, sueco, fin\u00e9s, lituano, noruego, esloveno, griego, checo, b\u00falgaro, croata, eslovaco, estonio, ruso y let\u00f3n.<\/p><\/div>\n<div class=\"col-md-6\">\n<div class=\"embed-responsive embed-responsive-16by9\"><iframe class=\"embed-responsive-item\" src=\"https:\/\/www.youtube.com\/embed\/_hsZHA1bx2o\" frameborder=\"0\" allowfullscreen=\"\"><\/iframe><\/div>\n<\/div>\n","protected":false},"excerpt":{"rendered":"<p><span class=\"unit-info\">8.3700 \u20ac \/ 1 l<\/span><\/p>\n","protected":false},"featured_media":58786,"comment_status":"open","ping_status":"closed","template":"","meta":{"_acf_changed":false},"product_brand":[],"product_cat":[256,213,214],"product_tag":[277,288],"class_list":{"0":"post-69335","1":"product","2":"type-product","3":"status-publish","4":"has-post-thumbnail","6":"product_cat-bebederos-y-comederos","7":"product_cat-hogar-jardin","8":"product_cat-mascotas","9":"product_tag-hardware-es","10":"product_tag-mejores-ofertas","12":"first","13":"outofstock","14":"sale","15":"shipping-taxable","16":"purchasable","17":"product-type-simple"},"acf":[],"aioseo_notices":[],"_links":{"self":[{"href":"https:\/\/comfycat.com\/es\/wp-json\/wp\/v2\/product\/69335","targetHints":{"allow":["GET"]}}],"collection":[{"href":"https:\/\/comfycat.com\/es\/wp-json\/wp\/v2\/product"}],"about":[{"href":"https:\/\/comfycat.com\/es\/wp-json\/wp\/v2\/types\/product"}],"replies":[{"embeddable":true,"href":"https:\/\/comfycat.com\/es\/wp-json\/wp\/v2\/comments?post=69335"}],"wp:featuredmedia":[{"embeddable":true,"href":"https:\/\/comfycat.com\/es\/wp-json\/wp\/v2\/media\/58786"}],"wp:attachment":[{"href":"https:\/\/comfycat.com\/es\/wp-json\/wp\/v2\/media?parent=69335"}],"wp:term":[{"taxonomy":"product_brand","embeddable":true,"href":"https:\/\/comfycat.com\/es\/wp-json\/wp\/v2\/product_brand?post=69335"},{"taxonomy":"product_cat","embeddable":true,"href":"https:\/\/comfycat.com\/es\/wp-json\/wp\/v2\/product_cat?post=69335"},{"taxonomy":"product_tag","embeddable":true,"href":"https:\/\/comfycat.com\/es\/wp-json\/wp\/v2\/product_tag?post=69335"}],"curies":[{"name":"wp","href":"https:\/\/api.w.org\/{rel}","templated":true}]}}