{"id":69331,"date":"2025-11-11T06:52:24","date_gmt":"2025-11-11T06:52:24","guid":{"rendered":"https:\/\/comfycat.com\/product\/smart-automatic-pet-feederback-up-1\/"},"modified":"2026-04-17T12:39:44","modified_gmt":"2026-04-17T12:39:44","slug":"smart-automatic-pet-feederback-up-1","status":"publish","type":"product","link":"https:\/\/comfycat.com\/es\/producto\/smart-automatic-pet-feederback-up-1\/","title":{"rendered":"Alimentador autom\u00e1tico MPETS"},"content":{"rendered":"<p>Si busca nuevos art\u00edculos de tendencia en el mercado, \u00a1le presentamos el <b>alimentador autom\u00e1tico MPETS<\/b>!<\/p>\n<ul>\n<li>Tipo: Alimentador autom\u00e1tico<\/li>\n<li>Capacidad: 3 L<\/li>\n<li>Color: Negro<\/li>\n<\/ul>\n","protected":false},"excerpt":{"rendered":"<p><strong>Pr\u00e1ctico comedero y bebedero con 3 L de capacidad, perfecto para mantener a su gato (o perro peque\u00f1o) abastecido cuando usted est\u00e1 ocupado o fuera durante el d\u00eda.<\/strong><br \/>\nEl comedero autom\u00e1tico MPETS utiliza un sencillo sistema de gravedad para mantener tanto la comida como el agua llenas, de modo que su mascota puede comer y beber a su propio ritmo sin necesidad de rellenos constantes.<\/p>\n","protected":false},"featured_media":69310,"comment_status":"open","ping_status":"closed","template":"","meta":{"_acf_changed":false},"product_brand":[],"product_cat":[256,213,214,153],"product_tag":[257],"class_list":{"0":"post-69331","1":"product","2":"type-product","3":"status-publish","4":"has-post-thumbnail","6":"product_cat-bebederos-y-comederos","7":"product_cat-hogar-jardin","8":"product_cat-mascotas","9":"product_cat-sin-categoria","10":"product_tag-envio-gratuito","12":"first","13":"outofstock","14":"sale","15":"shipping-taxable","16":"purchasable","17":"product-type-simple"},"acf":[],"aioseo_notices":[],"_links":{"self":[{"href":"https:\/\/comfycat.com\/es\/wp-json\/wp\/v2\/product\/69331","targetHints":{"allow":["GET"]}}],"collection":[{"href":"https:\/\/comfycat.com\/es\/wp-json\/wp\/v2\/product"}],"about":[{"href":"https:\/\/comfycat.com\/es\/wp-json\/wp\/v2\/types\/product"}],"replies":[{"embeddable":true,"href":"https:\/\/comfycat.com\/es\/wp-json\/wp\/v2\/comments?post=69331"}],"wp:featuredmedia":[{"embeddable":true,"href":"https:\/\/comfycat.com\/es\/wp-json\/wp\/v2\/media\/69310"}],"wp:attachment":[{"href":"https:\/\/comfycat.com\/es\/wp-json\/wp\/v2\/media?parent=69331"}],"wp:term":[{"taxonomy":"product_brand","embeddable":true,"href":"https:\/\/comfycat.com\/es\/wp-json\/wp\/v2\/product_brand?post=69331"},{"taxonomy":"product_cat","embeddable":true,"href":"https:\/\/comfycat.com\/es\/wp-json\/wp\/v2\/product_cat?post=69331"},{"taxonomy":"product_tag","embeddable":true,"href":"https:\/\/comfycat.com\/es\/wp-json\/wp\/v2\/product_tag?post=69331"}],"curies":[{"name":"wp","href":"https:\/\/api.w.org\/{rel}","templated":true}]}}