{"id":65075,"date":"2025-11-17T08:08:16","date_gmt":"2025-11-17T08:08:16","guid":{"rendered":"https:\/\/comfycat.com\/product\/cat-litter-tray-mat-trixie-anthracite-pvc-37-x-45-cm\/"},"modified":"2026-04-17T13:08:16","modified_gmt":"2026-04-17T13:08:16","slug":"cat-litter-tray-mat-trixie-anthracite-pvc-37-x-45-cm","status":"publish","type":"product","link":"https:\/\/comfycat.com\/es\/producto\/cat-litter-tray-mat-trixie-anthracite-pvc-37-x-45-cm\/","title":{"rendered":"Bandeja sanitaria para gatos Trixie Antracita PVC 37 \u00d7 45 cm"},"content":{"rendered":"<p>Si est\u00e1 buscando nuevos art\u00edculos de tendencia en el mercado, \u00a1le presentamos la <b>Bandeja sanitaria para gatos Trixie Antracita PVC 37 \u00d7 45 cm<\/b>!<\/p>\n<p>La alfombrilla <b>sanitaria para gatos<\/b> de la marca <b>Trixie<\/b> es un accesorio pr\u00e1ctico y funcional dise\u00f1ado espec\u00edficamente para mejorar la higiene y la comodidad en el entorno del gato. Fabricada en <b>PVC duradero y f\u00e1cil de limpiar<\/b>, esta alfombrilla antideslizante de <b>color negro antracita<\/b> mide aproximadamente <b>37 \u00d7 45 cm<\/b>, dimensiones que la hacen compatible con la mayor\u00eda de bandejas sanitarias para gatos del mercado. Su funci\u00f3n principal es <b>atrapar y eliminar los restos de arena pegados a las patas del gato<\/b> al salir de la caja de arena, evitando que el sustrato se extienda fuera de la zona de la caja y ayudando a mantener limpio el espacio. Est\u00e1 especialmente recomendado para gatos sensibles, ya que ayuda a minimizar las molestias y facilita su adaptaci\u00f3n a la caja de arena. Adem\u00e1s, funciona eficazmente tanto con arenas convencionales como con arenas ultrafinas o &#8220;Ultra&#8221;, asegurando versatilidad y adaptabilidad seg\u00fan las preferencias del gato y el tipo de arena utilizada. Su superficie antideslizante asegura que la alfombrilla permanezca firmemente en su sitio, evitando desplazamientos que podr\u00edan molestar al gato o reducir su eficacia. En conjunto, esta alfombrilla combina funcionalidad y comodidad para el cuidado del gato, sirviendo como un accesorio simple pero esencial que promueve la limpieza y la higiene en el \u00e1rea donde el gato hace sus necesidades.      <\/p>\n<ul>\n<li>Tipo: Alfombrilla antideslizante<\/li>\n<li>Mascota: Gato<\/li>\n<li>Caracter\u00edsticas:\n<ul>\n<li>Higi\u00e9nico<\/li>\n<li>Base antideslizante<\/li>\n<\/ul>\n<\/li>\n<li>Color:\n<ul>\n<li>Antracita<\/li>\n<li>Negro<\/li>\n<\/ul>\n<\/li>\n<li>Material: PVC<\/li>\n<li>Dimensiones aprox: 37 \u00d7 45 cm <\/li>\n<li>Forma: Rectangular<\/li>\n<li>Idioma: Alem\u00e1n, Ingl\u00e9s, Franc\u00e9s<\/li>\n<li>Profundidad: 45 cm<\/li>\n<\/ul>\n","protected":false},"excerpt":{"rendered":"<p>Si est\u00e1 buscando nuevos art\u00edculos de tendencia en el mercado, \u00a1le presentamos la Bandeja sanitaria para gatos Trixie Antracita PVC 37 \u00d7 45 cm! La alfombrilla sanitaria para gatos de la marca Trixie es un accesorio pr\u00e1ctico y funcional dise\u00f1ado espec\u00edficamente para mejorar la higiene y la comodidad en el entorno del gato. Fabricada en [&hellip;]<\/p>\n","protected":false},"featured_media":76977,"comment_status":"open","ping_status":"closed","template":"","meta":{"_acf_changed":false},"product_brand":[],"product_cat":[215,213,214],"product_tag":[],"class_list":{"0":"post-65075","1":"product","2":"type-product","3":"status-publish","4":"has-post-thumbnail","6":"product_cat-bienestar-e-higiene","7":"product_cat-hogar-jardin","8":"product_cat-mascotas","10":"first","11":"outofstock","12":"shipping-taxable","13":"purchasable","14":"product-type-simple"},"acf":[],"aioseo_notices":[],"_links":{"self":[{"href":"https:\/\/comfycat.com\/es\/wp-json\/wp\/v2\/product\/65075","targetHints":{"allow":["GET"]}}],"collection":[{"href":"https:\/\/comfycat.com\/es\/wp-json\/wp\/v2\/product"}],"about":[{"href":"https:\/\/comfycat.com\/es\/wp-json\/wp\/v2\/types\/product"}],"replies":[{"embeddable":true,"href":"https:\/\/comfycat.com\/es\/wp-json\/wp\/v2\/comments?post=65075"}],"wp:featuredmedia":[{"embeddable":true,"href":"https:\/\/comfycat.com\/es\/wp-json\/wp\/v2\/media\/76977"}],"wp:attachment":[{"href":"https:\/\/comfycat.com\/es\/wp-json\/wp\/v2\/media?parent=65075"}],"wp:term":[{"taxonomy":"product_brand","embeddable":true,"href":"https:\/\/comfycat.com\/es\/wp-json\/wp\/v2\/product_brand?post=65075"},{"taxonomy":"product_cat","embeddable":true,"href":"https:\/\/comfycat.com\/es\/wp-json\/wp\/v2\/product_cat?post=65075"},{"taxonomy":"product_tag","embeddable":true,"href":"https:\/\/comfycat.com\/es\/wp-json\/wp\/v2\/product_tag?post=65075"}],"curies":[{"name":"wp","href":"https:\/\/api.w.org\/{rel}","templated":true}]}}