{"id":64470,"date":"2025-11-11T10:44:22","date_gmt":"2025-11-11T10:44:22","guid":{"rendered":"https:\/\/comfycat.com\/product\/brush-andis-plastic-blades-51-x-37-x-33-cm-back-up-1\/"},"modified":"2026-04-09T08:48:41","modified_gmt":"2026-04-09T08:48:41","slug":"brush-andis-plastic-blades-51-x-37-x-33-cm-back-up-1","status":"publish","type":"product","link":"https:\/\/comfycat.com\/es\/producto\/brush-andis-plastic-blades-51-x-37-x-33-cm-back-up-1\/","title":{"rendered":"Cepillo para gatos Trixie"},"content":{"rendered":"<p>Si busca art\u00edculos de tendencia en el mercado, le presentamos el <b>cepillo para gatos Trixie<\/b>.<\/p>\n<ul>\n<li>Modelo: Gato<\/li>\n<li>Caracter\u00edsticas: Suave<\/li>\n<li>Dimensiones aprox.: 7 \u00d7 16 cm <\/li>\n<\/ul>\n","protected":false},"excerpt":{"rendered":"<p>Si busca art\u00edculos de tendencia en el mercado, le presentamos el cepillo para gatos Trixie. Modelo: Gato Caracter\u00edsticas: Suave Dimensiones aprox.: 7 \u00d7 16 cm<\/p>\n","protected":false},"featured_media":76939,"comment_status":"open","ping_status":"closed","template":"","meta":{"_acf_changed":false},"product_brand":[],"product_cat":[215,213,214],"product_tag":[],"class_list":{"0":"post-64470","1":"product","2":"type-product","3":"status-publish","4":"has-post-thumbnail","6":"product_cat-bienestar-e-higiene","7":"product_cat-hogar-jardin","8":"product_cat-mascotas","10":"first","11":"outofstock","12":"shipping-taxable","13":"purchasable","14":"product-type-simple"},"acf":[],"aioseo_notices":[],"_links":{"self":[{"href":"https:\/\/comfycat.com\/es\/wp-json\/wp\/v2\/product\/64470","targetHints":{"allow":["GET"]}}],"collection":[{"href":"https:\/\/comfycat.com\/es\/wp-json\/wp\/v2\/product"}],"about":[{"href":"https:\/\/comfycat.com\/es\/wp-json\/wp\/v2\/types\/product"}],"replies":[{"embeddable":true,"href":"https:\/\/comfycat.com\/es\/wp-json\/wp\/v2\/comments?post=64470"}],"wp:featuredmedia":[{"embeddable":true,"href":"https:\/\/comfycat.com\/es\/wp-json\/wp\/v2\/media\/76939"}],"wp:attachment":[{"href":"https:\/\/comfycat.com\/es\/wp-json\/wp\/v2\/media?parent=64470"}],"wp:term":[{"taxonomy":"product_brand","embeddable":true,"href":"https:\/\/comfycat.com\/es\/wp-json\/wp\/v2\/product_brand?post=64470"},{"taxonomy":"product_cat","embeddable":true,"href":"https:\/\/comfycat.com\/es\/wp-json\/wp\/v2\/product_cat?post=64470"},{"taxonomy":"product_tag","embeddable":true,"href":"https:\/\/comfycat.com\/es\/wp-json\/wp\/v2\/product_tag?post=64470"}],"curies":[{"name":"wp","href":"https:\/\/api.w.org\/{rel}","templated":true}]}}