{"id":64073,"date":"2025-11-11T08:59:00","date_gmt":"2025-11-11T08:59:00","guid":{"rendered":"https:\/\/comfycat.com\/product\/collapsible-pet-tunnel-funnylback-up-1\/"},"modified":"2026-04-09T08:41:20","modified_gmt":"2026-04-09T08:41:20","slug":"collapsible-pet-tunnel-funnylback-up-1","status":"publish","type":"product","link":"https:\/\/comfycat.com\/es\/producto\/collapsible-pet-tunnel-funnylback-up-1\/","title":{"rendered":"T\u00fanel plegable para mascotas Trixie Verde Gris \u00d8 15 \u00d7 35 CM"},"content":{"rendered":"<p>Si est\u00e1 buscando nuevos art\u00edculos de tendencia en el mercado, \u00a1le presentamos el <b>t\u00fanel plegable para mascotas Trixie Verde Gris \u00d8 15 \u00d7 35 CM<\/b>!<\/p>\n<ul>\n<li>Color:\n<ul>\n<li>Verde<\/li>\n<li>Gris<\/li>\n<\/ul>\n<\/li>\n<li>Dimensiones aprox: \u00d8 15 \u00d7 35 CM <\/li>\n<li>Mascota: cobaya<\/li>\n<li>Material: Poli\u00e9ster<\/li>\n<\/ul>\n","protected":false},"excerpt":{"rendered":"<p>Si est\u00e1 buscando nuevos art\u00edculos de tendencia en el mercado, \u00a1le presentamos el t\u00fanel plegable para mascotas Trixie Verde Gris \u00d8 15 \u00d7 35 CM! Color: Verde Gris Dimensiones aprox: \u00d8 15 \u00d7 35 CM Mascota: cobaya Material: Poli\u00e9ster<\/p>\n","protected":false},"featured_media":77008,"comment_status":"open","ping_status":"closed","template":"","meta":{"_acf_changed":false},"product_brand":[],"product_cat":[213,290,214],"product_tag":[],"class_list":{"0":"post-64073","1":"product","2":"type-product","3":"status-publish","4":"has-post-thumbnail","6":"product_cat-hogar-jardin","7":"product_cat-juguetes","8":"product_cat-mascotas","10":"first","11":"instock","12":"shipping-taxable","13":"purchasable","14":"product-type-simple"},"acf":[],"aioseo_notices":[],"_links":{"self":[{"href":"https:\/\/comfycat.com\/es\/wp-json\/wp\/v2\/product\/64073","targetHints":{"allow":["GET"]}}],"collection":[{"href":"https:\/\/comfycat.com\/es\/wp-json\/wp\/v2\/product"}],"about":[{"href":"https:\/\/comfycat.com\/es\/wp-json\/wp\/v2\/types\/product"}],"replies":[{"embeddable":true,"href":"https:\/\/comfycat.com\/es\/wp-json\/wp\/v2\/comments?post=64073"}],"wp:featuredmedia":[{"embeddable":true,"href":"https:\/\/comfycat.com\/es\/wp-json\/wp\/v2\/media\/77008"}],"wp:attachment":[{"href":"https:\/\/comfycat.com\/es\/wp-json\/wp\/v2\/media?parent=64073"}],"wp:term":[{"taxonomy":"product_brand","embeddable":true,"href":"https:\/\/comfycat.com\/es\/wp-json\/wp\/v2\/product_brand?post=64073"},{"taxonomy":"product_cat","embeddable":true,"href":"https:\/\/comfycat.com\/es\/wp-json\/wp\/v2\/product_cat?post=64073"},{"taxonomy":"product_tag","embeddable":true,"href":"https:\/\/comfycat.com\/es\/wp-json\/wp\/v2\/product_tag?post=64073"}],"curies":[{"name":"wp","href":"https:\/\/api.w.org\/{rel}","templated":true}]}}