{"id":64067,"date":"2025-11-05T09:52:26","date_gmt":"2025-11-05T09:52:26","guid":{"rendered":"https:\/\/comfycat.com\/product\/rechargeable-cat-water-fountain-with-sensor-refopet-innovagoods\/"},"modified":"2026-03-16T14:01:18","modified_gmt":"2026-03-16T14:01:18","slug":"rechargeable-cat-water-fountain-with-sensor-refopet-innovagoods","status":"publish","type":"product","link":"https:\/\/comfycat.com\/es\/producto\/rechargeable-cat-water-fountain-with-sensor-refopet-innovagoods\/","title":{"rendered":"Fuente de agua recargable para gatos con sensor Refopet InnovaGoods"},"content":{"rendered":"<div class=\"col-md-6\">\u00a1Si te apasiona el mundo de los gadgets, <b>InnovaGoods<\/b> te ofrece las mejores y m\u00e1s originales novedades para el hogar, el coche, los viajes, los ni\u00f1os, la tecnolog\u00eda, el entretenimiento, etc.! \u00a1Descubre una amplia gama de productos de alta calidad que destacan por su funcionalidad, eficacia y dise\u00f1o innovador, como la <b>Fuente de Agua Recargable para Gato con Sensor Refopet InnovaGoods<\/b>!<\/p>\n<p>Esta <b>fuente de agua recargable para gatos con sensor de movimiento<\/b> permite a las mascotas beber agua de mejor calidad, fresca y limpia c\u00f3modamente. Silenciosa, port\u00e1til, dep\u00f3sito de 3 L, f\u00e1cil de limpiar. Incluye 3 filtros y cable USB-C. Caudal: 12 L\/h.   <\/p>\n<p>Una moderna <b>fuente de agua para mascotas,<\/b> ideal para gatos, ya que prefieren beber agua en movimiento (no quieta), aunque tambi\u00e9n es adecuada para perros, conejos, p\u00e1jaros, etc.<\/p>\n<ul>\n<li><b>Fuente de agua para gatos y otras mascotas<\/b>: nuestra fuente de agua para mascotas es perfecta para que los animales sacien su sed con agua de la mejor calidad. Aunque es ideal para gatos, ya que prefieren beber agua en movimiento (no quieta), tambi\u00e9n es apta para perros, conejos, p\u00e1jaros, etc. <\/li>\n<li><b>Agua m\u00e1s fresca y limpia<\/b>: esta fuente de agua recargable para mascotas tiene una bomba interna (1W) que permite un flujo autom\u00e1tico de agua (12 L\/h). Al moverse regularmente, el agua es m\u00e1s fresca y limpia que en un bebedero tradicional. <\/li>\n<li><b>3 filtros y sensor de movimiento<\/b>: este bebedero autom\u00e1tico para gatos dispone de un sensor que lo activa cuando detecta movimiento (120\u00ba-1,5 m). Incluye 1 filtro (+ 2 recambios) para purificar el agua, eliminando impurezas. El filtro es lavable y reutilizable (duraci\u00f3n aproximada: 3-4 meses). Tambi\u00e9n se puede utilizar sin filtro.   <\/li>\n<li><b>Silenciosa, 3 L de capacidad<\/b>: Esta fuente de agua para gatos es silenciosa, por lo que las mascotas pueden beber de ella tranquilamente sin ruidos que las asusten. Su dep\u00f3sito transl\u00facido permite ver el nivel de agua para rellenarlo cuando sea necesario. Se recomienda lavar la fuente y cambiar el agua al menos una vez a la semana.  <\/li>\n<li><b>Recargable, port\u00e1til<\/b>: nuestra fuente dispensadora de agua para mascotas funciona con bater\u00eda (Li-Ion 2000 mAh \/ 7,4 W), por lo que se puede utilizar en cualquier lugar (1\u00aa carga: aprox. 6 horas). Incluye cable USB-C. Una carga completa puede durar hasta una semana. Tambi\u00e9n funciona con el cable USB conectado a la red el\u00e9ctrica.   <\/li>\n<\/ul>\n<ul>\n<li>Material:\n<ul>\n<li>ABS<\/li>\n<li>polipropileno<\/li>\n<\/ul>\n<\/li>\n<li>Color:\n<ul>\n<li>Blanco<\/li>\n<li>Gris<\/li>\n<\/ul>\n<\/li>\n<li>Tipo: Dispensador de agua\/Fuente de agua<\/li>\n<li>Capacidad: 3 L<\/li>\n<li>Dise\u00f1o moderno: Original y port\u00e1til<\/li>\n<li>Caracter\u00edsticas: Silencioso<\/li>\n<li>Sensor de movimiento: 120\u00ba &#8211; 1,5 m<\/li>\n<li>Contenedor de agua: Visualizaci\u00f3n f\u00e1cil y r\u00e1pida del contenido<\/li>\n<li>Incluye: Juego de filtros<\/li>\n<li>Filtra las impurezas del agua: Mejora la calidad del agua<\/li>\n<li>uso principal: Gatos<\/li>\n<li>uso secundario: Adecuado para perros y otras mascotas<\/li>\n<li>F\u00e1cil de limpiar: Lavable<\/li>\n<li>Potencia: 1 W<\/li>\n<li>Caudal de agua: 12 L\/h<\/li>\n<li>Recargable: Incluye cable USB-C<\/li>\n<li>Tipo de bater\u00eda: Li-Ion<\/li>\n<li>Capacidad de la bater\u00eda: 2000 mAh \/ 7,4 W<\/li>\n<li>Tiempo de carga aproximado: 6 horas <\/li>\n<li>Autonom\u00eda aprox: Hasta 7 d\u00edas <\/li>\n<li>Entrada CC 5 V \/ 1 A<\/li>\n<li>Dimensiones aprox: 20,7 x 17,5 x 17,7 cm <\/li>\n<\/ul>\n<p>Embalaje y manual en 24 idiomas: Ingl\u00e9s, franc\u00e9s, espa\u00f1ol, alem\u00e1n, italiano, portugu\u00e9s, neerland\u00e9s, polaco, h\u00fangaro, rumano, dan\u00e9s, sueco, fin\u00e9s, lituano, noruego, esloveno, griego, checo, b\u00falgaro, croata, eslovaco, estonio, ruso y let\u00f3n.<\/p><\/div>\n<div class=\"col-md-6\">\n<div class=\"embed-responsive embed-responsive-16by9\"><iframe class=\"embed-responsive-item lazyload\" data-src=\"https:\/\/www.youtube.com\/embed\/FENJFdXKRLE\" frameborder=\"0\" allowfullscreen=\"\" src=\"data:image\/svg+xml;base64,PHN2ZyB3aWR0aD0iMSIgaGVpZ2h0PSIxIiB4bWxucz0iaHR0cDovL3d3dy53My5vcmcvMjAwMC9zdmciPjwvc3ZnPg==\" data-load-mode=\"1\"><\/iframe><\/div>\n<\/div>\n","protected":false},"excerpt":{"rendered":"<p><span class=\"unit-info\">13.4133 \u20ac \/ 1 l<\/span><\/p>\n","protected":false},"featured_media":69412,"comment_status":"open","ping_status":"closed","template":"","meta":{"_acf_changed":false},"product_brand":[],"product_cat":[256,213,214],"product_tag":[277,288],"class_list":{"0":"post-64067","1":"product","2":"type-product","3":"status-publish","4":"has-post-thumbnail","6":"product_cat-bebederos-y-comederos","7":"product_cat-hogar-jardin","8":"product_cat-mascotas","9":"product_tag-hardware-es","10":"product_tag-mejores-ofertas","12":"first","13":"outofstock","14":"sale","15":"shipping-taxable","16":"purchasable","17":"product-type-simple"},"acf":[],"aioseo_notices":[],"_links":{"self":[{"href":"https:\/\/comfycat.com\/es\/wp-json\/wp\/v2\/product\/64067","targetHints":{"allow":["GET"]}}],"collection":[{"href":"https:\/\/comfycat.com\/es\/wp-json\/wp\/v2\/product"}],"about":[{"href":"https:\/\/comfycat.com\/es\/wp-json\/wp\/v2\/types\/product"}],"replies":[{"embeddable":true,"href":"https:\/\/comfycat.com\/es\/wp-json\/wp\/v2\/comments?post=64067"}],"wp:featuredmedia":[{"embeddable":true,"href":"https:\/\/comfycat.com\/es\/wp-json\/wp\/v2\/media\/69412"}],"wp:attachment":[{"href":"https:\/\/comfycat.com\/es\/wp-json\/wp\/v2\/media?parent=64067"}],"wp:term":[{"taxonomy":"product_brand","embeddable":true,"href":"https:\/\/comfycat.com\/es\/wp-json\/wp\/v2\/product_brand?post=64067"},{"taxonomy":"product_cat","embeddable":true,"href":"https:\/\/comfycat.com\/es\/wp-json\/wp\/v2\/product_cat?post=64067"},{"taxonomy":"product_tag","embeddable":true,"href":"https:\/\/comfycat.com\/es\/wp-json\/wp\/v2\/product_tag?post=64067"}],"curies":[{"name":"wp","href":"https:\/\/api.w.org\/{rel}","templated":true}]}}