{"id":60684,"date":"2025-12-30T14:13:29","date_gmt":"2025-12-30T14:13:29","guid":{"rendered":"https:\/\/comfycat.com\/product\/estacion-play-clean\/"},"modified":"2026-04-17T13:08:16","modified_gmt":"2026-04-17T13:08:16","slug":"play-clean-station","status":"publish","type":"product","link":"https:\/\/comfycat.com\/es\/producto\/play-clean-station\/","title":{"rendered":"Estaci\u00f3n Play &amp; Clean"},"content":{"rendered":"<p>Diversi\u00f3n en el t\u00fanel + enfoque en los ara\u00f1azos + control de la camada.<\/p>\n<ul class=\"tick-list\">\n<li><strong>T\u00fanel plegable<\/strong> &#8211; escondite, persecuci\u00f3n, enriquecimiento.<\/li>\n<li><strong>Poste rascador<\/strong> &#8211; redirige las garras al lugar adecuado.<\/li>\n<li><strong>Alfombrilla para bandeja higi\u00e9nica<\/strong>: atrapa los gr\u00e1nulos antes de que lleguen al suelo.<\/li>\n<\/ul>\n","protected":false},"excerpt":{"rendered":"<p>Diversi\u00f3n en el t\u00fanel + enfoque en los ara\u00f1azos + control de la camada. T\u00fanel plegable &#8211; escondite, persecuci\u00f3n, enriquecimiento. Poste rascador &#8211; redirige las garras al lugar adecuado. Alfombrilla para bandeja higi\u00e9nica: atrapa los gr\u00e1nulos antes de que lleguen al suelo.<\/p>\n","protected":false},"featured_media":60679,"comment_status":"open","ping_status":"closed","template":"","meta":{"_acf_changed":false},"product_brand":[],"product_cat":[153],"product_tag":[419],"class_list":{"0":"post-60684","1":"product","2":"type-product","3":"status-publish","4":"has-post-thumbnail","6":"product_cat-sin-categoria","7":"product_tag-suelos-mas-limpios","9":"first","10":"outofstock","11":"shipping-taxable","12":"purchasable","13":"product-type-woosb"},"acf":[],"aioseo_notices":[],"_links":{"self":[{"href":"https:\/\/comfycat.com\/es\/wp-json\/wp\/v2\/product\/60684","targetHints":{"allow":["GET"]}}],"collection":[{"href":"https:\/\/comfycat.com\/es\/wp-json\/wp\/v2\/product"}],"about":[{"href":"https:\/\/comfycat.com\/es\/wp-json\/wp\/v2\/types\/product"}],"replies":[{"embeddable":true,"href":"https:\/\/comfycat.com\/es\/wp-json\/wp\/v2\/comments?post=60684"}],"wp:featuredmedia":[{"embeddable":true,"href":"https:\/\/comfycat.com\/es\/wp-json\/wp\/v2\/media\/60679"}],"wp:attachment":[{"href":"https:\/\/comfycat.com\/es\/wp-json\/wp\/v2\/media?parent=60684"}],"wp:term":[{"taxonomy":"product_brand","embeddable":true,"href":"https:\/\/comfycat.com\/es\/wp-json\/wp\/v2\/product_brand?post=60684"},{"taxonomy":"product_cat","embeddable":true,"href":"https:\/\/comfycat.com\/es\/wp-json\/wp\/v2\/product_cat?post=60684"},{"taxonomy":"product_tag","embeddable":true,"href":"https:\/\/comfycat.com\/es\/wp-json\/wp\/v2\/product_tag?post=60684"}],"curies":[{"name":"wp","href":"https:\/\/api.w.org\/{rel}","templated":true}]}}