{"id":60672,"date":"2025-12-30T14:11:32","date_gmt":"2025-12-30T14:11:32","guid":{"rendered":"https:\/\/comfycat.com\/product\/camara-para-mascotas-camara-ip-de-interior-para-mascotas\/"},"modified":"2026-04-02T06:36:32","modified_gmt":"2026-04-02T06:36:32","slug":"camara-para-mascotas-camara-ip-de-interior-para-mascotas","status":"publish","type":"product","link":"https:\/\/comfycat.com\/es\/producto\/camara-para-mascotas-camara-ip-de-interior-para-mascotas\/","title":{"rendered":"C\u00e1mara para mascotas (C\u00e1mara IP de interior para mascotas)"},"content":{"rendered":"<p>V\u00eddeo HD + visi\u00f3n nocturna + audio bidireccional para una tranquilidad instant\u00e1nea.<\/p>\n<ul class=\"tick-list\">\n<li>Ventana <strong>HD en directo<\/strong> a la vida dom\u00e9stica .<\/li>\n<li>Puedes <strong>hablar con tu gato<\/strong> (y <strong>escucharle<\/strong> ).<\/li>\n<li>Tu voz <strong> alivia el estr\u00e9s de la separaci\u00f3n.<\/strong><\/li>\n<\/ul>\n","protected":false},"excerpt":{"rendered":"<p>V\u00eddeo HD + visi\u00f3n nocturna + audio bidireccional para una tranquilidad instant\u00e1nea. Ventana HD en directo a la vida dom\u00e9stica . Puedes hablar con tu gato (y escucharle ). Tu voz alivia el estr\u00e9s de la separaci\u00f3n.<\/p>\n","protected":false},"featured_media":60667,"comment_status":"open","ping_status":"closed","template":"","meta":{"_acf_changed":false},"product_brand":[],"product_cat":[153],"product_tag":[413],"class_list":{"0":"post-60672","1":"product","2":"type-product","3":"status-publish","4":"has-post-thumbnail","6":"product_cat-sin-categoria","7":"product_tag-tranquilidad","9":"first","10":"outofstock","11":"shipping-taxable","12":"purchasable","13":"product-type-woosb"},"acf":[],"aioseo_notices":[],"_links":{"self":[{"href":"https:\/\/comfycat.com\/es\/wp-json\/wp\/v2\/product\/60672","targetHints":{"allow":["GET"]}}],"collection":[{"href":"https:\/\/comfycat.com\/es\/wp-json\/wp\/v2\/product"}],"about":[{"href":"https:\/\/comfycat.com\/es\/wp-json\/wp\/v2\/types\/product"}],"replies":[{"embeddable":true,"href":"https:\/\/comfycat.com\/es\/wp-json\/wp\/v2\/comments?post=60672"}],"wp:featuredmedia":[{"embeddable":true,"href":"https:\/\/comfycat.com\/es\/wp-json\/wp\/v2\/media\/60667"}],"wp:attachment":[{"href":"https:\/\/comfycat.com\/es\/wp-json\/wp\/v2\/media?parent=60672"}],"wp:term":[{"taxonomy":"product_brand","embeddable":true,"href":"https:\/\/comfycat.com\/es\/wp-json\/wp\/v2\/product_brand?post=60672"},{"taxonomy":"product_cat","embeddable":true,"href":"https:\/\/comfycat.com\/es\/wp-json\/wp\/v2\/product_cat?post=60672"},{"taxonomy":"product_tag","embeddable":true,"href":"https:\/\/comfycat.com\/es\/wp-json\/wp\/v2\/product_tag?post=60672"}],"curies":[{"name":"wp","href":"https:\/\/api.w.org\/{rel}","templated":true}]}}